{"id":1083,"date":"2025-04-28T03:58:56","date_gmt":"2025-04-28T01:58:56","guid":{"rendered":"https:\/\/www.regionalis.shop\/blaugezeichnet\/product\/print-wien-a4\/"},"modified":"2025-04-28T03:58:56","modified_gmt":"2025-04-28T01:58:56","slug":"print-wien-a4","status":"publish","type":"product","link":"https:\/\/www.regionalis.shop\/blaugezeichnet\/shop\/print-wien-a4\/","title":{"rendered":"Print Wien A4"},"content":{"rendered":"<p>Wien als Typographie-Druck in frischem Hellblau, mit schwarzen Zeichnungen und wei\u00dfen Details. Bekannte Geb\u00e4ude wie Stephansdom oder der Hundertwasserturm gemischt mit typischen Wiener Gen\u00fcssen. <\/p>\n<p>Ein St\u00fcckerl Heimat f\u00fcr die eigenen vier W\u00e4nde oder als Gru\u00df f\u00fcr Freunde und Verwandte. <\/p>\n<p>Kunstdruck ohne Rahmen<\/p>\n<p>__Gr\u00f6\u00dfe\/Ma\u00dfe\/Gewicht__<br \/>\nDruck DIN A4* (20,30 x 28,50 cm !)<\/p>\n<p>__Verwendete Materialien__<br \/>\n300 g\/m\u00b2 Recycling-Karton, Klimaneutral produziert<\/p>\n","protected":false},"excerpt":{"rendered":"<p>Wien als Typographie-Druck in frischem Hellblau, mit schwarzen Zeichnungen und wei\u00dfen Details. Bekannte Geb\u00e4ude wie Stephansdom oder der Hundertwasserturm gemischt mit typischen Wiener Gen\u00fcssen. Ein St\u00fcckerl Heimat f\u00fcr die eigenen vier W\u00e4nde oder als Gru\u00df f\u00fcr Freunde und Verwandte. Kunstdruck ohne Rahmen __Gr\u00f6\u00dfe\/Ma\u00dfe\/Gewicht__ Druck DIN A4* (20,30 x 28,50 cm !) __Verwendete Materialien__ 300 g\/m\u00b2 &hellip; <a href=\"https:\/\/www.regionalis.shop\/blaugezeichnet\/shop\/print-wien-a4\/\">Continued<\/a><\/p>\n","protected":false},"featured_media":1084,"template":"","meta":{"_acf_changed":false},"product_brand":[],"product_cat":[147,54],"product_tag":[],"class_list":{"0":"post-1083","1":"product","2":"type-product","3":"status-publish","4":"has-post-thumbnail","6":"product_cat-illustrationen","7":"product_cat-kunst-fotografie","9":"first","10":"instock","11":"purchasable","12":"product-type-simple"},"acf":[],"_links":{"self":[{"href":"https:\/\/www.regionalis.shop\/blaugezeichnet\/wp-json\/wp\/v2\/product\/1083","targetHints":{"allow":["GET"]}}],"collection":[{"href":"https:\/\/www.regionalis.shop\/blaugezeichnet\/wp-json\/wp\/v2\/product"}],"about":[{"href":"https:\/\/www.regionalis.shop\/blaugezeichnet\/wp-json\/wp\/v2\/types\/product"}],"wp:featuredmedia":[{"embeddable":true,"href":"https:\/\/www.regionalis.shop\/blaugezeichnet\/wp-json\/wp\/v2\/media\/1084"}],"wp:attachment":[{"href":"https:\/\/www.regionalis.shop\/blaugezeichnet\/wp-json\/wp\/v2\/media?parent=1083"}],"wp:term":[{"taxonomy":"product_brand","embeddable":true,"href":"https:\/\/www.regionalis.shop\/blaugezeichnet\/wp-json\/wp\/v2\/product_brand?post=1083"},{"taxonomy":"product_cat","embeddable":true,"href":"https:\/\/www.regionalis.shop\/blaugezeichnet\/wp-json\/wp\/v2\/product_cat?post=1083"},{"taxonomy":"product_tag","embeddable":true,"href":"https:\/\/www.regionalis.shop\/blaugezeichnet\/wp-json\/wp\/v2\/product_tag?post=1083"}],"curies":[{"name":"wp","href":"https:\/\/api.w.org\/{rel}","templated":true}]}}