{"id":1089,"date":"2025-04-28T03:57:51","date_gmt":"2025-04-28T01:57:51","guid":{"rendered":"https:\/\/www.regionalis.shop\/blaugezeichnet\/product\/sticker-love-tape-3-stk\/"},"modified":"2025-04-28T03:57:51","modified_gmt":"2025-04-28T01:57:51","slug":"sticker-love-tape-3-stk","status":"publish","type":"product","link":"https:\/\/www.regionalis.shop\/blaugezeichnet\/shop\/sticker-love-tape-3-stk\/","title":{"rendered":"Sticker Love Tape 3 Stk."},"content":{"rendered":"<p>Ich kann mich noch daran erinnern, wie ich stundenlang vor dem Radio gesessen bin. Freudig und angespannt zugleich. Mit der Hoffnung genau im richtigen Moment auf REC zu dr\u00fccken und eines meiner Lieblingslieder vom Anfang bis zum Ende einzufangen. Es gab ein Tape f\u00fcr die Schmetterlinge im Bauch, eine Party-Kassette und nat\u00fcrlich auch etwas f\u00fcr den Herzschmerz. Was wohl daraus geworden ist?<\/p>\n<p>Das 3er Set &#8222;Love Tape&#8220;, als Hommage an meine Teenagerzeit.<\/p>\n<p>__Gr\u00f6\u00dfe\/Ma\u00dfe\/Gewicht__<br \/>\n75 mm x 72 mm<\/p>\n<p>__Verwendete Materialien__<br \/>\nWetterfestes Vinyl &#8211; auch f\u00fcr Outdoor geeignet<\/p>\n","protected":false},"excerpt":{"rendered":"<p>Ich kann mich noch daran erinnern, wie ich stundenlang vor dem Radio gesessen bin. Freudig und angespannt zugleich. Mit der Hoffnung genau im richtigen Moment auf REC zu dr\u00fccken und eines meiner Lieblingslieder vom Anfang bis zum Ende einzufangen. Es gab ein Tape f\u00fcr die Schmetterlinge im Bauch, eine Party-Kassette und nat\u00fcrlich auch etwas f\u00fcr &hellip; <a href=\"https:\/\/www.regionalis.shop\/blaugezeichnet\/shop\/sticker-love-tape-3-stk\/\">Continued<\/a><\/p>\n","protected":false},"featured_media":1090,"template":"","meta":{"_acf_changed":false},"product_brand":[],"product_cat":[162,83],"product_tag":[],"class_list":{"0":"post-1089","1":"product","2":"type-product","3":"status-publish","4":"has-post-thumbnail","6":"product_cat-null","7":"product_cat-sonstiges","9":"first","10":"instock","11":"purchasable","12":"product-type-simple"},"acf":[],"_links":{"self":[{"href":"https:\/\/www.regionalis.shop\/blaugezeichnet\/wp-json\/wp\/v2\/product\/1089","targetHints":{"allow":["GET"]}}],"collection":[{"href":"https:\/\/www.regionalis.shop\/blaugezeichnet\/wp-json\/wp\/v2\/product"}],"about":[{"href":"https:\/\/www.regionalis.shop\/blaugezeichnet\/wp-json\/wp\/v2\/types\/product"}],"wp:featuredmedia":[{"embeddable":true,"href":"https:\/\/www.regionalis.shop\/blaugezeichnet\/wp-json\/wp\/v2\/media\/1090"}],"wp:attachment":[{"href":"https:\/\/www.regionalis.shop\/blaugezeichnet\/wp-json\/wp\/v2\/media?parent=1089"}],"wp:term":[{"taxonomy":"product_brand","embeddable":true,"href":"https:\/\/www.regionalis.shop\/blaugezeichnet\/wp-json\/wp\/v2\/product_brand?post=1089"},{"taxonomy":"product_cat","embeddable":true,"href":"https:\/\/www.regionalis.shop\/blaugezeichnet\/wp-json\/wp\/v2\/product_cat?post=1089"},{"taxonomy":"product_tag","embeddable":true,"href":"https:\/\/www.regionalis.shop\/blaugezeichnet\/wp-json\/wp\/v2\/product_tag?post=1089"}],"curies":[{"name":"wp","href":"https:\/\/api.w.org\/{rel}","templated":true}]}}