{"id":1092,"date":"2025-04-28T03:57:51","date_gmt":"2025-04-28T01:57:51","guid":{"rendered":"https:\/\/www.regionalis.shop\/blaugezeichnet\/product\/sticker-bunte-mischung-3-stk\/"},"modified":"2025-04-28T03:57:51","modified_gmt":"2025-04-28T01:57:51","slug":"sticker-bunte-mischung-3-stk","status":"publish","type":"product","link":"https:\/\/www.regionalis.shop\/blaugezeichnet\/shop\/sticker-bunte-mischung-3-stk\/","title":{"rendered":"Sticker Bunte Mischung 3 Stk."},"content":{"rendered":"<p>Eine bunte Mischung aus allen Stickermotiven: Du bekommst Charlie, das Einhorn, volle UFO-Power und ein Love Tape f\u00fcr dich oder zum Weiterschenken. <\/p>\n<p>__Gr\u00f6\u00dfe\/Ma\u00dfe\/Gewicht__<br \/>\n60 mm x 75 mm (Einhorn)<br \/>\n75 mm x 72 mm (Love Tape)<br \/>\n73 mm x 75 mm (UFO)<\/p>\n<p>__Verwendete Materialien__<br \/>\nWetterfestes Vinyl &#8211; auch f\u00fcr Outdoor geeignet<\/p>\n","protected":false},"excerpt":{"rendered":"<p>Eine bunte Mischung aus allen Stickermotiven: Du bekommst Charlie, das Einhorn, volle UFO-Power und ein Love Tape f\u00fcr dich oder zum Weiterschenken. __Gr\u00f6\u00dfe\/Ma\u00dfe\/Gewicht__ 60 mm x 75 mm (Einhorn) 75 mm x 72 mm (Love Tape) 73 mm x 75 mm (UFO) __Verwendete Materialien__ Wetterfestes Vinyl &#8211; auch f\u00fcr Outdoor geeignet<\/p>\n","protected":false},"featured_media":1093,"template":"","meta":{"_acf_changed":false},"product_brand":[],"product_cat":[162,83],"product_tag":[],"class_list":{"0":"post-1092","1":"product","2":"type-product","3":"status-publish","4":"has-post-thumbnail","6":"product_cat-null","7":"product_cat-sonstiges","9":"first","10":"instock","11":"purchasable","12":"product-type-simple"},"acf":[],"_links":{"self":[{"href":"https:\/\/www.regionalis.shop\/blaugezeichnet\/wp-json\/wp\/v2\/product\/1092","targetHints":{"allow":["GET"]}}],"collection":[{"href":"https:\/\/www.regionalis.shop\/blaugezeichnet\/wp-json\/wp\/v2\/product"}],"about":[{"href":"https:\/\/www.regionalis.shop\/blaugezeichnet\/wp-json\/wp\/v2\/types\/product"}],"wp:featuredmedia":[{"embeddable":true,"href":"https:\/\/www.regionalis.shop\/blaugezeichnet\/wp-json\/wp\/v2\/media\/1093"}],"wp:attachment":[{"href":"https:\/\/www.regionalis.shop\/blaugezeichnet\/wp-json\/wp\/v2\/media?parent=1092"}],"wp:term":[{"taxonomy":"product_brand","embeddable":true,"href":"https:\/\/www.regionalis.shop\/blaugezeichnet\/wp-json\/wp\/v2\/product_brand?post=1092"},{"taxonomy":"product_cat","embeddable":true,"href":"https:\/\/www.regionalis.shop\/blaugezeichnet\/wp-json\/wp\/v2\/product_cat?post=1092"},{"taxonomy":"product_tag","embeddable":true,"href":"https:\/\/www.regionalis.shop\/blaugezeichnet\/wp-json\/wp\/v2\/product_tag?post=1092"}],"curies":[{"name":"wp","href":"https:\/\/api.w.org\/{rel}","templated":true}]}}