{"id":1100,"date":"2025-04-28T03:55:48","date_gmt":"2025-04-28T01:55:48","guid":{"rendered":"https:\/\/www.regionalis.shop\/blaugezeichnet\/product\/poster-einfahrt-freihalten-a3\/"},"modified":"2025-04-28T03:55:48","modified_gmt":"2025-04-28T01:55:48","slug":"poster-einfahrt-freihalten-a3","status":"publish","type":"product","link":"https:\/\/www.regionalis.shop\/blaugezeichnet\/shop\/poster-einfahrt-freihalten-a3\/","title":{"rendered":"Poster Einfahrt Freihalten! A3"},"content":{"rendered":"<p>Unsere Welt ist nicht nur schwarz-wei\u00df sondern bunt wie ein Regenbogen. Diese Illustration steht f\u00fcr Mut, Individualit\u00e4t und Spa\u00df am Leben. <\/p>\n<p>Digitale Illustration, Adobe Photoshop, Verkauf ohne Rahmen.<\/p>\n<p>Gr\u00f6\u00dfe\/Ma\u00dfe\/Gewicht__<br \/>\nDruck DIN A3 (29,7 x 42 cm)<\/p>\n<p>__Verwendete Materialien__<br \/>\n170 g\/m\u00b2 Bilderdruckpapier, Klimaneutral produziert<\/p>\n","protected":false},"excerpt":{"rendered":"<p>Unsere Welt ist nicht nur schwarz-wei\u00df sondern bunt wie ein Regenbogen. Diese Illustration steht f\u00fcr Mut, Individualit\u00e4t und Spa\u00df am Leben. Digitale Illustration, Adobe Photoshop, Verkauf ohne Rahmen. Gr\u00f6\u00dfe\/Ma\u00dfe\/Gewicht__ Druck DIN A3 (29,7 x 42 cm) __Verwendete Materialien__ 170 g\/m\u00b2 Bilderdruckpapier, Klimaneutral produziert<\/p>\n","protected":false},"featured_media":1101,"template":"","meta":{"_acf_changed":false},"product_brand":[],"product_cat":[147,54],"product_tag":[],"class_list":{"0":"post-1100","1":"product","2":"type-product","3":"status-publish","4":"has-post-thumbnail","6":"product_cat-illustrationen","7":"product_cat-kunst-fotografie","9":"first","10":"instock","11":"purchasable","12":"product-type-simple"},"acf":[],"_links":{"self":[{"href":"https:\/\/www.regionalis.shop\/blaugezeichnet\/wp-json\/wp\/v2\/product\/1100","targetHints":{"allow":["GET"]}}],"collection":[{"href":"https:\/\/www.regionalis.shop\/blaugezeichnet\/wp-json\/wp\/v2\/product"}],"about":[{"href":"https:\/\/www.regionalis.shop\/blaugezeichnet\/wp-json\/wp\/v2\/types\/product"}],"wp:featuredmedia":[{"embeddable":true,"href":"https:\/\/www.regionalis.shop\/blaugezeichnet\/wp-json\/wp\/v2\/media\/1101"}],"wp:attachment":[{"href":"https:\/\/www.regionalis.shop\/blaugezeichnet\/wp-json\/wp\/v2\/media?parent=1100"}],"wp:term":[{"taxonomy":"product_brand","embeddable":true,"href":"https:\/\/www.regionalis.shop\/blaugezeichnet\/wp-json\/wp\/v2\/product_brand?post=1100"},{"taxonomy":"product_cat","embeddable":true,"href":"https:\/\/www.regionalis.shop\/blaugezeichnet\/wp-json\/wp\/v2\/product_cat?post=1100"},{"taxonomy":"product_tag","embeddable":true,"href":"https:\/\/www.regionalis.shop\/blaugezeichnet\/wp-json\/wp\/v2\/product_tag?post=1100"}],"curies":[{"name":"wp","href":"https:\/\/api.w.org\/{rel}","templated":true}]}}