{"id":1104,"date":"2025-04-28T03:50:17","date_gmt":"2025-04-28T01:50:17","guid":{"rendered":"https:\/\/www.regionalis.shop\/blaugezeichnet\/product\/poster-mind-heart-a3\/"},"modified":"2025-04-28T03:50:17","modified_gmt":"2025-04-28T01:50:17","slug":"poster-mind-heart-a3","status":"publish","type":"product","link":"https:\/\/www.regionalis.shop\/blaugezeichnet\/shop\/poster-mind-heart-a3\/","title":{"rendered":"Poster Mind &#038; Heart A3"},"content":{"rendered":"<p>Der Alltag bringt uns oft aus der Balance. Wir wanken zwischen Kopf- und Bauchgef\u00fchl hin und her und k\u00f6nnen uns nicht entscheiden. <\/p>\n<p>Durchatmen, Ruhe tanken und dich von der Gelassenheit dieser Yogini anstecken lassen. <\/p>\n<p>Perfekt f\u00fcr&#8217;s eigene Yoga-Eck Zuhause!<\/p>\n<p>Digitalisierte Bunt- und Bleistift-Illustration (ohne Rahmen)<\/p>\n<p>__Gr\u00f6\u00dfe\/Ma\u00dfe\/Gewicht__<br \/>\nDruck DIN A3 (29,7 x 42 cm)<\/p>\n<p>__Verwendete Materialien__<br \/>\n300 g\/m\u00b2 Recycling-Karton, Klimaneutral produziert<\/p>\n","protected":false},"excerpt":{"rendered":"<p>Der Alltag bringt uns oft aus der Balance. Wir wanken zwischen Kopf- und Bauchgef\u00fchl hin und her und k\u00f6nnen uns nicht entscheiden. Durchatmen, Ruhe tanken und dich von der Gelassenheit dieser Yogini anstecken lassen. Perfekt f\u00fcr&#8217;s eigene Yoga-Eck Zuhause! Digitalisierte Bunt- und Bleistift-Illustration (ohne Rahmen) __Gr\u00f6\u00dfe\/Ma\u00dfe\/Gewicht__ Druck DIN A3 (29,7 x 42 cm) __Verwendete Materialien__ &hellip; <a href=\"https:\/\/www.regionalis.shop\/blaugezeichnet\/shop\/poster-mind-heart-a3\/\">Continued<\/a><\/p>\n","protected":false},"featured_media":1105,"template":"","meta":{"_acf_changed":false},"product_brand":[],"product_cat":[174,103],"product_tag":[],"class_list":{"0":"post-1104","1":"product","2":"type-product","3":"status-publish","4":"has-post-thumbnail","6":"product_cat-wohndekoration","7":"product_cat-wohnen-deko","9":"first","10":"instock","11":"purchasable","12":"product-type-simple"},"acf":[],"_links":{"self":[{"href":"https:\/\/www.regionalis.shop\/blaugezeichnet\/wp-json\/wp\/v2\/product\/1104","targetHints":{"allow":["GET"]}}],"collection":[{"href":"https:\/\/www.regionalis.shop\/blaugezeichnet\/wp-json\/wp\/v2\/product"}],"about":[{"href":"https:\/\/www.regionalis.shop\/blaugezeichnet\/wp-json\/wp\/v2\/types\/product"}],"wp:featuredmedia":[{"embeddable":true,"href":"https:\/\/www.regionalis.shop\/blaugezeichnet\/wp-json\/wp\/v2\/media\/1105"}],"wp:attachment":[{"href":"https:\/\/www.regionalis.shop\/blaugezeichnet\/wp-json\/wp\/v2\/media?parent=1104"}],"wp:term":[{"taxonomy":"product_brand","embeddable":true,"href":"https:\/\/www.regionalis.shop\/blaugezeichnet\/wp-json\/wp\/v2\/product_brand?post=1104"},{"taxonomy":"product_cat","embeddable":true,"href":"https:\/\/www.regionalis.shop\/blaugezeichnet\/wp-json\/wp\/v2\/product_cat?post=1104"},{"taxonomy":"product_tag","embeddable":true,"href":"https:\/\/www.regionalis.shop\/blaugezeichnet\/wp-json\/wp\/v2\/product_tag?post=1104"}],"curies":[{"name":"wp","href":"https:\/\/api.w.org\/{rel}","templated":true}]}}