{"id":1115,"date":"2025-04-28T03:48:47","date_gmt":"2025-04-28T01:48:47","guid":{"rendered":"https:\/\/www.regionalis.shop\/blaugezeichnet\/product\/print-kerze-a5\/"},"modified":"2025-04-28T03:48:47","modified_gmt":"2025-04-28T01:48:47","slug":"print-kerze-a5","status":"publish","type":"product","link":"https:\/\/www.regionalis.shop\/blaugezeichnet\/shop\/print-kerze-a5\/","title":{"rendered":"Print Kerze A5"},"content":{"rendered":"<p>Liebe auf den ersten Blick! Kein Wunder &#8211; der Typ ist ganz sch\u00f6n hei\u00df. Was glaubt ihr, wie wird es zwischen den beiden weiter gehen?<\/p>\n<p>Digitale Illustration im Aquarell-Stil. <\/p>\n<p>__Gr\u00f6\u00dfe\/Ma\u00dfe\/Gewicht__<br \/>\nDruck DIN A5<\/p>\n<p>__Verwendete Materialien__<br \/>\n300 g\/m3 hochwertiger Qualit\u00e4tsdruck auf umweltschonenden Recyclingkarton<\/p>\n","protected":false},"excerpt":{"rendered":"<p>Liebe auf den ersten Blick! Kein Wunder &#8211; der Typ ist ganz sch\u00f6n hei\u00df. Was glaubt ihr, wie wird es zwischen den beiden weiter gehen? Digitale Illustration im Aquarell-Stil. __Gr\u00f6\u00dfe\/Ma\u00dfe\/Gewicht__ Druck DIN A5 __Verwendete Materialien__ 300 g\/m3 hochwertiger Qualit\u00e4tsdruck auf umweltschonenden Recyclingkarton<\/p>\n","protected":false},"featured_media":1116,"template":"","meta":{"_acf_changed":false},"product_brand":[],"product_cat":[62,101],"product_tag":[],"class_list":{"0":"post-1115","1":"product","2":"type-product","3":"status-publish","4":"has-post-thumbnail","6":"product_cat-papeterie-schreibwaren","7":"product_cat-weihnachtskarten","9":"first","10":"instock","11":"purchasable","12":"product-type-simple"},"acf":[],"_links":{"self":[{"href":"https:\/\/www.regionalis.shop\/blaugezeichnet\/wp-json\/wp\/v2\/product\/1115","targetHints":{"allow":["GET"]}}],"collection":[{"href":"https:\/\/www.regionalis.shop\/blaugezeichnet\/wp-json\/wp\/v2\/product"}],"about":[{"href":"https:\/\/www.regionalis.shop\/blaugezeichnet\/wp-json\/wp\/v2\/types\/product"}],"wp:featuredmedia":[{"embeddable":true,"href":"https:\/\/www.regionalis.shop\/blaugezeichnet\/wp-json\/wp\/v2\/media\/1116"}],"wp:attachment":[{"href":"https:\/\/www.regionalis.shop\/blaugezeichnet\/wp-json\/wp\/v2\/media?parent=1115"}],"wp:term":[{"taxonomy":"product_brand","embeddable":true,"href":"https:\/\/www.regionalis.shop\/blaugezeichnet\/wp-json\/wp\/v2\/product_brand?post=1115"},{"taxonomy":"product_cat","embeddable":true,"href":"https:\/\/www.regionalis.shop\/blaugezeichnet\/wp-json\/wp\/v2\/product_cat?post=1115"},{"taxonomy":"product_tag","embeddable":true,"href":"https:\/\/www.regionalis.shop\/blaugezeichnet\/wp-json\/wp\/v2\/product_tag?post=1115"}],"curies":[{"name":"wp","href":"https:\/\/api.w.org\/{rel}","templated":true}]}}