{"id":1117,"date":"2025-04-28T03:47:54","date_gmt":"2025-04-28T01:47:54","guid":{"rendered":"https:\/\/www.regionalis.shop\/blaugezeichnet\/product\/print-kaffee-a5\/"},"modified":"2025-04-28T03:47:54","modified_gmt":"2025-04-28T01:47:54","slug":"print-kaffee-a5","status":"publish","type":"product","link":"https:\/\/www.regionalis.shop\/blaugezeichnet\/shop\/print-kaffee-a5\/","title":{"rendered":"Print Kaffee A5"},"content":{"rendered":"<p>Egal ob mit Milch und Zucker oder schwarz wie die Nacht, Kaffee ist aus unserem Leben nicht mehr wegzudenken. Diese kleine Tasse ist eine Hommage an gem\u00fctliche Stunden mit dem k\u00f6stlich duftenden Hei\u00dfgetr\u00e4nk.<\/p>\n<p>Digitale Illustration im Aquarell-Stil.<\/p>\n<p>__Gr\u00f6\u00dfe\/Ma\u00dfe\/Gewicht__<br \/>\nDIN A5<\/p>\n<p>__Verwendete Materialien__<br \/>\n300 g\/m3 hochwertiger Qualit\u00e4tsdruck auf umweltschonenden Recyclingkarton<\/p>\n","protected":false},"excerpt":{"rendered":"<p>Egal ob mit Milch und Zucker oder schwarz wie die Nacht, Kaffee ist aus unserem Leben nicht mehr wegzudenken. Diese kleine Tasse ist eine Hommage an gem\u00fctliche Stunden mit dem k\u00f6stlich duftenden Hei\u00dfgetr\u00e4nk. Digitale Illustration im Aquarell-Stil. __Gr\u00f6\u00dfe\/Ma\u00dfe\/Gewicht__ DIN A5 __Verwendete Materialien__ 300 g\/m3 hochwertiger Qualit\u00e4tsdruck auf umweltschonenden Recyclingkarton<\/p>\n","protected":false},"featured_media":1118,"template":"","meta":{"_acf_changed":false},"product_brand":[],"product_cat":[147,54],"product_tag":[],"class_list":{"0":"post-1117","1":"product","2":"type-product","3":"status-publish","4":"has-post-thumbnail","6":"product_cat-illustrationen","7":"product_cat-kunst-fotografie","9":"first","10":"instock","11":"purchasable","12":"product-type-simple"},"acf":[],"_links":{"self":[{"href":"https:\/\/www.regionalis.shop\/blaugezeichnet\/wp-json\/wp\/v2\/product\/1117","targetHints":{"allow":["GET"]}}],"collection":[{"href":"https:\/\/www.regionalis.shop\/blaugezeichnet\/wp-json\/wp\/v2\/product"}],"about":[{"href":"https:\/\/www.regionalis.shop\/blaugezeichnet\/wp-json\/wp\/v2\/types\/product"}],"wp:featuredmedia":[{"embeddable":true,"href":"https:\/\/www.regionalis.shop\/blaugezeichnet\/wp-json\/wp\/v2\/media\/1118"}],"wp:attachment":[{"href":"https:\/\/www.regionalis.shop\/blaugezeichnet\/wp-json\/wp\/v2\/media?parent=1117"}],"wp:term":[{"taxonomy":"product_brand","embeddable":true,"href":"https:\/\/www.regionalis.shop\/blaugezeichnet\/wp-json\/wp\/v2\/product_brand?post=1117"},{"taxonomy":"product_cat","embeddable":true,"href":"https:\/\/www.regionalis.shop\/blaugezeichnet\/wp-json\/wp\/v2\/product_cat?post=1117"},{"taxonomy":"product_tag","embeddable":true,"href":"https:\/\/www.regionalis.shop\/blaugezeichnet\/wp-json\/wp\/v2\/product_tag?post=1117"}],"curies":[{"name":"wp","href":"https:\/\/api.w.org\/{rel}","templated":true}]}}