{"id":1125,"date":"2025-04-18T07:56:53","date_gmt":"2025-04-18T05:56:53","guid":{"rendered":"https:\/\/www.regionalis.shop\/blaugezeichnet\/product\/cities-arent-loud-cars-are-sticker-1-stk\/"},"modified":"2025-04-18T07:56:53","modified_gmt":"2025-04-18T05:56:53","slug":"cities-arent-loud-cars-are-sticker-1-stk","status":"publish","type":"product","link":"https:\/\/www.regionalis.shop\/blaugezeichnet\/shop\/cities-arent-loud-cars-are-sticker-1-stk\/","title":{"rendered":"Cities aren&#8217;t loud. Cars are. Sticker 1 Stk."},"content":{"rendered":"<p>Was macht unsere St\u00e4dte eigentlich so laut? Sind das w\u00fctend klingelnde Bimfahrer:innen? Laut kreischende Babies in Kinderw\u00e4gen? Heranrasende Fahrradkuriere? <\/p>\n<p>Unser urbaner Lebensraum k\u00f6nnte so sch\u00f6n leise sein, w\u00e4re da nicht die L\u00e4rmverschmutzung der Autos. Ger\u00e4usche w\u00e4hrend der Rushhour k\u00f6nnen eine Lautst\u00e4rke von \u00fcber 120 dB erreichen &#8211; \u00e4hnlich wie bei einer Kettens\u00e4ge, Presslufthammer oder Gewitterdonner. Ein Grund mehr unsere Blechkiste gegen Fahrrad, \u00d6ffis oder festes Schuhwerk zu tauschen. \ud83d\ude09 Wer mehr zu dem Thema lesen m\u00f6chte, holt sich das Buch &#8222;Curbing Traffic&#8220; von Melissa &#038; Chris Bruntlett.<\/p>\n<p>__Gr\u00f6\u00dfe\/Ma\u00dfe\/Gewicht__<br \/>\n80 mm x 80 mm<\/p>\n<p>__Verwendete Materialien__<br \/>\nmattes Vinyl<\/p>\n<p>Wetterbest\u00e4ndig und robust &#8211; f\u00fcr die Montage auf Auto, Snowboard, Scooter und Co!<\/p>\n","protected":false},"excerpt":{"rendered":"<p>Was macht unsere St\u00e4dte eigentlich so laut? Sind das w\u00fctend klingelnde Bimfahrer:innen? Laut kreischende Babies in Kinderw\u00e4gen? Heranrasende Fahrradkuriere? Unser urbaner Lebensraum k\u00f6nnte so sch\u00f6n leise sein, w\u00e4re da nicht die L\u00e4rmverschmutzung der Autos. Ger\u00e4usche w\u00e4hrend der Rushhour k\u00f6nnen eine Lautst\u00e4rke von \u00fcber 120 dB erreichen &#8211; \u00e4hnlich wie bei einer Kettens\u00e4ge, Presslufthammer oder Gewitterdonner. &hellip; <a href=\"https:\/\/www.regionalis.shop\/blaugezeichnet\/shop\/cities-arent-loud-cars-are-sticker-1-stk\/\">Continued<\/a><\/p>\n","protected":false},"featured_media":1126,"template":"","meta":{"_acf_changed":false},"product_brand":[],"product_cat":[62,87],"product_tag":[],"class_list":{"0":"post-1125","1":"product","2":"type-product","3":"status-publish","4":"has-post-thumbnail","6":"product_cat-papeterie-schreibwaren","7":"product_cat-sonstiges-papeterie-schreibwaren","9":"first","10":"instock","11":"purchasable","12":"product-type-simple"},"acf":[],"_links":{"self":[{"href":"https:\/\/www.regionalis.shop\/blaugezeichnet\/wp-json\/wp\/v2\/product\/1125","targetHints":{"allow":["GET"]}}],"collection":[{"href":"https:\/\/www.regionalis.shop\/blaugezeichnet\/wp-json\/wp\/v2\/product"}],"about":[{"href":"https:\/\/www.regionalis.shop\/blaugezeichnet\/wp-json\/wp\/v2\/types\/product"}],"wp:featuredmedia":[{"embeddable":true,"href":"https:\/\/www.regionalis.shop\/blaugezeichnet\/wp-json\/wp\/v2\/media\/1126"}],"wp:attachment":[{"href":"https:\/\/www.regionalis.shop\/blaugezeichnet\/wp-json\/wp\/v2\/media?parent=1125"}],"wp:term":[{"taxonomy":"product_brand","embeddable":true,"href":"https:\/\/www.regionalis.shop\/blaugezeichnet\/wp-json\/wp\/v2\/product_brand?post=1125"},{"taxonomy":"product_cat","embeddable":true,"href":"https:\/\/www.regionalis.shop\/blaugezeichnet\/wp-json\/wp\/v2\/product_cat?post=1125"},{"taxonomy":"product_tag","embeddable":true,"href":"https:\/\/www.regionalis.shop\/blaugezeichnet\/wp-json\/wp\/v2\/product_tag?post=1125"}],"curies":[{"name":"wp","href":"https:\/\/api.w.org\/{rel}","templated":true}]}}