{"id":1132,"date":"2025-04-18T05:16:19","date_gmt":"2025-04-18T03:16:19","guid":{"rendered":"https:\/\/www.regionalis.shop\/blaugezeichnet\/product\/stickerset-oh-crap-5-stk\/"},"modified":"2025-04-18T05:16:19","modified_gmt":"2025-04-18T03:16:19","slug":"stickerset-oh-crap-5-stk","status":"publish","type":"product","link":"https:\/\/www.regionalis.shop\/blaugezeichnet\/shop\/stickerset-oh-crap-5-stk\/","title":{"rendered":"Stickerset &#8222;Oh Crap!&#8220; 5 Stk."},"content":{"rendered":"<p>Wenn einem mal wieder alles am A&#8230; ehem&#8230; Keks geht und man gerne seine Gef\u00fchle geb\u00fchrend \u00e4u\u00dfern m\u00f6chte: Das &#8222;Oh Crap!&#8220; Stickerset mit 5 emotional wertvollen Aufklebern. Nicht jugendfrei. Ehem.<\/p>\n<p>Wetterbest\u00e4ndig und robust &#8211; f\u00fcr die Montage auf Auto, Snowboard, Scooter und Co!<\/p>\n<p>__Gr\u00f6\u00dfe\/Ma\u00dfe\/Gewicht__<br \/>\nDick 74 mm x 76 mm<br \/>\nHundstr\u00fcmmerl Gro\u00df 62 mm x 75 mm<br \/>\nHundstr\u00fcmmerl Klein 91 mm x 25 mm<\/p>\n<p>__Verwendete Materialien__<br \/>\nWetterfestes Vinyl &#8211; auch f\u00fcr Outdoor geeignet<\/p>\n","protected":false},"excerpt":{"rendered":"<p>Wenn einem mal wieder alles am A&#8230; ehem&#8230; Keks geht und man gerne seine Gef\u00fchle geb\u00fchrend \u00e4u\u00dfern m\u00f6chte: Das &#8222;Oh Crap!&#8220; Stickerset mit 5 emotional wertvollen Aufklebern. Nicht jugendfrei. Ehem. Wetterbest\u00e4ndig und robust &#8211; f\u00fcr die Montage auf Auto, Snowboard, Scooter und Co! __Gr\u00f6\u00dfe\/Ma\u00dfe\/Gewicht__ Dick 74 mm x 76 mm Hundstr\u00fcmmerl Gro\u00df 62 mm x &hellip; <a href=\"https:\/\/www.regionalis.shop\/blaugezeichnet\/shop\/stickerset-oh-crap-5-stk\/\">Continued<\/a><\/p>\n","protected":false},"featured_media":1133,"template":"","meta":{"_acf_changed":false},"product_brand":[],"product_cat":[62,87],"product_tag":[],"class_list":{"0":"post-1132","1":"product","2":"type-product","3":"status-publish","4":"has-post-thumbnail","6":"product_cat-papeterie-schreibwaren","7":"product_cat-sonstiges-papeterie-schreibwaren","9":"first","10":"instock","11":"purchasable","12":"product-type-simple"},"acf":[],"_links":{"self":[{"href":"https:\/\/www.regionalis.shop\/blaugezeichnet\/wp-json\/wp\/v2\/product\/1132","targetHints":{"allow":["GET"]}}],"collection":[{"href":"https:\/\/www.regionalis.shop\/blaugezeichnet\/wp-json\/wp\/v2\/product"}],"about":[{"href":"https:\/\/www.regionalis.shop\/blaugezeichnet\/wp-json\/wp\/v2\/types\/product"}],"wp:featuredmedia":[{"embeddable":true,"href":"https:\/\/www.regionalis.shop\/blaugezeichnet\/wp-json\/wp\/v2\/media\/1133"}],"wp:attachment":[{"href":"https:\/\/www.regionalis.shop\/blaugezeichnet\/wp-json\/wp\/v2\/media?parent=1132"}],"wp:term":[{"taxonomy":"product_brand","embeddable":true,"href":"https:\/\/www.regionalis.shop\/blaugezeichnet\/wp-json\/wp\/v2\/product_brand?post=1132"},{"taxonomy":"product_cat","embeddable":true,"href":"https:\/\/www.regionalis.shop\/blaugezeichnet\/wp-json\/wp\/v2\/product_cat?post=1132"},{"taxonomy":"product_tag","embeddable":true,"href":"https:\/\/www.regionalis.shop\/blaugezeichnet\/wp-json\/wp\/v2\/product_tag?post=1132"}],"curies":[{"name":"wp","href":"https:\/\/api.w.org\/{rel}","templated":true}]}}