{"id":1135,"date":"2025-04-17T23:13:48","date_gmt":"2025-04-17T21:13:48","guid":{"rendered":"https:\/\/www.regionalis.shop\/blaugezeichnet\/product\/notizbuch-not-an-option\/"},"modified":"2025-04-17T23:13:48","modified_gmt":"2025-04-17T21:13:48","slug":"notizbuch-not-an-option","status":"publish","type":"product","link":"https:\/\/www.regionalis.shop\/blaugezeichnet\/shop\/notizbuch-not-an-option\/","title":{"rendered":"Notizbuch &#8222;Not an Option&#8220;"},"content":{"rendered":"<p>In diesem Notizbuch habt ihr genug Platz f\u00fcr eure Ziele &#8211; egal ob beruflich, eure Fitness betreffend oder ob ihr den Rekord f\u00fcr&#8217;s Wiener Schnitzeln Essen gewinnen wollt. Dem Notizbuch ist&#8217;s gleich, es unterst\u00fctzt euch bei ALLEM!<\/p>\n<p>Liebevoll illustriertes Notizbuch mit der Aufschrift: \u201eGIVING UP IS NOT AN OPTION\u201c.<\/p>\n<p>__Gr\u00f6\u00dfe\/Ma\u00dfe\/Gewicht__<br \/>\n9 x 12,5 cm<\/p>\n<p>__Details__<br \/>\n48 Innenseiten, Softcover, liniert. Farbe: neutrales Mittelgrau<\/p>\n","protected":false},"excerpt":{"rendered":"<p>In diesem Notizbuch habt ihr genug Platz f\u00fcr eure Ziele &#8211; egal ob beruflich, eure Fitness betreffend oder ob ihr den Rekord f\u00fcr&#8217;s Wiener Schnitzeln Essen gewinnen wollt. Dem Notizbuch ist&#8217;s gleich, es unterst\u00fctzt euch bei ALLEM! Liebevoll illustriertes Notizbuch mit der Aufschrift: \u201eGIVING UP IS NOT AN OPTION\u201c. __Gr\u00f6\u00dfe\/Ma\u00dfe\/Gewicht__ 9 x 12,5 cm __Details__ &hellip; <a href=\"https:\/\/www.regionalis.shop\/blaugezeichnet\/shop\/notizbuch-not-an-option\/\">Continued<\/a><\/p>\n","protected":false},"featured_media":1136,"template":"","meta":{"_acf_changed":false},"product_brand":[],"product_cat":[161,62],"product_tag":[],"class_list":{"0":"post-1135","1":"product","2":"type-product","3":"status-publish","4":"has-post-thumbnail","6":"product_cat-notizhefte-skizzenbuecher","7":"product_cat-papeterie-schreibwaren","9":"first","10":"instock","11":"purchasable","12":"product-type-simple"},"acf":[],"_links":{"self":[{"href":"https:\/\/www.regionalis.shop\/blaugezeichnet\/wp-json\/wp\/v2\/product\/1135","targetHints":{"allow":["GET"]}}],"collection":[{"href":"https:\/\/www.regionalis.shop\/blaugezeichnet\/wp-json\/wp\/v2\/product"}],"about":[{"href":"https:\/\/www.regionalis.shop\/blaugezeichnet\/wp-json\/wp\/v2\/types\/product"}],"wp:featuredmedia":[{"embeddable":true,"href":"https:\/\/www.regionalis.shop\/blaugezeichnet\/wp-json\/wp\/v2\/media\/1136"}],"wp:attachment":[{"href":"https:\/\/www.regionalis.shop\/blaugezeichnet\/wp-json\/wp\/v2\/media?parent=1135"}],"wp:term":[{"taxonomy":"product_brand","embeddable":true,"href":"https:\/\/www.regionalis.shop\/blaugezeichnet\/wp-json\/wp\/v2\/product_brand?post=1135"},{"taxonomy":"product_cat","embeddable":true,"href":"https:\/\/www.regionalis.shop\/blaugezeichnet\/wp-json\/wp\/v2\/product_cat?post=1135"},{"taxonomy":"product_tag","embeddable":true,"href":"https:\/\/www.regionalis.shop\/blaugezeichnet\/wp-json\/wp\/v2\/product_tag?post=1135"}],"curies":[{"name":"wp","href":"https:\/\/api.w.org\/{rel}","templated":true}]}}