{"id":1150,"date":"2025-04-17T23:13:39","date_gmt":"2025-04-17T21:13:39","guid":{"rendered":"https:\/\/www.regionalis.shop\/blaugezeichnet\/product\/notizbuch-no-pain-no2\/"},"modified":"2025-04-17T23:13:39","modified_gmt":"2025-04-17T21:13:39","slug":"notizbuch-no-pain-no2","status":"publish","type":"product","link":"https:\/\/www.regionalis.shop\/blaugezeichnet\/shop\/notizbuch-no-pain-no2\/","title":{"rendered":"Notizbuch &#8222;No Pain!&#8220; No2"},"content":{"rendered":"<p>Mein innerer Schweinehund ist besonders stur, aber mit Kleinigkeiten &#8211; wie das liebevoll illustrierte Notizbuch mit der Aufschrift: \u201eNo Pain No Gain\u201c &#8211; l\u00e4sst er sich gern Mal austricksen. So f\u00e4llt das Pumpen gehen etwas leichter und den Fortschritt kann man auch notieren!<\/p>\n<p>__Gr\u00f6\u00dfe\/Ma\u00dfe\/Gewicht__<br \/>\n9 x 12,5 cm<\/p>\n<p>__Details__<br \/>\n48 Innenseiten, Softcover, liniert. Farbe: kr\u00e4ftiges Pink<\/p>\n","protected":false},"excerpt":{"rendered":"<p>Mein innerer Schweinehund ist besonders stur, aber mit Kleinigkeiten &#8211; wie das liebevoll illustrierte Notizbuch mit der Aufschrift: \u201eNo Pain No Gain\u201c &#8211; l\u00e4sst er sich gern Mal austricksen. So f\u00e4llt das Pumpen gehen etwas leichter und den Fortschritt kann man auch notieren! __Gr\u00f6\u00dfe\/Ma\u00dfe\/Gewicht__ 9 x 12,5 cm __Details__ 48 Innenseiten, Softcover, liniert. Farbe: kr\u00e4ftiges &hellip; <a href=\"https:\/\/www.regionalis.shop\/blaugezeichnet\/shop\/notizbuch-no-pain-no2\/\">Continued<\/a><\/p>\n","protected":false},"featured_media":1151,"template":"","meta":{"_acf_changed":false},"product_brand":[],"product_cat":[161,62],"product_tag":[],"class_list":{"0":"post-1150","1":"product","2":"type-product","3":"status-publish","4":"has-post-thumbnail","6":"product_cat-notizhefte-skizzenbuecher","7":"product_cat-papeterie-schreibwaren","9":"first","10":"instock","11":"purchasable","12":"product-type-simple"},"acf":[],"_links":{"self":[{"href":"https:\/\/www.regionalis.shop\/blaugezeichnet\/wp-json\/wp\/v2\/product\/1150","targetHints":{"allow":["GET"]}}],"collection":[{"href":"https:\/\/www.regionalis.shop\/blaugezeichnet\/wp-json\/wp\/v2\/product"}],"about":[{"href":"https:\/\/www.regionalis.shop\/blaugezeichnet\/wp-json\/wp\/v2\/types\/product"}],"wp:featuredmedia":[{"embeddable":true,"href":"https:\/\/www.regionalis.shop\/blaugezeichnet\/wp-json\/wp\/v2\/media\/1151"}],"wp:attachment":[{"href":"https:\/\/www.regionalis.shop\/blaugezeichnet\/wp-json\/wp\/v2\/media?parent=1150"}],"wp:term":[{"taxonomy":"product_brand","embeddable":true,"href":"https:\/\/www.regionalis.shop\/blaugezeichnet\/wp-json\/wp\/v2\/product_brand?post=1150"},{"taxonomy":"product_cat","embeddable":true,"href":"https:\/\/www.regionalis.shop\/blaugezeichnet\/wp-json\/wp\/v2\/product_cat?post=1150"},{"taxonomy":"product_tag","embeddable":true,"href":"https:\/\/www.regionalis.shop\/blaugezeichnet\/wp-json\/wp\/v2\/product_tag?post=1150"}],"curies":[{"name":"wp","href":"https:\/\/api.w.org\/{rel}","templated":true}]}}