{"id":1155,"date":"2025-04-17T23:13:39","date_gmt":"2025-04-17T21:13:39","guid":{"rendered":"https:\/\/www.regionalis.shop\/blaugezeichnet\/product\/notizbuch-kiss\/"},"modified":"2025-04-17T23:13:39","modified_gmt":"2025-04-17T21:13:39","slug":"notizbuch-kiss","status":"publish","type":"product","link":"https:\/\/www.regionalis.shop\/blaugezeichnet\/shop\/notizbuch-kiss\/","title":{"rendered":"Notizbuch &#8222;Kiss&#8220;"},"content":{"rendered":"<p>Das perfekte Notizbuch f\u00fcr Weltherrschaftspl\u00e4ne, Idioten-Liste oder einfach nur als Tagebuch nutzen. Anwendungen gibt es f\u00fcr dieses Exemplar endlos viele!<\/p>\n<p> Liebevoll illustriertes Notizbuch mit der Aufschrift: \u201eKiss my hairy, shiny ass\u201c.<\/p>\n<p>__Gr\u00f6\u00dfe\/Ma\u00dfe\/Gewicht__<br \/>\n9 x 12,5 cm<\/p>\n<p>__Details__<br \/>\n48 Innenseiten, Softcover, liniert. Farbe: zartes Rosa<\/p>\n","protected":false},"excerpt":{"rendered":"<p>Das perfekte Notizbuch f\u00fcr Weltherrschaftspl\u00e4ne, Idioten-Liste oder einfach nur als Tagebuch nutzen. Anwendungen gibt es f\u00fcr dieses Exemplar endlos viele! Liebevoll illustriertes Notizbuch mit der Aufschrift: \u201eKiss my hairy, shiny ass\u201c. __Gr\u00f6\u00dfe\/Ma\u00dfe\/Gewicht__ 9 x 12,5 cm __Details__ 48 Innenseiten, Softcover, liniert. Farbe: zartes Rosa<\/p>\n","protected":false},"featured_media":1156,"template":"","meta":{"_acf_changed":false},"product_brand":[],"product_cat":[161,62],"product_tag":[],"class_list":{"0":"post-1155","1":"product","2":"type-product","3":"status-publish","4":"has-post-thumbnail","6":"product_cat-notizhefte-skizzenbuecher","7":"product_cat-papeterie-schreibwaren","9":"first","10":"instock","11":"purchasable","12":"product-type-simple"},"acf":[],"_links":{"self":[{"href":"https:\/\/www.regionalis.shop\/blaugezeichnet\/wp-json\/wp\/v2\/product\/1155","targetHints":{"allow":["GET"]}}],"collection":[{"href":"https:\/\/www.regionalis.shop\/blaugezeichnet\/wp-json\/wp\/v2\/product"}],"about":[{"href":"https:\/\/www.regionalis.shop\/blaugezeichnet\/wp-json\/wp\/v2\/types\/product"}],"wp:featuredmedia":[{"embeddable":true,"href":"https:\/\/www.regionalis.shop\/blaugezeichnet\/wp-json\/wp\/v2\/media\/1156"}],"wp:attachment":[{"href":"https:\/\/www.regionalis.shop\/blaugezeichnet\/wp-json\/wp\/v2\/media?parent=1155"}],"wp:term":[{"taxonomy":"product_brand","embeddable":true,"href":"https:\/\/www.regionalis.shop\/blaugezeichnet\/wp-json\/wp\/v2\/product_brand?post=1155"},{"taxonomy":"product_cat","embeddable":true,"href":"https:\/\/www.regionalis.shop\/blaugezeichnet\/wp-json\/wp\/v2\/product_cat?post=1155"},{"taxonomy":"product_tag","embeddable":true,"href":"https:\/\/www.regionalis.shop\/blaugezeichnet\/wp-json\/wp\/v2\/product_tag?post=1155"}],"curies":[{"name":"wp","href":"https:\/\/api.w.org\/{rel}","templated":true}]}}