{"id":862,"date":"2025-05-24T13:44:06","date_gmt":"2025-05-24T11:44:06","guid":{"rendered":"https:\/\/starter.stage.shop-it.at\/?page_id=862"},"modified":"2025-10-23T15:21:37","modified_gmt":"2025-10-23T13:21:37","slug":"startseite","status":"publish","type":"page","link":"https:\/\/www.regionalis.shop\/buecher-ecke\/","title":{"rendered":"Startseite"},"content":{"rendered":"<section>\n        <div class=\"header-image\">\n            <img decoding=\"async\" src=\"https:\/\/www.regionalis.shop\/app\/uploads\/sites\/82\/3758_2021_12_01_12_45_12_207342354.jpg\" alt=\"\">\n        <\/div>\n    \n    <\/section>\n    <section>\n    <div class=\"header-title\">\n        <h1 class=\"h2\">Willkommen bei B\u00fccher-Ecke<\/h1>\n    <\/div>\n            <h2 class=\"h3\">Handgemacht in Wels<\/h2>\n                <p>Als Autor und freischaffender Schriftsteller habe ich mich mit den unz\u00e4hligen Varianten der Literatur befasst. Dabei sind humorvolle Kurzgeschichten und Gedichte in meinem Kopf h\u00e4ngengeblieben. Ich lege besonderen Wert darauf, nicht &#8222;Irgendwas&#8220; von mir zu geben, sondern meine &#8222;Schreiberei&#8220; basiert gro\u00dfteils auf Selbsterlebtem, Selbstgef\u00fchltem und Selbstgesehenem. Und da entstehen oft Dinge, die ich selbst nicht glauben kann.<br \/>\nIch w\u00fcrde mich sehr freuen, wenn ich euch an der Hand nehmen (sofern Corona es erlaubt) und euch in eine Welt entf\u00fchren darf, die etwas anders ist als der t\u00e4gliche Alltag.<\/p>\n\n    \n    <h3>Produkte<\/h3>\n\n    <div class=\"woocommerce columns-3 \"><ul class=\"products columns-3\">\n<li class=\"product type-product post-1065 status-publish first instock product_cat-null product_cat-sonstiges has-post-thumbnail purchasable product-type-simple\">\n\t<a href=\"https:\/\/www.regionalis.shop\/buecher-ecke\/shop\/schatten-der-traeume\/\" class=\"woocommerce-LoopProduct-link woocommerce-loop-product__link\"><div class=\"wc-block-grid__product-image\"><img loading=\"lazy\" decoding=\"async\" width=\"420\" height=\"420\" src=\"https:\/\/www.regionalis.shop\/app\/uploads\/sites\/82\/3758_2021_01_12_16_08_45_507174096.jpg\" class=\"attachment-large size-large\" alt=\"&quot;Schatten der Tr\u00e4ume&quot;\" srcset=\"https:\/\/www.regionalis.shop\/app\/uploads\/sites\/82\/3758_2021_01_12_16_08_45_507174096.jpg 420w, https:\/\/www.regionalis.shop\/app\/uploads\/sites\/82\/3758_2021_01_12_16_08_45_507174096-300x300.jpg 300w, https:\/\/www.regionalis.shop\/app\/uploads\/sites\/82\/3758_2021_01_12_16_08_45_507174096-150x150.jpg 150w, https:\/\/www.regionalis.shop\/app\/uploads\/sites\/82\/3758_2021_01_12_16_08_45_507174096-100x100.jpg 100w\" sizes=\"auto, (max-width: 420px) 100vw, 420px\" \/><\/div><h2 class=\"woocommerce-loop-product__title\">&#8222;Schatten der Tr\u00e4ume&#8220;<\/h2>\n\t<span class=\"price\"><span class=\"woocommerce-Price-amount amount\"><bdi>14,80&nbsp;<span class=\"woocommerce-Price-currencySymbol\">&euro;<\/span><\/bdi><\/span><\/span>\n<\/a><\/li>\n<li class=\"product type-product post-1063 status-publish instock product_cat-null product_cat-sonstiges has-post-thumbnail purchasable product-type-simple\">\n\t<a href=\"https:\/\/www.regionalis.shop\/buecher-ecke\/shop\/weihnachtsfreud-weihnachtsleid\/\" class=\"woocommerce-LoopProduct-link woocommerce-loop-product__link\"><div class=\"wc-block-grid__product-image\"><img loading=\"lazy\" decoding=\"async\" width=\"420\" height=\"420\" src=\"https:\/\/www.regionalis.shop\/app\/uploads\/sites\/82\/3758_2021_01_12_16_01_54_322402023.jpg\" class=\"attachment-large size-large\" alt=\"&quot;Weihnachtsfreud, Weihnachtsleid&quot;\" srcset=\"https:\/\/www.regionalis.shop\/app\/uploads\/sites\/82\/3758_2021_01_12_16_01_54_322402023.jpg 420w, https:\/\/www.regionalis.shop\/app\/uploads\/sites\/82\/3758_2021_01_12_16_01_54_322402023-300x300.jpg 300w, https:\/\/www.regionalis.shop\/app\/uploads\/sites\/82\/3758_2021_01_12_16_01_54_322402023-150x150.jpg 150w, https:\/\/www.regionalis.shop\/app\/uploads\/sites\/82\/3758_2021_01_12_16_01_54_322402023-100x100.jpg 100w\" sizes=\"auto, (max-width: 420px) 100vw, 420px\" \/><\/div><h2 class=\"woocommerce-loop-product__title\">&#8222;Weihnachtsfreud, Weihnachtsleid&#8220;<\/h2>\n\t<span class=\"price\"><span class=\"woocommerce-Price-amount amount\"><bdi>9,90&nbsp;<span class=\"woocommerce-Price-currencySymbol\">&euro;<\/span><\/bdi><\/span><\/span>\n<\/a><\/li>\n<li class=\"product type-product post-1061 status-publish last instock product_cat-null product_cat-sonstiges has-post-thumbnail purchasable product-type-simple\">\n\t<a href=\"https:\/\/www.regionalis.shop\/buecher-ecke\/shop\/sankt-adelberg-3-die-polizei-ist-stets-dabei\/\" class=\"woocommerce-LoopProduct-link woocommerce-loop-product__link\"><div class=\"wc-block-grid__product-image\"><img loading=\"lazy\" decoding=\"async\" width=\"420\" height=\"420\" src=\"https:\/\/www.regionalis.shop\/app\/uploads\/sites\/82\/3758_2021_01_12_15_51_54_807059692.jpg\" class=\"attachment-large size-large\" alt=\"&quot;Sankt Adelberg 3 - Die Polizei ist stets dabei&quot;\" srcset=\"https:\/\/www.regionalis.shop\/app\/uploads\/sites\/82\/3758_2021_01_12_15_51_54_807059692.jpg 420w, https:\/\/www.regionalis.shop\/app\/uploads\/sites\/82\/3758_2021_01_12_15_51_54_807059692-300x300.jpg 300w, https:\/\/www.regionalis.shop\/app\/uploads\/sites\/82\/3758_2021_01_12_15_51_54_807059692-150x150.jpg 150w, https:\/\/www.regionalis.shop\/app\/uploads\/sites\/82\/3758_2021_01_12_15_51_54_807059692-100x100.jpg 100w\" sizes=\"auto, (max-width: 420px) 100vw, 420px\" \/><\/div><h2 class=\"woocommerce-loop-product__title\">&#8222;Sankt Adelberg 3 &#8211; Die Polizei ist stets dabei&#8220;<\/h2>\n\t<span class=\"price\"><span class=\"woocommerce-Price-amount amount\"><bdi>9,90&nbsp;<span class=\"woocommerce-Price-currencySymbol\">&euro;<\/span><\/bdi><\/span><\/span>\n<\/a><\/li>\n<\/ul>\n<\/div>\n    <p>\n        <a href=\"https:\/\/www.regionalis.shop\/buecher-ecke\/shop\/\" class=\"btn btn-primary btn-icon-right\">\n            Alle Produkte <i class=\"bi bi-arrow-right-short\"><\/i>\n        <\/a>\n    <\/p>\n<\/section>\n\n<div data-block-name=\"woocommerce\/store-notices\" class=\"wc-block-store-notices woocommerce alignwide alignwide wp-block-woocommerce-store-notices\"><div class=\"woocommerce-notices-wrapper\"><\/div><\/div>","protected":false},"excerpt":{"rendered":"","protected":false},"author":1,"featured_media":0,"parent":0,"menu_order":0,"comment_status":"closed","ping_status":"closed","template":"template-home.blade.php","meta":{"_acf_changed":false,"footnotes":""},"class_list":["post-862","page","type-page","status-publish","hentry"],"acf":[],"_links":{"self":[{"href":"https:\/\/www.regionalis.shop\/buecher-ecke\/wp-json\/wp\/v2\/pages\/862","targetHints":{"allow":["GET"]}}],"collection":[{"href":"https:\/\/www.regionalis.shop\/buecher-ecke\/wp-json\/wp\/v2\/pages"}],"about":[{"href":"https:\/\/www.regionalis.shop\/buecher-ecke\/wp-json\/wp\/v2\/types\/page"}],"author":[{"embeddable":true,"href":"https:\/\/www.regionalis.shop\/buecher-ecke\/wp-json\/wp\/v2\/users\/1"}],"replies":[{"embeddable":true,"href":"https:\/\/www.regionalis.shop\/buecher-ecke\/wp-json\/wp\/v2\/comments?post=862"}],"version-history":[{"count":28,"href":"https:\/\/www.regionalis.shop\/buecher-ecke\/wp-json\/wp\/v2\/pages\/862\/revisions"}],"predecessor-version":[{"id":1041,"href":"https:\/\/www.regionalis.shop\/buecher-ecke\/wp-json\/wp\/v2\/pages\/862\/revisions\/1041"}],"wp:attachment":[{"href":"https:\/\/www.regionalis.shop\/buecher-ecke\/wp-json\/wp\/v2\/media?parent=862"}],"curies":[{"name":"wp","href":"https:\/\/api.w.org\/{rel}","templated":true}]}}