{"id":1051,"date":"2025-04-18T01:26:48","date_gmt":"2025-04-17T23:26:48","guid":{"rendered":"https:\/\/www.regionalis.shop\/buecher-ecke\/product\/hexenkessel\/"},"modified":"2025-04-18T01:26:48","modified_gmt":"2025-04-17T23:26:48","slug":"hexenkessel","status":"publish","type":"product","link":"https:\/\/www.regionalis.shop\/buecher-ecke\/shop\/hexenkessel\/","title":{"rendered":"&#8222;Hexenkessel&#8220;"},"content":{"rendered":"<p>Erz\u00e4hlungen, Legenden, Gef\u00fchle<\/p>\n<p>Taschenbuch, Kurzgeschichten, 124 Seiten<\/p>\n<p>Folgt mir diesmal ins tiefe Mittelalter!<br \/>\nAm Fu\u00dfe der geschichtstr\u00e4chtigen Burg Lockenhaus entstanden zwei D\u00f6rfer, die nach den T\u00e4tigkeiten der Bewohner benannt wurden. Das eine nannte man TEICH, weil es am Burgsee gelegen war und die Leute sich mit dem Fischen f\u00fcr die Herrschaft besch\u00e4ftigten. Das andere hie\u00df HAMMER, weil im nahegelegenen Bergwerk Erz f\u00fcr die Burgherren abgebaut wurde.<br \/>\nIn dieser Zeit geschahen merkw\u00fcrdige und mysteri\u00f6se Dinge, die in Geschichten, Sagen und Legenden weitererz\u00e4hlt wurden. Im Laufe der Jahre gerieten sie in Vergessenheit. Manche sollten sogar aus der Erinnerung verschwinden, weil sie Angst und Unsicherheit sch\u00fcrten.<br \/>\nWenn man jedoch noch heute mit offenen Augen durch die Gegend streift, findet man unz\u00e4hlige Hinweise, dass in den alten Geschichten viel Wahrheit verborgen ist.<\/p>\n","protected":false},"excerpt":{"rendered":"<p>Erz\u00e4hlungen, Legenden, Gef\u00fchle Taschenbuch, Kurzgeschichten, 124 Seiten Folgt mir diesmal ins tiefe Mittelalter! Am Fu\u00dfe der geschichtstr\u00e4chtigen Burg Lockenhaus entstanden zwei D\u00f6rfer, die nach den T\u00e4tigkeiten der Bewohner benannt wurden. Das eine nannte man TEICH, weil es am Burgsee gelegen war und die Leute sich mit dem Fischen f\u00fcr die Herrschaft besch\u00e4ftigten. Das andere hie\u00df &hellip; <a href=\"https:\/\/www.regionalis.shop\/buecher-ecke\/shop\/hexenkessel\/\">Continued<\/a><\/p>\n","protected":false},"featured_media":1052,"template":"","meta":{"_acf_changed":false},"product_brand":[],"product_cat":[162,83],"product_tag":[],"class_list":{"0":"post-1051","1":"product","2":"type-product","3":"status-publish","4":"has-post-thumbnail","6":"product_cat-null","7":"product_cat-sonstiges","9":"first","10":"instock","11":"purchasable","12":"product-type-simple"},"acf":[],"_links":{"self":[{"href":"https:\/\/www.regionalis.shop\/buecher-ecke\/wp-json\/wp\/v2\/product\/1051","targetHints":{"allow":["GET"]}}],"collection":[{"href":"https:\/\/www.regionalis.shop\/buecher-ecke\/wp-json\/wp\/v2\/product"}],"about":[{"href":"https:\/\/www.regionalis.shop\/buecher-ecke\/wp-json\/wp\/v2\/types\/product"}],"wp:featuredmedia":[{"embeddable":true,"href":"https:\/\/www.regionalis.shop\/buecher-ecke\/wp-json\/wp\/v2\/media\/1052"}],"wp:attachment":[{"href":"https:\/\/www.regionalis.shop\/buecher-ecke\/wp-json\/wp\/v2\/media?parent=1051"}],"wp:term":[{"taxonomy":"product_brand","embeddable":true,"href":"https:\/\/www.regionalis.shop\/buecher-ecke\/wp-json\/wp\/v2\/product_brand?post=1051"},{"taxonomy":"product_cat","embeddable":true,"href":"https:\/\/www.regionalis.shop\/buecher-ecke\/wp-json\/wp\/v2\/product_cat?post=1051"},{"taxonomy":"product_tag","embeddable":true,"href":"https:\/\/www.regionalis.shop\/buecher-ecke\/wp-json\/wp\/v2\/product_tag?post=1051"}],"curies":[{"name":"wp","href":"https:\/\/api.w.org\/{rel}","templated":true}]}}