{"id":1057,"date":"2025-04-18T01:26:48","date_gmt":"2025-04-17T23:26:48","guid":{"rendered":"https:\/\/www.regionalis.shop\/buecher-ecke\/product\/sankt-adelberg-1\/"},"modified":"2025-04-18T01:26:48","modified_gmt":"2025-04-17T23:26:48","slug":"sankt-adelberg-1","status":"publish","type":"product","link":"https:\/\/www.regionalis.shop\/buecher-ecke\/shop\/sankt-adelberg-1\/","title":{"rendered":"&#8222;Sankt Adelberg 1&#8220;"},"content":{"rendered":"<p>Taschenbuch, Kurzgeschichten, 175 Seiten<\/p>\n<p>Manfred Marchand entf\u00fchrt Sie in diesem Buch in das vertr\u00e4umte \u00d6rtchen Sankt Adelberg. Wobei vertr\u00e4umt nicht ganz der richtige Ausdruck ist f\u00fcr diese St\u00e4tte, die nach au\u00dfen Friede und Eintracht vermittelt. Sieht man ein wenig hinter die Kulissen, dann brodelt es ganz sch\u00f6n. Allt\u00e4glich, meinen Sie? Nicht in Sankt Adelberg!<br \/>\nWo dieser Ort liegt? Irgendwo auf dieser Welt oder nirgends. Dieses Geheimnis bleibt dem Autor vorbehalten.<\/p>\n","protected":false},"excerpt":{"rendered":"<p>Taschenbuch, Kurzgeschichten, 175 Seiten Manfred Marchand entf\u00fchrt Sie in diesem Buch in das vertr\u00e4umte \u00d6rtchen Sankt Adelberg. Wobei vertr\u00e4umt nicht ganz der richtige Ausdruck ist f\u00fcr diese St\u00e4tte, die nach au\u00dfen Friede und Eintracht vermittelt. Sieht man ein wenig hinter die Kulissen, dann brodelt es ganz sch\u00f6n. Allt\u00e4glich, meinen Sie? Nicht in Sankt Adelberg! Wo &hellip; <a href=\"https:\/\/www.regionalis.shop\/buecher-ecke\/shop\/sankt-adelberg-1\/\">Continued<\/a><\/p>\n","protected":false},"featured_media":1058,"template":"","meta":{"_acf_changed":false},"product_brand":[],"product_cat":[162,83],"product_tag":[],"class_list":{"0":"post-1057","1":"product","2":"type-product","3":"status-publish","4":"has-post-thumbnail","6":"product_cat-null","7":"product_cat-sonstiges","9":"first","10":"instock","11":"purchasable","12":"product-type-simple"},"acf":[],"_links":{"self":[{"href":"https:\/\/www.regionalis.shop\/buecher-ecke\/wp-json\/wp\/v2\/product\/1057","targetHints":{"allow":["GET"]}}],"collection":[{"href":"https:\/\/www.regionalis.shop\/buecher-ecke\/wp-json\/wp\/v2\/product"}],"about":[{"href":"https:\/\/www.regionalis.shop\/buecher-ecke\/wp-json\/wp\/v2\/types\/product"}],"wp:featuredmedia":[{"embeddable":true,"href":"https:\/\/www.regionalis.shop\/buecher-ecke\/wp-json\/wp\/v2\/media\/1058"}],"wp:attachment":[{"href":"https:\/\/www.regionalis.shop\/buecher-ecke\/wp-json\/wp\/v2\/media?parent=1057"}],"wp:term":[{"taxonomy":"product_brand","embeddable":true,"href":"https:\/\/www.regionalis.shop\/buecher-ecke\/wp-json\/wp\/v2\/product_brand?post=1057"},{"taxonomy":"product_cat","embeddable":true,"href":"https:\/\/www.regionalis.shop\/buecher-ecke\/wp-json\/wp\/v2\/product_cat?post=1057"},{"taxonomy":"product_tag","embeddable":true,"href":"https:\/\/www.regionalis.shop\/buecher-ecke\/wp-json\/wp\/v2\/product_tag?post=1057"}],"curies":[{"name":"wp","href":"https:\/\/api.w.org\/{rel}","templated":true}]}}