{"id":1061,"date":"2025-04-18T01:26:48","date_gmt":"2025-04-17T23:26:48","guid":{"rendered":"https:\/\/www.regionalis.shop\/buecher-ecke\/product\/sankt-adelberg-3-die-polizei-ist-stets-dabei\/"},"modified":"2025-04-18T01:26:48","modified_gmt":"2025-04-17T23:26:48","slug":"sankt-adelberg-3-die-polizei-ist-stets-dabei","status":"publish","type":"product","link":"https:\/\/www.regionalis.shop\/buecher-ecke\/shop\/sankt-adelberg-3-die-polizei-ist-stets-dabei\/","title":{"rendered":"&#8222;Sankt Adelberg 3 &#8211; Die Polizei ist stets dabei&#8220;"},"content":{"rendered":"<p>Taschenbuch, Kurzgeschichten, 173 Seiten<\/p>\n<p>Kurzgeschichten zum Schmunzeln!<br \/>\nIm dritten und letzten Teil der Trilogie \u00fcber das Geschehen im und um das D\u00f6rfchen dreht sich alles um die Ordnungsh\u00fcter &#8211; die Polizei.<br \/>\nNat\u00fcrlich hat das Wach-Organ auch hier eine Menge Probleme zu l\u00f6sen, gem\u00e4\u00df dem Slogan: Helfer und Freund ist nicht immer so gemeint.<br \/>\nDoch die wackeren Beamten sorgen, meist uneigenn\u00fctzig, fast rund um die Uhr f\u00fcr Ruhe und Ordnung. Oder was sie darunter verstehen.<br \/>\nAlso &#8211; Kappel auf und los geht`s!<\/p>\n","protected":false},"excerpt":{"rendered":"<p>Taschenbuch, Kurzgeschichten, 173 Seiten Kurzgeschichten zum Schmunzeln! Im dritten und letzten Teil der Trilogie \u00fcber das Geschehen im und um das D\u00f6rfchen dreht sich alles um die Ordnungsh\u00fcter &#8211; die Polizei. Nat\u00fcrlich hat das Wach-Organ auch hier eine Menge Probleme zu l\u00f6sen, gem\u00e4\u00df dem Slogan: Helfer und Freund ist nicht immer so gemeint. Doch die &hellip; <a href=\"https:\/\/www.regionalis.shop\/buecher-ecke\/shop\/sankt-adelberg-3-die-polizei-ist-stets-dabei\/\">Continued<\/a><\/p>\n","protected":false},"featured_media":1062,"template":"","meta":{"_acf_changed":false},"product_brand":[],"product_cat":[162,83],"product_tag":[],"class_list":{"0":"post-1061","1":"product","2":"type-product","3":"status-publish","4":"has-post-thumbnail","6":"product_cat-null","7":"product_cat-sonstiges","9":"first","10":"instock","11":"purchasable","12":"product-type-simple"},"acf":[],"_links":{"self":[{"href":"https:\/\/www.regionalis.shop\/buecher-ecke\/wp-json\/wp\/v2\/product\/1061","targetHints":{"allow":["GET"]}}],"collection":[{"href":"https:\/\/www.regionalis.shop\/buecher-ecke\/wp-json\/wp\/v2\/product"}],"about":[{"href":"https:\/\/www.regionalis.shop\/buecher-ecke\/wp-json\/wp\/v2\/types\/product"}],"wp:featuredmedia":[{"embeddable":true,"href":"https:\/\/www.regionalis.shop\/buecher-ecke\/wp-json\/wp\/v2\/media\/1062"}],"wp:attachment":[{"href":"https:\/\/www.regionalis.shop\/buecher-ecke\/wp-json\/wp\/v2\/media?parent=1061"}],"wp:term":[{"taxonomy":"product_brand","embeddable":true,"href":"https:\/\/www.regionalis.shop\/buecher-ecke\/wp-json\/wp\/v2\/product_brand?post=1061"},{"taxonomy":"product_cat","embeddable":true,"href":"https:\/\/www.regionalis.shop\/buecher-ecke\/wp-json\/wp\/v2\/product_cat?post=1061"},{"taxonomy":"product_tag","embeddable":true,"href":"https:\/\/www.regionalis.shop\/buecher-ecke\/wp-json\/wp\/v2\/product_tag?post=1061"}],"curies":[{"name":"wp","href":"https:\/\/api.w.org\/{rel}","templated":true}]}}