{"id":1065,"date":"2025-04-18T01:26:48","date_gmt":"2025-04-17T23:26:48","guid":{"rendered":"https:\/\/www.regionalis.shop\/buecher-ecke\/product\/schatten-der-traeume\/"},"modified":"2025-04-18T01:26:48","modified_gmt":"2025-04-17T23:26:48","slug":"schatten-der-traeume","status":"publish","type":"product","link":"https:\/\/www.regionalis.shop\/buecher-ecke\/shop\/schatten-der-traeume\/","title":{"rendered":"&#8222;Schatten der Tr\u00e4ume&#8220;"},"content":{"rendered":"<p>Taschenbuch, Roman, 440 Seiten<\/p>\n<p>Angelehnt an den ersten Kurzroman (\u201eEs war wie ein Traum\u201c) des Autors begleiten wir die Familie Kanzer weiter.<br \/>\nMit Markus Kanzer, seiner Gattin Nicole und ihrem Sohn Rene treiben wir durch die Wirren eines au\u00dferordentlichen Lebens. Es ist nicht leicht, mit den unvorhersehbaren Schicksalsschl\u00e4gen fertig zu werden. Vor allem, wenn Intrigen die Macht \u00fcbernehmen. W\u00e4re da nicht der Troll, mit Namen Groll &#8211; den nur Rene sehen und verstehen kann &#8211; es w\u00e4re ein Weg ins Verderben. Mystische M\u00e4chte und das organisierte Verbrechen mischen sich in ihr Dasein genauso ein wie die helfenden H\u00e4nde ihrer Tante Vera aus Avignon.<br \/>\nEin Roman, der Spannung, Emotionen und das wahre Leben in sich vereint.<\/p>\n","protected":false},"excerpt":{"rendered":"<p>Taschenbuch, Roman, 440 Seiten Angelehnt an den ersten Kurzroman (\u201eEs war wie ein Traum\u201c) des Autors begleiten wir die Familie Kanzer weiter. Mit Markus Kanzer, seiner Gattin Nicole und ihrem Sohn Rene treiben wir durch die Wirren eines au\u00dferordentlichen Lebens. Es ist nicht leicht, mit den unvorhersehbaren Schicksalsschl\u00e4gen fertig zu werden. Vor allem, wenn Intrigen &hellip; <a href=\"https:\/\/www.regionalis.shop\/buecher-ecke\/shop\/schatten-der-traeume\/\">Continued<\/a><\/p>\n","protected":false},"featured_media":1066,"template":"","meta":{"_acf_changed":false},"product_brand":[],"product_cat":[162,83],"product_tag":[],"class_list":{"0":"post-1065","1":"product","2":"type-product","3":"status-publish","4":"has-post-thumbnail","6":"product_cat-null","7":"product_cat-sonstiges","9":"first","10":"instock","11":"purchasable","12":"product-type-simple"},"acf":[],"_links":{"self":[{"href":"https:\/\/www.regionalis.shop\/buecher-ecke\/wp-json\/wp\/v2\/product\/1065","targetHints":{"allow":["GET"]}}],"collection":[{"href":"https:\/\/www.regionalis.shop\/buecher-ecke\/wp-json\/wp\/v2\/product"}],"about":[{"href":"https:\/\/www.regionalis.shop\/buecher-ecke\/wp-json\/wp\/v2\/types\/product"}],"wp:featuredmedia":[{"embeddable":true,"href":"https:\/\/www.regionalis.shop\/buecher-ecke\/wp-json\/wp\/v2\/media\/1066"}],"wp:attachment":[{"href":"https:\/\/www.regionalis.shop\/buecher-ecke\/wp-json\/wp\/v2\/media?parent=1065"}],"wp:term":[{"taxonomy":"product_brand","embeddable":true,"href":"https:\/\/www.regionalis.shop\/buecher-ecke\/wp-json\/wp\/v2\/product_brand?post=1065"},{"taxonomy":"product_cat","embeddable":true,"href":"https:\/\/www.regionalis.shop\/buecher-ecke\/wp-json\/wp\/v2\/product_cat?post=1065"},{"taxonomy":"product_tag","embeddable":true,"href":"https:\/\/www.regionalis.shop\/buecher-ecke\/wp-json\/wp\/v2\/product_tag?post=1065"}],"curies":[{"name":"wp","href":"https:\/\/api.w.org\/{rel}","templated":true}]}}