{"id":1062,"date":"2025-04-28T04:04:03","date_gmt":"2025-04-28T02:04:03","guid":{"rendered":"https:\/\/www.regionalis.shop\/buechervielfalt\/product\/goldene-hochzeit-gefaltetes-buch\/"},"modified":"2025-04-28T04:04:03","modified_gmt":"2025-04-28T02:04:03","slug":"goldene-hochzeit-gefaltetes-buch","status":"publish","type":"product","link":"https:\/\/www.regionalis.shop\/buechervielfalt\/shop\/goldene-hochzeit-gefaltetes-buch\/","title":{"rendered":"Goldene Hochzeit &#8211; gefaltetes Buch"},"content":{"rendered":"<p>zur Goldenen Hochzeit<\/p>\n<p>selbstverst\u00e4ndlich ist auch eine andere Zahl m\u00f6glich<\/p>\n<p>Im Preis inbegriffen ist ein neuer Au\u00dfen-Einband aus Papier &#8211; es stehen sehr viele Muster und Farben zur Verf\u00fcgung!<\/p>\n","protected":false},"excerpt":{"rendered":"<p>zur Goldenen Hochzeit selbstverst\u00e4ndlich ist auch eine andere Zahl m\u00f6glich Im Preis inbegriffen ist ein neuer Au\u00dfen-Einband aus Papier &#8211; es stehen sehr viele Muster und Farben zur Verf\u00fcgung!<\/p>\n","protected":false},"featured_media":1063,"template":"","meta":{"_acf_changed":false},"product_brand":[],"product_cat":[174,103],"product_tag":[],"class_list":{"0":"post-1062","1":"product","2":"type-product","3":"status-publish","4":"has-post-thumbnail","6":"product_cat-wohndekoration","7":"product_cat-wohnen-deko","9":"first","10":"instock","11":"purchasable","12":"product-type-simple"},"acf":[],"_links":{"self":[{"href":"https:\/\/www.regionalis.shop\/buechervielfalt\/wp-json\/wp\/v2\/product\/1062","targetHints":{"allow":["GET"]}}],"collection":[{"href":"https:\/\/www.regionalis.shop\/buechervielfalt\/wp-json\/wp\/v2\/product"}],"about":[{"href":"https:\/\/www.regionalis.shop\/buechervielfalt\/wp-json\/wp\/v2\/types\/product"}],"wp:featuredmedia":[{"embeddable":true,"href":"https:\/\/www.regionalis.shop\/buechervielfalt\/wp-json\/wp\/v2\/media\/1063"}],"wp:attachment":[{"href":"https:\/\/www.regionalis.shop\/buechervielfalt\/wp-json\/wp\/v2\/media?parent=1062"}],"wp:term":[{"taxonomy":"product_brand","embeddable":true,"href":"https:\/\/www.regionalis.shop\/buechervielfalt\/wp-json\/wp\/v2\/product_brand?post=1062"},{"taxonomy":"product_cat","embeddable":true,"href":"https:\/\/www.regionalis.shop\/buechervielfalt\/wp-json\/wp\/v2\/product_cat?post=1062"},{"taxonomy":"product_tag","embeddable":true,"href":"https:\/\/www.regionalis.shop\/buechervielfalt\/wp-json\/wp\/v2\/product_tag?post=1062"}],"curies":[{"name":"wp","href":"https:\/\/api.w.org\/{rel}","templated":true}]}}