{"id":1088,"date":"2025-04-28T04:03:26","date_gmt":"2025-04-28T02:03:26","guid":{"rendered":"https:\/\/www.regionalis.shop\/buechervielfalt\/product\/wurzeln-und-fluegel-gefaltetes-buch\/"},"modified":"2025-04-28T04:03:26","modified_gmt":"2025-04-28T02:03:26","slug":"wurzeln-und-fluegel-gefaltetes-buch","status":"publish","type":"product","link":"https:\/\/www.regionalis.shop\/buechervielfalt\/shop\/wurzeln-und-fluegel-gefaltetes-buch\/","title":{"rendered":"Wurzeln und Fl\u00fcgel &#8211; gefaltetes Buch"},"content":{"rendered":"<p>Kinder brauchen Fl\u00fcgel und Wurzeln<br \/>\nder Baum ist schr\u00e4g gefaltet, sodass der Eindruck entsteht, dass er aus dem Buch heraus w\u00e4chst<\/p>\n<p>Im Preis inbegriffen ist ein neuer Au\u00dfen-Einband aus Papier &#8211; es stehen sehr viele Muster und Farben zur Verf\u00fcgung!<\/p>\n","protected":false},"excerpt":{"rendered":"<p>Kinder brauchen Fl\u00fcgel und Wurzeln der Baum ist schr\u00e4g gefaltet, sodass der Eindruck entsteht, dass er aus dem Buch heraus w\u00e4chst Im Preis inbegriffen ist ein neuer Au\u00dfen-Einband aus Papier &#8211; es stehen sehr viele Muster und Farben zur Verf\u00fcgung!<\/p>\n","protected":false},"featured_media":1089,"template":"","meta":{"_acf_changed":false},"product_brand":[],"product_cat":[174,103],"product_tag":[],"class_list":{"0":"post-1088","1":"product","2":"type-product","3":"status-publish","4":"has-post-thumbnail","6":"product_cat-wohndekoration","7":"product_cat-wohnen-deko","9":"first","10":"instock","11":"purchasable","12":"product-type-simple"},"acf":[],"_links":{"self":[{"href":"https:\/\/www.regionalis.shop\/buechervielfalt\/wp-json\/wp\/v2\/product\/1088","targetHints":{"allow":["GET"]}}],"collection":[{"href":"https:\/\/www.regionalis.shop\/buechervielfalt\/wp-json\/wp\/v2\/product"}],"about":[{"href":"https:\/\/www.regionalis.shop\/buechervielfalt\/wp-json\/wp\/v2\/types\/product"}],"wp:featuredmedia":[{"embeddable":true,"href":"https:\/\/www.regionalis.shop\/buechervielfalt\/wp-json\/wp\/v2\/media\/1089"}],"wp:attachment":[{"href":"https:\/\/www.regionalis.shop\/buechervielfalt\/wp-json\/wp\/v2\/media?parent=1088"}],"wp:term":[{"taxonomy":"product_brand","embeddable":true,"href":"https:\/\/www.regionalis.shop\/buechervielfalt\/wp-json\/wp\/v2\/product_brand?post=1088"},{"taxonomy":"product_cat","embeddable":true,"href":"https:\/\/www.regionalis.shop\/buechervielfalt\/wp-json\/wp\/v2\/product_cat?post=1088"},{"taxonomy":"product_tag","embeddable":true,"href":"https:\/\/www.regionalis.shop\/buechervielfalt\/wp-json\/wp\/v2\/product_tag?post=1088"}],"curies":[{"name":"wp","href":"https:\/\/api.w.org\/{rel}","templated":true}]}}