{"id":1100,"date":"2025-04-28T03:32:48","date_gmt":"2025-04-28T01:32:48","guid":{"rendered":"https:\/\/www.regionalis.shop\/buechervielfalt\/product\/zur-geburt-herz-mit-fuesschen-gefaltetes-buch\/"},"modified":"2025-04-28T03:32:48","modified_gmt":"2025-04-28T01:32:48","slug":"zur-geburt-herz-mit-fuesschen-gefaltetes-buch","status":"publish","type":"product","link":"https:\/\/www.regionalis.shop\/buechervielfalt\/shop\/zur-geburt-herz-mit-fuesschen-gefaltetes-buch\/","title":{"rendered":"zur Geburt &#8211; Herz mit F\u00fcsschen &#8211; gefaltetes Buch"},"content":{"rendered":"<p>Buch zur Geburt mit Herz und Babyf\u00fc\u00dfchen &#8211; <\/p>\n<p>Name und Datum sind nat\u00fcrlich individuell w\u00e4hlbar &#8211; diese bitte bei der Bestellung im Notizfeld im Einkaufswagerl angeben<\/p>\n<p>Im Preis inbegriffen ist ein neuer Au\u00dfen-Einband aus Papier &#8211; es stehen sehr viele Muster und Farben zur Verf\u00fcgung!<\/p>\n","protected":false},"excerpt":{"rendered":"<p>Buch zur Geburt mit Herz und Babyf\u00fc\u00dfchen &#8211; Name und Datum sind nat\u00fcrlich individuell w\u00e4hlbar &#8211; diese bitte bei der Bestellung im Notizfeld im Einkaufswagerl angeben Im Preis inbegriffen ist ein neuer Au\u00dfen-Einband aus Papier &#8211; es stehen sehr viele Muster und Farben zur Verf\u00fcgung!<\/p>\n","protected":false},"featured_media":1101,"template":"","meta":{"_acf_changed":false},"product_brand":[],"product_cat":[38,80],"product_tag":[],"class_list":{"0":"post-1100","1":"product","2":"type-product","3":"status-publish","4":"has-post-thumbnail","6":"product_cat-baby-kinder","7":"product_cat-sonstiges-baby-kinder","9":"first","10":"instock","11":"purchasable","12":"product-type-simple"},"acf":[],"_links":{"self":[{"href":"https:\/\/www.regionalis.shop\/buechervielfalt\/wp-json\/wp\/v2\/product\/1100","targetHints":{"allow":["GET"]}}],"collection":[{"href":"https:\/\/www.regionalis.shop\/buechervielfalt\/wp-json\/wp\/v2\/product"}],"about":[{"href":"https:\/\/www.regionalis.shop\/buechervielfalt\/wp-json\/wp\/v2\/types\/product"}],"wp:featuredmedia":[{"embeddable":true,"href":"https:\/\/www.regionalis.shop\/buechervielfalt\/wp-json\/wp\/v2\/media\/1101"}],"wp:attachment":[{"href":"https:\/\/www.regionalis.shop\/buechervielfalt\/wp-json\/wp\/v2\/media?parent=1100"}],"wp:term":[{"taxonomy":"product_brand","embeddable":true,"href":"https:\/\/www.regionalis.shop\/buechervielfalt\/wp-json\/wp\/v2\/product_brand?post=1100"},{"taxonomy":"product_cat","embeddable":true,"href":"https:\/\/www.regionalis.shop\/buechervielfalt\/wp-json\/wp\/v2\/product_cat?post=1100"},{"taxonomy":"product_tag","embeddable":true,"href":"https:\/\/www.regionalis.shop\/buechervielfalt\/wp-json\/wp\/v2\/product_tag?post=1100"}],"curies":[{"name":"wp","href":"https:\/\/api.w.org\/{rel}","templated":true}]}}