{"id":1112,"date":"2025-04-28T03:32:48","date_gmt":"2025-04-28T01:32:48","guid":{"rendered":"https:\/\/www.regionalis.shop\/buechervielfalt\/product\/tiroler-adler-gefaltetes-buch\/"},"modified":"2025-04-28T03:32:48","modified_gmt":"2025-04-28T01:32:48","slug":"tiroler-adler-gefaltetes-buch","status":"publish","type":"product","link":"https:\/\/www.regionalis.shop\/buechervielfalt\/shop\/tiroler-adler-gefaltetes-buch\/","title":{"rendered":"Tiroler Adler &#8211; gefaltetes Buch"},"content":{"rendered":"<p>Tiroler Adler &#8211; selbstverst\u00e4ndlich sind auch andere Bundesl\u00e4nder bzw Wappen m\u00f6glich <\/p>\n<p>Im Preis inbegriffen ist ein neuer Au\u00dfen-Einband aus Papier &#8211; es stehen sehr viele Muster und Farben zur Verf\u00fcgung!<\/p>\n","protected":false},"excerpt":{"rendered":"<p>Tiroler Adler &#8211; selbstverst\u00e4ndlich sind auch andere Bundesl\u00e4nder bzw Wappen m\u00f6glich Im Preis inbegriffen ist ein neuer Au\u00dfen-Einband aus Papier &#8211; es stehen sehr viele Muster und Farben zur Verf\u00fcgung!<\/p>\n","protected":false},"featured_media":1113,"template":"","meta":{"_acf_changed":false},"product_brand":[],"product_cat":[174,103],"product_tag":[],"class_list":{"0":"post-1112","1":"product","2":"type-product","3":"status-publish","4":"has-post-thumbnail","6":"product_cat-wohndekoration","7":"product_cat-wohnen-deko","9":"first","10":"instock","11":"purchasable","12":"product-type-simple"},"acf":[],"_links":{"self":[{"href":"https:\/\/www.regionalis.shop\/buechervielfalt\/wp-json\/wp\/v2\/product\/1112","targetHints":{"allow":["GET"]}}],"collection":[{"href":"https:\/\/www.regionalis.shop\/buechervielfalt\/wp-json\/wp\/v2\/product"}],"about":[{"href":"https:\/\/www.regionalis.shop\/buechervielfalt\/wp-json\/wp\/v2\/types\/product"}],"wp:featuredmedia":[{"embeddable":true,"href":"https:\/\/www.regionalis.shop\/buechervielfalt\/wp-json\/wp\/v2\/media\/1113"}],"wp:attachment":[{"href":"https:\/\/www.regionalis.shop\/buechervielfalt\/wp-json\/wp\/v2\/media?parent=1112"}],"wp:term":[{"taxonomy":"product_brand","embeddable":true,"href":"https:\/\/www.regionalis.shop\/buechervielfalt\/wp-json\/wp\/v2\/product_brand?post=1112"},{"taxonomy":"product_cat","embeddable":true,"href":"https:\/\/www.regionalis.shop\/buechervielfalt\/wp-json\/wp\/v2\/product_cat?post=1112"},{"taxonomy":"product_tag","embeddable":true,"href":"https:\/\/www.regionalis.shop\/buechervielfalt\/wp-json\/wp\/v2\/product_tag?post=1112"}],"curies":[{"name":"wp","href":"https:\/\/api.w.org\/{rel}","templated":true}]}}