{"id":108,"date":"2024-03-04T10:57:41","date_gmt":"2024-03-04T10:57:41","guid":{"rendered":"https:\/\/stage.shop-it.at\/?page_id=108"},"modified":"2025-10-21T17:33:35","modified_gmt":"2025-10-21T15:33:35","slug":"info","status":"publish","type":"page","link":"https:\/\/www.regionalis.shop\/cherrys-world-by-geraldine\/info\/","title":{"rendered":"Info"},"content":{"rendered":"<section>\n            <p>Unter den Label &#8222;CheRRy&#8217;s World by Geraldine&#8220; blogge ich nun schon seit Sommer 2012. Ich habe mir das N\u00e4hen seitdem selber beigebracht und mein freies Gewerbe Kunsthandwerk im Herbst 2014 angemeldet.<\/p>\n<p>Kosmetikt\u00e4schchen, kleine Geldb\u00f6rsen, Bikini\/Wetbags, TaschenTuchTaschen, Schl\u00fcsseltaschen uvm, aber vor allen Handtaschen sind meine Leidenschaft.<\/p>\n<p>Ich verwende Baumwollstoffe, Kunstleder, Leder, Wachstuch, Kork und Snap Pap.<\/p>\n<p>Neben dem N\u00e4hen von Accessoires und Taschen, interessiere ich mich f\u00fcr selbstgemachtes Homedecor. Sei es Betonaccessoires, Kerzen, kleine Webbeh\u00e4nge oder Macramee.<\/p>\n<p>Die Herstellung von Gie\u00dfharzschmuck z\u00e4hlt auch zu meinen Leidenschaften.<\/p>\n\n    <\/section>\n\n\n<p><\/p>\n","protected":false},"excerpt":{"rendered":"","protected":false},"author":1,"featured_media":0,"parent":0,"menu_order":0,"comment_status":"closed","ping_status":"closed","template":"","meta":{"_acf_changed":false,"footnotes":""},"class_list":["post-108","page","type-page","status-publish","hentry"],"acf":[],"_links":{"self":[{"href":"https:\/\/www.regionalis.shop\/cherrys-world-by-geraldine\/wp-json\/wp\/v2\/pages\/108","targetHints":{"allow":["GET"]}}],"collection":[{"href":"https:\/\/www.regionalis.shop\/cherrys-world-by-geraldine\/wp-json\/wp\/v2\/pages"}],"about":[{"href":"https:\/\/www.regionalis.shop\/cherrys-world-by-geraldine\/wp-json\/wp\/v2\/types\/page"}],"author":[{"embeddable":true,"href":"https:\/\/www.regionalis.shop\/cherrys-world-by-geraldine\/wp-json\/wp\/v2\/users\/1"}],"replies":[{"embeddable":true,"href":"https:\/\/www.regionalis.shop\/cherrys-world-by-geraldine\/wp-json\/wp\/v2\/comments?post=108"}],"version-history":[{"count":39,"href":"https:\/\/www.regionalis.shop\/cherrys-world-by-geraldine\/wp-json\/wp\/v2\/pages\/108\/revisions"}],"predecessor-version":[{"id":1028,"href":"https:\/\/www.regionalis.shop\/cherrys-world-by-geraldine\/wp-json\/wp\/v2\/pages\/108\/revisions\/1028"}],"wp:attachment":[{"href":"https:\/\/www.regionalis.shop\/cherrys-world-by-geraldine\/wp-json\/wp\/v2\/media?parent=108"}],"curies":[{"name":"wp","href":"https:\/\/api.w.org\/{rel}","templated":true}]}}