{"id":1053,"date":"2025-04-28T04:16:07","date_gmt":"2025-04-28T02:16:07","guid":{"rendered":"https:\/\/www.regionalis.shop\/cherrys-world-by-geraldine\/product\/umhaengetasche-tasche-bauchtasche-grau\/"},"modified":"2025-04-28T04:16:07","modified_gmt":"2025-04-28T02:16:07","slug":"umhaengetasche-tasche-bauchtasche-grau","status":"publish","type":"product","link":"https:\/\/www.regionalis.shop\/cherrys-world-by-geraldine\/shop\/umhaengetasche-tasche-bauchtasche-grau\/","title":{"rendered":"Umh\u00e4ngetasche, Tasche, Bauchtasche &#8222;grau&#8220;&#8220;"},"content":{"rendered":"<p>Die Tasche ist aussen aus Kunstleder und innen  aus Baumwollstoff gen\u00e4ht.  <\/p>\n<p>Das Gurtband ist mit Karabinern versehen, so kann man die Tasche ganz normal \u00fcber der Schulter tragen, quer und auch als Bauchtasche. Das Gurtband ist verstellbar.<\/p>\n<p>Die Ma\u00dfe sind: 24 cm x 20 cm<\/p>\n","protected":false},"excerpt":{"rendered":"<p>Die Tasche ist aussen aus Kunstleder und innen aus Baumwollstoff gen\u00e4ht. Das Gurtband ist mit Karabinern versehen, so kann man die Tasche ganz normal \u00fcber der Schulter tragen, quer und auch als Bauchtasche. Das Gurtband ist verstellbar. Die Ma\u00dfe sind: 24 cm x 20 cm<\/p>\n","protected":false},"featured_media":1054,"template":"","meta":{"_acf_changed":false},"product_brand":[],"product_cat":[142,95],"product_tag":[],"class_list":{"0":"post-1053","1":"product","2":"type-product","3":"status-publish","4":"has-post-thumbnail","6":"product_cat-handtaschen","7":"product_cat-taschen","9":"first","10":"instock","11":"purchasable","12":"product-type-simple"},"acf":[],"_links":{"self":[{"href":"https:\/\/www.regionalis.shop\/cherrys-world-by-geraldine\/wp-json\/wp\/v2\/product\/1053","targetHints":{"allow":["GET"]}}],"collection":[{"href":"https:\/\/www.regionalis.shop\/cherrys-world-by-geraldine\/wp-json\/wp\/v2\/product"}],"about":[{"href":"https:\/\/www.regionalis.shop\/cherrys-world-by-geraldine\/wp-json\/wp\/v2\/types\/product"}],"wp:featuredmedia":[{"embeddable":true,"href":"https:\/\/www.regionalis.shop\/cherrys-world-by-geraldine\/wp-json\/wp\/v2\/media\/1054"}],"wp:attachment":[{"href":"https:\/\/www.regionalis.shop\/cherrys-world-by-geraldine\/wp-json\/wp\/v2\/media?parent=1053"}],"wp:term":[{"taxonomy":"product_brand","embeddable":true,"href":"https:\/\/www.regionalis.shop\/cherrys-world-by-geraldine\/wp-json\/wp\/v2\/product_brand?post=1053"},{"taxonomy":"product_cat","embeddable":true,"href":"https:\/\/www.regionalis.shop\/cherrys-world-by-geraldine\/wp-json\/wp\/v2\/product_cat?post=1053"},{"taxonomy":"product_tag","embeddable":true,"href":"https:\/\/www.regionalis.shop\/cherrys-world-by-geraldine\/wp-json\/wp\/v2\/product_tag?post=1053"}],"curies":[{"name":"wp","href":"https:\/\/api.w.org\/{rel}","templated":true}]}}