{"id":1056,"date":"2025-04-28T04:16:07","date_gmt":"2025-04-28T02:16:07","guid":{"rendered":"https:\/\/www.regionalis.shop\/cherrys-world-by-geraldine\/product\/krimskramstaeschchen-kosmetiktasche-muscheln-blau\/"},"modified":"2025-04-28T04:16:07","modified_gmt":"2025-04-28T02:16:07","slug":"krimskramstaeschchen-kosmetiktasche-muscheln-blau","status":"publish","type":"product","link":"https:\/\/www.regionalis.shop\/cherrys-world-by-geraldine\/shop\/krimskramstaeschchen-kosmetiktasche-muscheln-blau\/","title":{"rendered":"Krimskramst\u00e4schchen, Kosmetiktasche &#8222;Muscheln blau&#8220;&#8220;"},"content":{"rendered":"<p>Dieses Krimskramst\u00e4schchen ist innen und au\u00dfen aus Wachstuch gen\u00e4ht und kann leicht ausgewischt werden.<\/p>\n<p>Es ist 10 cm x 11 cm gro\u00df.<\/p>\n","protected":false},"excerpt":{"rendered":"<p>Dieses Krimskramst\u00e4schchen ist innen und au\u00dfen aus Wachstuch gen\u00e4ht und kann leicht ausgewischt werden. Es ist 10 cm x 11 cm gro\u00df.<\/p>\n","protected":false},"featured_media":1057,"template":"","meta":{"_acf_changed":false},"product_brand":[],"product_cat":[155,95],"product_tag":[],"class_list":{"0":"post-1056","1":"product","2":"type-product","3":"status-publish","4":"has-post-thumbnail","6":"product_cat-kosmetiktaschen","7":"product_cat-taschen","9":"first","10":"instock","11":"purchasable","12":"product-type-simple"},"acf":[],"_links":{"self":[{"href":"https:\/\/www.regionalis.shop\/cherrys-world-by-geraldine\/wp-json\/wp\/v2\/product\/1056","targetHints":{"allow":["GET"]}}],"collection":[{"href":"https:\/\/www.regionalis.shop\/cherrys-world-by-geraldine\/wp-json\/wp\/v2\/product"}],"about":[{"href":"https:\/\/www.regionalis.shop\/cherrys-world-by-geraldine\/wp-json\/wp\/v2\/types\/product"}],"wp:featuredmedia":[{"embeddable":true,"href":"https:\/\/www.regionalis.shop\/cherrys-world-by-geraldine\/wp-json\/wp\/v2\/media\/1057"}],"wp:attachment":[{"href":"https:\/\/www.regionalis.shop\/cherrys-world-by-geraldine\/wp-json\/wp\/v2\/media?parent=1056"}],"wp:term":[{"taxonomy":"product_brand","embeddable":true,"href":"https:\/\/www.regionalis.shop\/cherrys-world-by-geraldine\/wp-json\/wp\/v2\/product_brand?post=1056"},{"taxonomy":"product_cat","embeddable":true,"href":"https:\/\/www.regionalis.shop\/cherrys-world-by-geraldine\/wp-json\/wp\/v2\/product_cat?post=1056"},{"taxonomy":"product_tag","embeddable":true,"href":"https:\/\/www.regionalis.shop\/cherrys-world-by-geraldine\/wp-json\/wp\/v2\/product_tag?post=1056"}],"curies":[{"name":"wp","href":"https:\/\/api.w.org\/{rel}","templated":true}]}}