{"id":1146,"date":"2025-04-28T03:44:11","date_gmt":"2025-04-28T01:44:11","guid":{"rendered":"https:\/\/www.regionalis.shop\/cherrys-world-by-geraldine\/product\/urlaubskit-federpenal-kosmetiktasche-gaense\/"},"modified":"2025-04-28T03:44:11","modified_gmt":"2025-04-28T01:44:11","slug":"urlaubskit-federpenal-kosmetiktasche-gaense","status":"publish","type":"product","link":"https:\/\/www.regionalis.shop\/cherrys-world-by-geraldine\/shop\/urlaubskit-federpenal-kosmetiktasche-gaense\/","title":{"rendered":"Urlaubskit \/ Federpenal \/ Kosmetiktasche &#8222;G\u00e4nse&#8220;"},"content":{"rendered":"<p>Im Urlaubskit ist alles drinnen was man auf die schnelle im Urlaub brauchen kann und gut ins Handgep\u00e4ck passt.<\/p>\n<p>Folgender Inhalt ist im Urlaubskit:<\/p>\n<p>bunte Zahnb\u00fcrste mit kleiner Zahnpasta<br \/>\nSchlafmaske<br \/>\nOropax<br \/>\n2 kleine Feilen<br \/>\n1 Gummiband f\u00fcr die Haare<br \/>\ndiverse Pflaster (4 St\u00fcck)<br \/>\n2 Reinigungst\u00fccher (als Tablette &#8211; mit wenig Wasser wird dies zu einem    feuchten Reinigungstuch)<br \/>\nReisen\u00e4hzeug<\/p>\n<p>Es ist noch Platz um eigene Sachen reinzugeben. <\/p>\n<p>Das T\u00e4schchen ist aussen und innen aus Baumwollstoff gen\u00e4ht. <\/p>\n<p>Das T\u00e4schchen kann auch super als Federpenal, Krimskrams- oder Kosmetiktasche verwendet werden.<\/p>\n<p>Es ist 21 cm x 11 cm gro\u00df<\/p>\n","protected":false},"excerpt":{"rendered":"<p>Im Urlaubskit ist alles drinnen was man auf die schnelle im Urlaub brauchen kann und gut ins Handgep\u00e4ck passt. Folgender Inhalt ist im Urlaubskit: bunte Zahnb\u00fcrste mit kleiner Zahnpasta Schlafmaske Oropax 2 kleine Feilen 1 Gummiband f\u00fcr die Haare diverse Pflaster (4 St\u00fcck) 2 Reinigungst\u00fccher (als Tablette &#8211; mit wenig Wasser wird dies zu einem &hellip; <a href=\"https:\/\/www.regionalis.shop\/cherrys-world-by-geraldine\/shop\/urlaubskit-federpenal-kosmetiktasche-gaense\/\">Continued<\/a><\/p>\n","protected":false},"featured_media":1147,"template":"","meta":{"_acf_changed":false},"product_brand":[],"product_cat":[155,95],"product_tag":[],"class_list":{"0":"post-1146","1":"product","2":"type-product","3":"status-publish","4":"has-post-thumbnail","6":"product_cat-kosmetiktaschen","7":"product_cat-taschen","9":"first","10":"instock","11":"purchasable","12":"product-type-simple"},"acf":[],"_links":{"self":[{"href":"https:\/\/www.regionalis.shop\/cherrys-world-by-geraldine\/wp-json\/wp\/v2\/product\/1146","targetHints":{"allow":["GET"]}}],"collection":[{"href":"https:\/\/www.regionalis.shop\/cherrys-world-by-geraldine\/wp-json\/wp\/v2\/product"}],"about":[{"href":"https:\/\/www.regionalis.shop\/cherrys-world-by-geraldine\/wp-json\/wp\/v2\/types\/product"}],"wp:featuredmedia":[{"embeddable":true,"href":"https:\/\/www.regionalis.shop\/cherrys-world-by-geraldine\/wp-json\/wp\/v2\/media\/1147"}],"wp:attachment":[{"href":"https:\/\/www.regionalis.shop\/cherrys-world-by-geraldine\/wp-json\/wp\/v2\/media?parent=1146"}],"wp:term":[{"taxonomy":"product_brand","embeddable":true,"href":"https:\/\/www.regionalis.shop\/cherrys-world-by-geraldine\/wp-json\/wp\/v2\/product_brand?post=1146"},{"taxonomy":"product_cat","embeddable":true,"href":"https:\/\/www.regionalis.shop\/cherrys-world-by-geraldine\/wp-json\/wp\/v2\/product_cat?post=1146"},{"taxonomy":"product_tag","embeddable":true,"href":"https:\/\/www.regionalis.shop\/cherrys-world-by-geraldine\/wp-json\/wp\/v2\/product_tag?post=1146"}],"curies":[{"name":"wp","href":"https:\/\/api.w.org\/{rel}","templated":true}]}}