{"id":1180,"date":"2025-04-18T04:10:30","date_gmt":"2025-04-18T02:10:30","guid":{"rendered":"https:\/\/www.regionalis.shop\/cherrys-world-by-geraldine\/product\/bubble-kerzen-set\/"},"modified":"2025-04-18T04:10:30","modified_gmt":"2025-04-18T02:10:30","slug":"bubble-kerzen-set","status":"publish","type":"product","link":"https:\/\/www.regionalis.shop\/cherrys-world-by-geraldine\/shop\/bubble-kerzen-set\/","title":{"rendered":"Bubble Kerzen Set"},"content":{"rendered":"<p>\u2022 100% aus Paraffinwachs gefertigt &#8211; Ohne Palm\u00f6l<br \/>\n\u2022  Unparf\u00fcmiert<br \/>\n\u2022 Influencer IT-Piece<\/p>\n<p>Gro\u00df: circa 6 x 6 cm<br \/>\nKlein: circa 3,5 x 3,5 cm<\/p>\n<p>Docht vor Gebrauch k\u00fcrzen.<\/p>\n<p>Nur auf hitzebest\u00e4ndigen Untergrund anz\u00fcnden. <\/p>\n<p>Jede Kerze wird von Hand gefertigt und kann daher leicht in Form und Gr\u00f6\u00dfe abweichen &#8211; ein einzigartiges Unikat.<\/p>\n<p>Das Set ist in einem Cellopansackerl &#8211; so kann man es gut als Geschenk verwenden.<\/p>\n","protected":false},"excerpt":{"rendered":"<p>\u2022 100% aus Paraffinwachs gefertigt &#8211; Ohne Palm\u00f6l \u2022 Unparf\u00fcmiert \u2022 Influencer IT-Piece Gro\u00df: circa 6 x 6 cm Klein: circa 3,5 x 3,5 cm Docht vor Gebrauch k\u00fcrzen. Nur auf hitzebest\u00e4ndigen Untergrund anz\u00fcnden. Jede Kerze wird von Hand gefertigt und kann daher leicht in Form und Gr\u00f6\u00dfe abweichen &#8211; ein einzigartiges Unikat. Das Set &hellip; <a href=\"https:\/\/www.regionalis.shop\/cherrys-world-by-geraldine\/shop\/bubble-kerzen-set\/\">Continued<\/a><\/p>\n","protected":false},"featured_media":1181,"template":"","meta":{"_acf_changed":false},"product_brand":[],"product_cat":[151,103],"product_tag":[],"class_list":{"0":"post-1180","1":"product","2":"type-product","3":"status-publish","4":"has-post-thumbnail","6":"product_cat-kerzen-kerzenstaender","7":"product_cat-wohnen-deko","9":"first","10":"instock","11":"purchasable","12":"product-type-simple"},"acf":[],"_links":{"self":[{"href":"https:\/\/www.regionalis.shop\/cherrys-world-by-geraldine\/wp-json\/wp\/v2\/product\/1180","targetHints":{"allow":["GET"]}}],"collection":[{"href":"https:\/\/www.regionalis.shop\/cherrys-world-by-geraldine\/wp-json\/wp\/v2\/product"}],"about":[{"href":"https:\/\/www.regionalis.shop\/cherrys-world-by-geraldine\/wp-json\/wp\/v2\/types\/product"}],"wp:featuredmedia":[{"embeddable":true,"href":"https:\/\/www.regionalis.shop\/cherrys-world-by-geraldine\/wp-json\/wp\/v2\/media\/1181"}],"wp:attachment":[{"href":"https:\/\/www.regionalis.shop\/cherrys-world-by-geraldine\/wp-json\/wp\/v2\/media?parent=1180"}],"wp:term":[{"taxonomy":"product_brand","embeddable":true,"href":"https:\/\/www.regionalis.shop\/cherrys-world-by-geraldine\/wp-json\/wp\/v2\/product_brand?post=1180"},{"taxonomy":"product_cat","embeddable":true,"href":"https:\/\/www.regionalis.shop\/cherrys-world-by-geraldine\/wp-json\/wp\/v2\/product_cat?post=1180"},{"taxonomy":"product_tag","embeddable":true,"href":"https:\/\/www.regionalis.shop\/cherrys-world-by-geraldine\/wp-json\/wp\/v2\/product_tag?post=1180"}],"curies":[{"name":"wp","href":"https:\/\/api.w.org\/{rel}","templated":true}]}}