{"id":1194,"date":"2025-04-18T02:52:18","date_gmt":"2025-04-18T00:52:18","guid":{"rendered":"https:\/\/www.regionalis.shop\/cherrys-world-by-geraldine\/product\/kerze-auf-betonsockel-violetttoene-3\/"},"modified":"2025-04-18T02:52:18","modified_gmt":"2025-04-18T00:52:18","slug":"kerze-auf-betonsockel-violetttoene-3","status":"publish","type":"product","link":"https:\/\/www.regionalis.shop\/cherrys-world-by-geraldine\/shop\/kerze-auf-betonsockel-violetttoene-3\/","title":{"rendered":"Kerze auf Betonsockel &#8222;Violettt\u00f6ne 3&#8220;"},"content":{"rendered":"<p>Die Kerze ist ein tolles ungew\u00f6hliches Dekoobjekt und sieht angez\u00fcndet einfach wunderbar aus. <\/p>\n<p>Das Wachs wurde auf einen Sockel aus Beton gegossen. <\/p>\n<p>Die Kerze hat 5 Schichten aus verschiedenen Farben ohne Duftstoffe. <\/p>\n<p>Sie hat eine L\u00e4nge von 9 cm, eine H\u00f6he von 10,5 cm und eine Tiefe von 6 cm.<\/p>\n","protected":false},"excerpt":{"rendered":"<p>Die Kerze ist ein tolles ungew\u00f6hliches Dekoobjekt und sieht angez\u00fcndet einfach wunderbar aus. Das Wachs wurde auf einen Sockel aus Beton gegossen. Die Kerze hat 5 Schichten aus verschiedenen Farben ohne Duftstoffe. Sie hat eine L\u00e4nge von 9 cm, eine H\u00f6he von 10,5 cm und eine Tiefe von 6 cm.<\/p>\n","protected":false},"featured_media":1195,"template":"","meta":{"_acf_changed":false},"product_brand":[],"product_cat":[151,103],"product_tag":[],"class_list":{"0":"post-1194","1":"product","2":"type-product","3":"status-publish","4":"has-post-thumbnail","6":"product_cat-kerzen-kerzenstaender","7":"product_cat-wohnen-deko","9":"first","10":"instock","11":"purchasable","12":"product-type-simple"},"acf":[],"_links":{"self":[{"href":"https:\/\/www.regionalis.shop\/cherrys-world-by-geraldine\/wp-json\/wp\/v2\/product\/1194","targetHints":{"allow":["GET"]}}],"collection":[{"href":"https:\/\/www.regionalis.shop\/cherrys-world-by-geraldine\/wp-json\/wp\/v2\/product"}],"about":[{"href":"https:\/\/www.regionalis.shop\/cherrys-world-by-geraldine\/wp-json\/wp\/v2\/types\/product"}],"wp:featuredmedia":[{"embeddable":true,"href":"https:\/\/www.regionalis.shop\/cherrys-world-by-geraldine\/wp-json\/wp\/v2\/media\/1195"}],"wp:attachment":[{"href":"https:\/\/www.regionalis.shop\/cherrys-world-by-geraldine\/wp-json\/wp\/v2\/media?parent=1194"}],"wp:term":[{"taxonomy":"product_brand","embeddable":true,"href":"https:\/\/www.regionalis.shop\/cherrys-world-by-geraldine\/wp-json\/wp\/v2\/product_brand?post=1194"},{"taxonomy":"product_cat","embeddable":true,"href":"https:\/\/www.regionalis.shop\/cherrys-world-by-geraldine\/wp-json\/wp\/v2\/product_cat?post=1194"},{"taxonomy":"product_tag","embeddable":true,"href":"https:\/\/www.regionalis.shop\/cherrys-world-by-geraldine\/wp-json\/wp\/v2\/product_tag?post=1194"}],"curies":[{"name":"wp","href":"https:\/\/api.w.org\/{rel}","templated":true}]}}