{"id":1204,"date":"2025-04-18T02:52:18","date_gmt":"2025-04-18T00:52:18","guid":{"rendered":"https:\/\/www.regionalis.shop\/cherrys-world-by-geraldine\/product\/makramee-schluesselanhaenger-weiss-schlaufe-1\/"},"modified":"2025-04-18T02:52:18","modified_gmt":"2025-04-18T00:52:18","slug":"makramee-schluesselanhaenger-weiss-schlaufe-1","status":"publish","type":"product","link":"https:\/\/www.regionalis.shop\/cherrys-world-by-geraldine\/shop\/makramee-schluesselanhaenger-weiss-schlaufe-1\/","title":{"rendered":"Makramee Schl\u00fcsselanh\u00e4nger &#8222;weiss Schlaufe 1&#8220;"},"content":{"rendered":"<p>Dieser bezauberne Schl\u00fcsselanh\u00e4nger ist ein Blickfang und auch noch praktisch.<\/p>\n<p>Der schwarze Karabiner hat einen Ring, wo die Garne gekn\u00fcpft wurden und auch noch Platz f\u00fcr einen Schl\u00fcsselring hat. <\/p>\n<p>Der Garn ist weich und geschmeidig und hat eine L\u00e4nge von 12 cm + 4,5 cm Karabiner<\/p>\n","protected":false},"excerpt":{"rendered":"<p>Dieser bezauberne Schl\u00fcsselanh\u00e4nger ist ein Blickfang und auch noch praktisch. Der schwarze Karabiner hat einen Ring, wo die Garne gekn\u00fcpft wurden und auch noch Platz f\u00fcr einen Schl\u00fcsselring hat. Der Garn ist weich und geschmeidig und hat eine L\u00e4nge von 12 cm + 4,5 cm Karabiner<\/p>\n","protected":false},"featured_media":1205,"template":"","meta":{"_acf_changed":false},"product_brand":[],"product_cat":[37,68],"product_tag":[],"class_list":{"0":"post-1204","1":"product","2":"type-product","3":"status-publish","4":"has-post-thumbnail","6":"product_cat-accessoires","7":"product_cat-schluesselanhaenger","9":"first","10":"instock","11":"purchasable","12":"product-type-simple"},"acf":[],"_links":{"self":[{"href":"https:\/\/www.regionalis.shop\/cherrys-world-by-geraldine\/wp-json\/wp\/v2\/product\/1204","targetHints":{"allow":["GET"]}}],"collection":[{"href":"https:\/\/www.regionalis.shop\/cherrys-world-by-geraldine\/wp-json\/wp\/v2\/product"}],"about":[{"href":"https:\/\/www.regionalis.shop\/cherrys-world-by-geraldine\/wp-json\/wp\/v2\/types\/product"}],"wp:featuredmedia":[{"embeddable":true,"href":"https:\/\/www.regionalis.shop\/cherrys-world-by-geraldine\/wp-json\/wp\/v2\/media\/1205"}],"wp:attachment":[{"href":"https:\/\/www.regionalis.shop\/cherrys-world-by-geraldine\/wp-json\/wp\/v2\/media?parent=1204"}],"wp:term":[{"taxonomy":"product_brand","embeddable":true,"href":"https:\/\/www.regionalis.shop\/cherrys-world-by-geraldine\/wp-json\/wp\/v2\/product_brand?post=1204"},{"taxonomy":"product_cat","embeddable":true,"href":"https:\/\/www.regionalis.shop\/cherrys-world-by-geraldine\/wp-json\/wp\/v2\/product_cat?post=1204"},{"taxonomy":"product_tag","embeddable":true,"href":"https:\/\/www.regionalis.shop\/cherrys-world-by-geraldine\/wp-json\/wp\/v2\/product_tag?post=1204"}],"curies":[{"name":"wp","href":"https:\/\/api.w.org\/{rel}","templated":true}]}}