{"id":1255,"date":"2025-04-18T02:35:16","date_gmt":"2025-04-18T00:35:16","guid":{"rendered":"https:\/\/www.regionalis.shop\/cherrys-world-by-geraldine\/product\/kette-blume-margerite-rosa-laenglich\/"},"modified":"2025-04-18T02:35:16","modified_gmt":"2025-04-18T00:35:16","slug":"kette-blume-margerite-rosa-laenglich","status":"publish","type":"product","link":"https:\/\/www.regionalis.shop\/cherrys-world-by-geraldine\/shop\/kette-blume-margerite-rosa-laenglich\/","title":{"rendered":"Kette Blume &#8222;Margerite rosa&#8220; l\u00e4nglich"},"content":{"rendered":"<p>Die Kette ist der perfekte Hingucker und l\u00e4sst sich perfekt mit jedem Outfit kombinieren. <\/p>\n<p>Der Anh\u00e4nger ist aus Gie\u00dfharz gegossen. Die Blume wurde getrocknet und in das Harz eingebettet. <\/p>\n<p>Die Kette hat eine L\u00e4nge von 36 cm (Ohne Anh\u00e4nger)<br \/>\nDer Anh\u00e4nger hat eine L\u00e4nge von 5 cm<\/p>\n","protected":false},"excerpt":{"rendered":"<p>Die Kette ist der perfekte Hingucker und l\u00e4sst sich perfekt mit jedem Outfit kombinieren. Der Anh\u00e4nger ist aus Gie\u00dfharz gegossen. Die Blume wurde getrocknet und in das Harz eingebettet. Die Kette hat eine L\u00e4nge von 36 cm (Ohne Anh\u00e4nger) Der Anh\u00e4nger hat eine L\u00e4nge von 5 cm<\/p>\n","protected":false},"featured_media":1256,"template":"","meta":{"_acf_changed":false},"product_brand":[],"product_cat":[141,70],"product_tag":[],"class_list":{"0":"post-1255","1":"product","2":"type-product","3":"status-publish","4":"has-post-thumbnail","6":"product_cat-halsketten","7":"product_cat-schmuck","9":"first","10":"instock","11":"purchasable","12":"product-type-simple"},"acf":[],"_links":{"self":[{"href":"https:\/\/www.regionalis.shop\/cherrys-world-by-geraldine\/wp-json\/wp\/v2\/product\/1255","targetHints":{"allow":["GET"]}}],"collection":[{"href":"https:\/\/www.regionalis.shop\/cherrys-world-by-geraldine\/wp-json\/wp\/v2\/product"}],"about":[{"href":"https:\/\/www.regionalis.shop\/cherrys-world-by-geraldine\/wp-json\/wp\/v2\/types\/product"}],"wp:featuredmedia":[{"embeddable":true,"href":"https:\/\/www.regionalis.shop\/cherrys-world-by-geraldine\/wp-json\/wp\/v2\/media\/1256"}],"wp:attachment":[{"href":"https:\/\/www.regionalis.shop\/cherrys-world-by-geraldine\/wp-json\/wp\/v2\/media?parent=1255"}],"wp:term":[{"taxonomy":"product_brand","embeddable":true,"href":"https:\/\/www.regionalis.shop\/cherrys-world-by-geraldine\/wp-json\/wp\/v2\/product_brand?post=1255"},{"taxonomy":"product_cat","embeddable":true,"href":"https:\/\/www.regionalis.shop\/cherrys-world-by-geraldine\/wp-json\/wp\/v2\/product_cat?post=1255"},{"taxonomy":"product_tag","embeddable":true,"href":"https:\/\/www.regionalis.shop\/cherrys-world-by-geraldine\/wp-json\/wp\/v2\/product_tag?post=1255"}],"curies":[{"name":"wp","href":"https:\/\/api.w.org\/{rel}","templated":true}]}}