{"id":1282,"date":"2025-04-18T01:42:50","date_gmt":"2025-04-17T23:42:50","guid":{"rendered":"https:\/\/www.regionalis.shop\/cherrys-world-by-geraldine\/product\/kuechenhandtuch-waffelpique\/"},"modified":"2025-04-18T01:42:50","modified_gmt":"2025-04-17T23:42:50","slug":"kuechenhandtuch-waffelpique","status":"publish","type":"product","link":"https:\/\/www.regionalis.shop\/cherrys-world-by-geraldine\/shop\/kuechenhandtuch-waffelpique\/","title":{"rendered":"K\u00fcchenhandtuch Waffelpiqu\u00e9"},"content":{"rendered":"<p>Das K\u00fcchenhandtuch ist aus Waffelpiqu\u00e9, das aus 100 % Baumwolle besteht. Es ist eine eigene Art der Webtechnik, um eine &#8222;Wabe&#8220; zu erhalten. Das Material ist sehr angenehm.<\/p>\n<p>Es hat die Ma\u00dfe 40 cm x 60 cm mit einer Schlaufe an einer Ecke.<\/p>\n<p>Deko vom Bild ist nicht enthalten. Es sind 2 Handt\u00fccher am Bild um zu zeigen wie es ausgebreitet aussieht und zusammengerollt.<\/p>\n","protected":false},"excerpt":{"rendered":"<p>Das K\u00fcchenhandtuch ist aus Waffelpiqu\u00e9, das aus 100 % Baumwolle besteht. Es ist eine eigene Art der Webtechnik, um eine &#8222;Wabe&#8220; zu erhalten. Das Material ist sehr angenehm. Es hat die Ma\u00dfe 40 cm x 60 cm mit einer Schlaufe an einer Ecke. Deko vom Bild ist nicht enthalten. Es sind 2 Handt\u00fccher am Bild &hellip; <a href=\"https:\/\/www.regionalis.shop\/cherrys-world-by-geraldine\/shop\/kuechenhandtuch-waffelpique\/\">Continued<\/a><\/p>\n","protected":false},"featured_media":1283,"template":"","meta":{"_acf_changed":false},"product_brand":[],"product_cat":[103,104],"product_tag":[],"class_list":{"0":"post-1282","1":"product","2":"type-product","3":"status-publish","4":"has-post-thumbnail","6":"product_cat-wohnen-deko","7":"product_cat-wohntextilien","9":"first","10":"instock","11":"purchasable","12":"product-type-simple"},"acf":[],"_links":{"self":[{"href":"https:\/\/www.regionalis.shop\/cherrys-world-by-geraldine\/wp-json\/wp\/v2\/product\/1282","targetHints":{"allow":["GET"]}}],"collection":[{"href":"https:\/\/www.regionalis.shop\/cherrys-world-by-geraldine\/wp-json\/wp\/v2\/product"}],"about":[{"href":"https:\/\/www.regionalis.shop\/cherrys-world-by-geraldine\/wp-json\/wp\/v2\/types\/product"}],"wp:featuredmedia":[{"embeddable":true,"href":"https:\/\/www.regionalis.shop\/cherrys-world-by-geraldine\/wp-json\/wp\/v2\/media\/1283"}],"wp:attachment":[{"href":"https:\/\/www.regionalis.shop\/cherrys-world-by-geraldine\/wp-json\/wp\/v2\/media?parent=1282"}],"wp:term":[{"taxonomy":"product_brand","embeddable":true,"href":"https:\/\/www.regionalis.shop\/cherrys-world-by-geraldine\/wp-json\/wp\/v2\/product_brand?post=1282"},{"taxonomy":"product_cat","embeddable":true,"href":"https:\/\/www.regionalis.shop\/cherrys-world-by-geraldine\/wp-json\/wp\/v2\/product_cat?post=1282"},{"taxonomy":"product_tag","embeddable":true,"href":"https:\/\/www.regionalis.shop\/cherrys-world-by-geraldine\/wp-json\/wp\/v2\/product_tag?post=1282"}],"curies":[{"name":"wp","href":"https:\/\/api.w.org\/{rel}","templated":true}]}}