{"id":1311,"date":"2025-04-18T00:46:43","date_gmt":"2025-04-17T22:46:43","guid":{"rendered":"https:\/\/www.regionalis.shop\/cherrys-world-by-geraldine\/product\/tasche-2\/"},"modified":"2025-04-18T00:46:43","modified_gmt":"2025-04-17T22:46:43","slug":"tasche-2","status":"publish","type":"product","link":"https:\/\/www.regionalis.shop\/cherrys-world-by-geraldine\/shop\/tasche-2\/","title":{"rendered":"Tasche"},"content":{"rendered":"<p>Die Tasche ist aus Baumwollstoff gen\u00e4ht<\/p>\n<p>Verschlie\u00dfbar ist sie mittels der Lasche. Innen ist noch ein kleines Fach &#8211; au\u00dfen ist unter der Lasche noch ein kleines Fach, welches mittels Druckknopf verschlie\u00dfbar ist. <\/p>\n<p>Der Gurt ist  75 cm lang.<\/p>\n<p>Die Ma\u00dfe sind:<\/p>\n<p>B 33 cm<br \/>\nT 13 cm<br \/>\nH 27 cm<\/p>\n","protected":false},"excerpt":{"rendered":"<p>Die Tasche ist aus Baumwollstoff gen\u00e4ht Verschlie\u00dfbar ist sie mittels der Lasche. Innen ist noch ein kleines Fach &#8211; au\u00dfen ist unter der Lasche noch ein kleines Fach, welches mittels Druckknopf verschlie\u00dfbar ist. Der Gurt ist 75 cm lang. Die Ma\u00dfe sind: B 33 cm T 13 cm H 27 cm<\/p>\n","protected":false},"featured_media":1312,"template":"","meta":{"_acf_changed":false},"product_brand":[],"product_cat":[142,95],"product_tag":[],"class_list":{"0":"post-1311","1":"product","2":"type-product","3":"status-publish","4":"has-post-thumbnail","6":"product_cat-handtaschen","7":"product_cat-taschen","9":"first","10":"instock","11":"purchasable","12":"product-type-simple"},"acf":[],"_links":{"self":[{"href":"https:\/\/www.regionalis.shop\/cherrys-world-by-geraldine\/wp-json\/wp\/v2\/product\/1311","targetHints":{"allow":["GET"]}}],"collection":[{"href":"https:\/\/www.regionalis.shop\/cherrys-world-by-geraldine\/wp-json\/wp\/v2\/product"}],"about":[{"href":"https:\/\/www.regionalis.shop\/cherrys-world-by-geraldine\/wp-json\/wp\/v2\/types\/product"}],"wp:featuredmedia":[{"embeddable":true,"href":"https:\/\/www.regionalis.shop\/cherrys-world-by-geraldine\/wp-json\/wp\/v2\/media\/1312"}],"wp:attachment":[{"href":"https:\/\/www.regionalis.shop\/cherrys-world-by-geraldine\/wp-json\/wp\/v2\/media?parent=1311"}],"wp:term":[{"taxonomy":"product_brand","embeddable":true,"href":"https:\/\/www.regionalis.shop\/cherrys-world-by-geraldine\/wp-json\/wp\/v2\/product_brand?post=1311"},{"taxonomy":"product_cat","embeddable":true,"href":"https:\/\/www.regionalis.shop\/cherrys-world-by-geraldine\/wp-json\/wp\/v2\/product_cat?post=1311"},{"taxonomy":"product_tag","embeddable":true,"href":"https:\/\/www.regionalis.shop\/cherrys-world-by-geraldine\/wp-json\/wp\/v2\/product_tag?post=1311"}],"curies":[{"name":"wp","href":"https:\/\/api.w.org\/{rel}","templated":true}]}}