{"id":1316,"date":"2025-04-18T00:46:43","date_gmt":"2025-04-17T22:46:43","guid":{"rendered":"https:\/\/www.regionalis.shop\/cherrys-world-by-geraldine\/product\/tasche-stars-stripes\/"},"modified":"2025-04-18T00:46:43","modified_gmt":"2025-04-17T22:46:43","slug":"tasche-stars-stripes","status":"publish","type":"product","link":"https:\/\/www.regionalis.shop\/cherrys-world-by-geraldine\/shop\/tasche-stars-stripes\/","title":{"rendered":"Tasche &#8222;Stars &#038; Stripes&#8220;"},"content":{"rendered":"<p>Die Tasche ist aus Kunstleder gen\u00e4ht, mit einer Klappe aus Baumwollstoff. <\/p>\n<p>Verschlie\u00dfbar ist sie mittels Klettverschluss, allerdings ist innen in der Tasche ein gro\u00dfes Zippfach f\u00fcr Wertgegenst\u00e4nde. <\/p>\n<p>Der Gurt ist verstellbar.<\/p>\n<p>Die Ma\u00dfe sind:<\/p>\n<p>B 27 cm<br \/>\nT 12 cm an der breitesten Stelle<br \/>\nH 24 cm<\/p>\n","protected":false},"excerpt":{"rendered":"<p>Die Tasche ist aus Kunstleder gen\u00e4ht, mit einer Klappe aus Baumwollstoff. Verschlie\u00dfbar ist sie mittels Klettverschluss, allerdings ist innen in der Tasche ein gro\u00dfes Zippfach f\u00fcr Wertgegenst\u00e4nde. Der Gurt ist verstellbar. Die Ma\u00dfe sind: B 27 cm T 12 cm an der breitesten Stelle H 24 cm<\/p>\n","protected":false},"featured_media":1317,"template":"","meta":{"_acf_changed":false},"product_brand":[],"product_cat":[142,95],"product_tag":[],"class_list":{"0":"post-1316","1":"product","2":"type-product","3":"status-publish","4":"has-post-thumbnail","6":"product_cat-handtaschen","7":"product_cat-taschen","9":"first","10":"instock","11":"purchasable","12":"product-type-simple"},"acf":[],"_links":{"self":[{"href":"https:\/\/www.regionalis.shop\/cherrys-world-by-geraldine\/wp-json\/wp\/v2\/product\/1316","targetHints":{"allow":["GET"]}}],"collection":[{"href":"https:\/\/www.regionalis.shop\/cherrys-world-by-geraldine\/wp-json\/wp\/v2\/product"}],"about":[{"href":"https:\/\/www.regionalis.shop\/cherrys-world-by-geraldine\/wp-json\/wp\/v2\/types\/product"}],"wp:featuredmedia":[{"embeddable":true,"href":"https:\/\/www.regionalis.shop\/cherrys-world-by-geraldine\/wp-json\/wp\/v2\/media\/1317"}],"wp:attachment":[{"href":"https:\/\/www.regionalis.shop\/cherrys-world-by-geraldine\/wp-json\/wp\/v2\/media?parent=1316"}],"wp:term":[{"taxonomy":"product_brand","embeddable":true,"href":"https:\/\/www.regionalis.shop\/cherrys-world-by-geraldine\/wp-json\/wp\/v2\/product_brand?post=1316"},{"taxonomy":"product_cat","embeddable":true,"href":"https:\/\/www.regionalis.shop\/cherrys-world-by-geraldine\/wp-json\/wp\/v2\/product_cat?post=1316"},{"taxonomy":"product_tag","embeddable":true,"href":"https:\/\/www.regionalis.shop\/cherrys-world-by-geraldine\/wp-json\/wp\/v2\/product_tag?post=1316"}],"curies":[{"name":"wp","href":"https:\/\/api.w.org\/{rel}","templated":true}]}}