{"id":1319,"date":"2025-04-18T00:46:43","date_gmt":"2025-04-17T22:46:43","guid":{"rendered":"https:\/\/www.regionalis.shop\/cherrys-world-by-geraldine\/product\/shopper-meerweh\/"},"modified":"2025-04-18T00:46:43","modified_gmt":"2025-04-17T22:46:43","slug":"shopper-meerweh","status":"publish","type":"product","link":"https:\/\/www.regionalis.shop\/cherrys-world-by-geraldine\/shop\/shopper-meerweh\/","title":{"rendered":"Shopper &#8222;Meerweh&#8220;"},"content":{"rendered":"<p>Der Stoffshopper ist ideal f\u00fcr den Einkauf zwischendurch. Er ist au\u00dfen und innen aus Baumwollstoff gen\u00e4ht und damit er leicht bleibt, nur leicht gef\u00fcttert.<\/p>\n<p>Innen ist ein kleinen Fach mit Druckknopf.<\/p>\n<p>Die Tr\u00e4ger sind auch aus Gurtband. Sie sind 65 cm lang.<\/p>\n<p>Die Ma\u00dfe sind:<br \/>\nB 42 cm<br \/>\nL 40 cm <\/p>\n<p>Der Shopper ist bei 40\u00b0C waschbar.<\/p>\n","protected":false},"excerpt":{"rendered":"<p>Der Stoffshopper ist ideal f\u00fcr den Einkauf zwischendurch. Er ist au\u00dfen und innen aus Baumwollstoff gen\u00e4ht und damit er leicht bleibt, nur leicht gef\u00fcttert. Innen ist ein kleinen Fach mit Druckknopf. Die Tr\u00e4ger sind auch aus Gurtband. Sie sind 65 cm lang. Die Ma\u00dfe sind: B 42 cm L 40 cm Der Shopper ist bei &hellip; <a href=\"https:\/\/www.regionalis.shop\/cherrys-world-by-geraldine\/shop\/shopper-meerweh\/\">Continued<\/a><\/p>\n","protected":false},"featured_media":1320,"template":"","meta":{"_acf_changed":false},"product_brand":[],"product_cat":[171,95],"product_tag":[],"class_list":{"0":"post-1319","1":"product","2":"type-product","3":"status-publish","4":"has-post-thumbnail","6":"product_cat-stoffsackerl-einkaufstaschen","7":"product_cat-taschen","9":"first","10":"instock","11":"purchasable","12":"product-type-simple"},"acf":[],"_links":{"self":[{"href":"https:\/\/www.regionalis.shop\/cherrys-world-by-geraldine\/wp-json\/wp\/v2\/product\/1319","targetHints":{"allow":["GET"]}}],"collection":[{"href":"https:\/\/www.regionalis.shop\/cherrys-world-by-geraldine\/wp-json\/wp\/v2\/product"}],"about":[{"href":"https:\/\/www.regionalis.shop\/cherrys-world-by-geraldine\/wp-json\/wp\/v2\/types\/product"}],"wp:featuredmedia":[{"embeddable":true,"href":"https:\/\/www.regionalis.shop\/cherrys-world-by-geraldine\/wp-json\/wp\/v2\/media\/1320"}],"wp:attachment":[{"href":"https:\/\/www.regionalis.shop\/cherrys-world-by-geraldine\/wp-json\/wp\/v2\/media?parent=1319"}],"wp:term":[{"taxonomy":"product_brand","embeddable":true,"href":"https:\/\/www.regionalis.shop\/cherrys-world-by-geraldine\/wp-json\/wp\/v2\/product_brand?post=1319"},{"taxonomy":"product_cat","embeddable":true,"href":"https:\/\/www.regionalis.shop\/cherrys-world-by-geraldine\/wp-json\/wp\/v2\/product_cat?post=1319"},{"taxonomy":"product_tag","embeddable":true,"href":"https:\/\/www.regionalis.shop\/cherrys-world-by-geraldine\/wp-json\/wp\/v2\/product_tag?post=1319"}],"curies":[{"name":"wp","href":"https:\/\/api.w.org\/{rel}","templated":true}]}}