{"id":1321,"date":"2025-04-18T00:46:43","date_gmt":"2025-04-17T22:46:43","guid":{"rendered":"https:\/\/www.regionalis.shop\/cherrys-world-by-geraldine\/product\/shopper\/"},"modified":"2025-04-18T00:46:43","modified_gmt":"2025-04-17T22:46:43","slug":"shopper","status":"publish","type":"product","link":"https:\/\/www.regionalis.shop\/cherrys-world-by-geraldine\/shop\/shopper\/","title":{"rendered":"Shopper"},"content":{"rendered":"<p>Der Stoffshopper ist ideal f\u00fcr den Einkauf zwischendurch. Er ist au\u00dfen und innen aus Baumwollstoff gen\u00e4ht und damit er leicht bleibt, nicht gef\u00fcttert.<\/p>\n<p>Die Tr\u00e4ger sind auch aus stabiler Baumwolle. Sie sind 85 cm lang.<\/p>\n<p>Die Ma\u00dfe sind:<br \/>\nB 45 cm<br \/>\nL 44 cm <\/p>\n<p>Der Shopper ist bei 40\u00b0C waschbar.<\/p>\n","protected":false},"excerpt":{"rendered":"<p>Der Stoffshopper ist ideal f\u00fcr den Einkauf zwischendurch. Er ist au\u00dfen und innen aus Baumwollstoff gen\u00e4ht und damit er leicht bleibt, nicht gef\u00fcttert. Die Tr\u00e4ger sind auch aus stabiler Baumwolle. Sie sind 85 cm lang. Die Ma\u00dfe sind: B 45 cm L 44 cm Der Shopper ist bei 40\u00b0C waschbar.<\/p>\n","protected":false},"featured_media":1322,"template":"","meta":{"_acf_changed":false},"product_brand":[],"product_cat":[171,95],"product_tag":[],"class_list":{"0":"post-1321","1":"product","2":"type-product","3":"status-publish","4":"has-post-thumbnail","6":"product_cat-stoffsackerl-einkaufstaschen","7":"product_cat-taschen","9":"first","10":"instock","11":"purchasable","12":"product-type-simple"},"acf":[],"_links":{"self":[{"href":"https:\/\/www.regionalis.shop\/cherrys-world-by-geraldine\/wp-json\/wp\/v2\/product\/1321","targetHints":{"allow":["GET"]}}],"collection":[{"href":"https:\/\/www.regionalis.shop\/cherrys-world-by-geraldine\/wp-json\/wp\/v2\/product"}],"about":[{"href":"https:\/\/www.regionalis.shop\/cherrys-world-by-geraldine\/wp-json\/wp\/v2\/types\/product"}],"wp:featuredmedia":[{"embeddable":true,"href":"https:\/\/www.regionalis.shop\/cherrys-world-by-geraldine\/wp-json\/wp\/v2\/media\/1322"}],"wp:attachment":[{"href":"https:\/\/www.regionalis.shop\/cherrys-world-by-geraldine\/wp-json\/wp\/v2\/media?parent=1321"}],"wp:term":[{"taxonomy":"product_brand","embeddable":true,"href":"https:\/\/www.regionalis.shop\/cherrys-world-by-geraldine\/wp-json\/wp\/v2\/product_brand?post=1321"},{"taxonomy":"product_cat","embeddable":true,"href":"https:\/\/www.regionalis.shop\/cherrys-world-by-geraldine\/wp-json\/wp\/v2\/product_cat?post=1321"},{"taxonomy":"product_tag","embeddable":true,"href":"https:\/\/www.regionalis.shop\/cherrys-world-by-geraldine\/wp-json\/wp\/v2\/product_tag?post=1321"}],"curies":[{"name":"wp","href":"https:\/\/api.w.org\/{rel}","templated":true}]}}