{"id":1328,"date":"2025-04-18T00:46:43","date_gmt":"2025-04-17T22:46:43","guid":{"rendered":"https:\/\/www.regionalis.shop\/cherrys-world-by-geraldine\/product\/kinderwagenmuff-rosa-zuckerln\/"},"modified":"2025-04-18T00:46:43","modified_gmt":"2025-04-17T22:46:43","slug":"kinderwagenmuff-rosa-zuckerln","status":"publish","type":"product","link":"https:\/\/www.regionalis.shop\/cherrys-world-by-geraldine\/shop\/kinderwagenmuff-rosa-zuckerln\/","title":{"rendered":"Kinderwagenmuff &#8222;Rosa Zuckerln&#8220;"},"content":{"rendered":"<p>In der kalten Jahreszeit ist ein Kinderwagenmuff nicht mehr wegzudenken. <\/p>\n<p>Au\u00dfen besteht er aus Baumwollstoff und innen aus sch\u00f6n kuscheligen Teddystoff.  <\/p>\n<p>Befestigt wird er mittels der Druckkn\u00f6pfe.<\/p>\n<p>Der Muff kann bei 40\u00b0C gewaschen werden.<\/p>\n","protected":false},"excerpt":{"rendered":"<p>In der kalten Jahreszeit ist ein Kinderwagenmuff nicht mehr wegzudenken. Au\u00dfen besteht er aus Baumwollstoff und innen aus sch\u00f6n kuscheligen Teddystoff. Befestigt wird er mittels der Druckkn\u00f6pfe. Der Muff kann bei 40\u00b0C gewaschen werden.<\/p>\n","protected":false},"featured_media":1329,"template":"","meta":{"_acf_changed":false},"product_brand":[],"product_cat":[107,38],"product_tag":[],"class_list":{"0":"post-1328","1":"product","2":"type-product","3":"status-publish","4":"has-post-thumbnail","6":"product_cat-accessoires-baby-kinder","7":"product_cat-baby-kinder","9":"first","10":"instock","11":"purchasable","12":"product-type-simple"},"acf":[],"_links":{"self":[{"href":"https:\/\/www.regionalis.shop\/cherrys-world-by-geraldine\/wp-json\/wp\/v2\/product\/1328","targetHints":{"allow":["GET"]}}],"collection":[{"href":"https:\/\/www.regionalis.shop\/cherrys-world-by-geraldine\/wp-json\/wp\/v2\/product"}],"about":[{"href":"https:\/\/www.regionalis.shop\/cherrys-world-by-geraldine\/wp-json\/wp\/v2\/types\/product"}],"wp:featuredmedia":[{"embeddable":true,"href":"https:\/\/www.regionalis.shop\/cherrys-world-by-geraldine\/wp-json\/wp\/v2\/media\/1329"}],"wp:attachment":[{"href":"https:\/\/www.regionalis.shop\/cherrys-world-by-geraldine\/wp-json\/wp\/v2\/media?parent=1328"}],"wp:term":[{"taxonomy":"product_brand","embeddable":true,"href":"https:\/\/www.regionalis.shop\/cherrys-world-by-geraldine\/wp-json\/wp\/v2\/product_brand?post=1328"},{"taxonomy":"product_cat","embeddable":true,"href":"https:\/\/www.regionalis.shop\/cherrys-world-by-geraldine\/wp-json\/wp\/v2\/product_cat?post=1328"},{"taxonomy":"product_tag","embeddable":true,"href":"https:\/\/www.regionalis.shop\/cherrys-world-by-geraldine\/wp-json\/wp\/v2\/product_tag?post=1328"}],"curies":[{"name":"wp","href":"https:\/\/api.w.org\/{rel}","templated":true}]}}