{"id":1340,"date":"2025-04-17T23:20:48","date_gmt":"2025-04-17T21:20:48","guid":{"rendered":"https:\/\/www.regionalis.shop\/cherrys-world-by-geraldine\/product\/comic-krimskramstaeschchen-kosmetiktasche-augen\/"},"modified":"2025-04-17T23:20:48","modified_gmt":"2025-04-17T21:20:48","slug":"comic-krimskramstaeschchen-kosmetiktasche-augen","status":"publish","type":"product","link":"https:\/\/www.regionalis.shop\/cherrys-world-by-geraldine\/shop\/comic-krimskramstaeschchen-kosmetiktasche-augen\/","title":{"rendered":"Comic Krimskramst\u00e4schchen, Kosmetiktasche &#8222;Augen&#8220;"},"content":{"rendered":"<p>Dieses Krimskramst\u00e4schchen ist innen  aus Wachstuch gen\u00e4ht und kann leicht ausgewischt werden.<\/p>\n<p>Die Vorderseite und R\u00fcckseite ist aus Baumwollstoff.<\/p>\n<p>Es ist 19 cm x 6 cm gro\u00df.<\/p>\n","protected":false},"excerpt":{"rendered":"<p>Dieses Krimskramst\u00e4schchen ist innen aus Wachstuch gen\u00e4ht und kann leicht ausgewischt werden. Die Vorderseite und R\u00fcckseite ist aus Baumwollstoff. Es ist 19 cm x 6 cm gro\u00df.<\/p>\n","protected":false},"featured_media":1341,"template":"","meta":{"_acf_changed":false},"product_brand":[],"product_cat":[155,95],"product_tag":[],"class_list":{"0":"post-1340","1":"product","2":"type-product","3":"status-publish","4":"has-post-thumbnail","6":"product_cat-kosmetiktaschen","7":"product_cat-taschen","9":"first","10":"instock","11":"purchasable","12":"product-type-simple"},"acf":[],"_links":{"self":[{"href":"https:\/\/www.regionalis.shop\/cherrys-world-by-geraldine\/wp-json\/wp\/v2\/product\/1340","targetHints":{"allow":["GET"]}}],"collection":[{"href":"https:\/\/www.regionalis.shop\/cherrys-world-by-geraldine\/wp-json\/wp\/v2\/product"}],"about":[{"href":"https:\/\/www.regionalis.shop\/cherrys-world-by-geraldine\/wp-json\/wp\/v2\/types\/product"}],"wp:featuredmedia":[{"embeddable":true,"href":"https:\/\/www.regionalis.shop\/cherrys-world-by-geraldine\/wp-json\/wp\/v2\/media\/1341"}],"wp:attachment":[{"href":"https:\/\/www.regionalis.shop\/cherrys-world-by-geraldine\/wp-json\/wp\/v2\/media?parent=1340"}],"wp:term":[{"taxonomy":"product_brand","embeddable":true,"href":"https:\/\/www.regionalis.shop\/cherrys-world-by-geraldine\/wp-json\/wp\/v2\/product_brand?post=1340"},{"taxonomy":"product_cat","embeddable":true,"href":"https:\/\/www.regionalis.shop\/cherrys-world-by-geraldine\/wp-json\/wp\/v2\/product_cat?post=1340"},{"taxonomy":"product_tag","embeddable":true,"href":"https:\/\/www.regionalis.shop\/cherrys-world-by-geraldine\/wp-json\/wp\/v2\/product_tag?post=1340"}],"curies":[{"name":"wp","href":"https:\/\/api.w.org\/{rel}","templated":true}]}}