{"id":1349,"date":"2025-04-17T23:20:40","date_gmt":"2025-04-17T21:20:40","guid":{"rendered":"https:\/\/www.regionalis.shop\/cherrys-world-by-geraldine\/product\/comic-krimskramstaeschchen-kosmetiktasche-faust\/"},"modified":"2025-04-17T23:20:40","modified_gmt":"2025-04-17T21:20:40","slug":"comic-krimskramstaeschchen-kosmetiktasche-faust","status":"publish","type":"product","link":"https:\/\/www.regionalis.shop\/cherrys-world-by-geraldine\/shop\/comic-krimskramstaeschchen-kosmetiktasche-faust\/","title":{"rendered":"Comic Krimskramst\u00e4schchen, Kosmetiktasche &#8222;Faust&#8220;&#8220;"},"content":{"rendered":"<p>Dieses Krimskramst\u00e4schchen ist innen und auf der R\u00fcckseite aus Wachstuch gen\u00e4ht und kann leicht ausgewischt werden.<\/p>\n<p>Die Vorderseite ist aus Baumwollstoff.<\/p>\n<p>Es ist 7,5 cm x 10 cm gro\u00df.<\/p>\n","protected":false},"excerpt":{"rendered":"<p>Dieses Krimskramst\u00e4schchen ist innen und auf der R\u00fcckseite aus Wachstuch gen\u00e4ht und kann leicht ausgewischt werden. Die Vorderseite ist aus Baumwollstoff. Es ist 7,5 cm x 10 cm gro\u00df.<\/p>\n","protected":false},"featured_media":1350,"template":"","meta":{"_acf_changed":false},"product_brand":[],"product_cat":[155,95],"product_tag":[],"class_list":{"0":"post-1349","1":"product","2":"type-product","3":"status-publish","4":"has-post-thumbnail","6":"product_cat-kosmetiktaschen","7":"product_cat-taschen","9":"first","10":"instock","11":"purchasable","12":"product-type-simple"},"acf":[],"_links":{"self":[{"href":"https:\/\/www.regionalis.shop\/cherrys-world-by-geraldine\/wp-json\/wp\/v2\/product\/1349","targetHints":{"allow":["GET"]}}],"collection":[{"href":"https:\/\/www.regionalis.shop\/cherrys-world-by-geraldine\/wp-json\/wp\/v2\/product"}],"about":[{"href":"https:\/\/www.regionalis.shop\/cherrys-world-by-geraldine\/wp-json\/wp\/v2\/types\/product"}],"wp:featuredmedia":[{"embeddable":true,"href":"https:\/\/www.regionalis.shop\/cherrys-world-by-geraldine\/wp-json\/wp\/v2\/media\/1350"}],"wp:attachment":[{"href":"https:\/\/www.regionalis.shop\/cherrys-world-by-geraldine\/wp-json\/wp\/v2\/media?parent=1349"}],"wp:term":[{"taxonomy":"product_brand","embeddable":true,"href":"https:\/\/www.regionalis.shop\/cherrys-world-by-geraldine\/wp-json\/wp\/v2\/product_brand?post=1349"},{"taxonomy":"product_cat","embeddable":true,"href":"https:\/\/www.regionalis.shop\/cherrys-world-by-geraldine\/wp-json\/wp\/v2\/product_cat?post=1349"},{"taxonomy":"product_tag","embeddable":true,"href":"https:\/\/www.regionalis.shop\/cherrys-world-by-geraldine\/wp-json\/wp\/v2\/product_tag?post=1349"}],"curies":[{"name":"wp","href":"https:\/\/api.w.org\/{rel}","templated":true}]}}