{"id":862,"date":"2025-05-24T13:44:06","date_gmt":"2025-05-24T11:44:06","guid":{"rendered":"https:\/\/starter.stage.shop-it.at\/?page_id=862"},"modified":"2025-10-23T15:21:37","modified_gmt":"2025-10-23T13:21:37","slug":"startseite","status":"publish","type":"page","link":"https:\/\/www.regionalis.shop\/christinas-einzelstuecke\/","title":{"rendered":"Startseite"},"content":{"rendered":"<section>\n    <div class=\"header-title\">\n        <h1 class=\"h2\">Willkommen bei Christinas einzelst\u00fccke<\/h1>\n    <\/div>\n            <h2 class=\"h3\">Handgemacht in St. P\u00f6lten<\/h2>\n                <p>Ich entwerfe und gestalte jedes Produkt mit viel Liebe und m\u00f6chte mithelfen Freude zu verbreiten. Jedes St\u00fcck ist ein Unikat und von mir &#8211;handgemacht&#8211;. Ich sende dir meistens ORIGINALE und manchmal auch Kunstdrucke, daher kann es auch zu kleinen Abweichungen von den Bildern kommen.<\/p>\n<p>Du hast einen ganz speziellen Wunsch oder m\u00f6chtest gerne einen Artikel f\u00fcr deine Liebsten personalisieren? Dann schick mir doch eine Anfrage.<\/p>\n<p>\/\/Kleine und gro\u00dfe Bastelein z\u00e4hlen zu meinen Hobbies und werden mit viel Freude und Liebe hergestellt. Au\u00dferdem bin ich gerne in der Natur und lass mich von unserem Sch\u00f6pfer inspirieren. \/\/<\/p>\n\n    \n    <h3>Produkte<\/h3>\n\n    <div class=\"woocommerce columns-3 \"><ul class=\"products columns-3\">\n<li class=\"product type-product post-1053 status-publish first instock product_cat-geschenk-gruskarten product_cat-papeterie-schreibwaren has-post-thumbnail purchasable product-type-simple\">\n\t<a href=\"https:\/\/www.regionalis.shop\/christinas-einzelstuecke\/shop\/vatertags-geschenk-ausfuellbild-a4-pdf-digital-oder-als-druck-auch-opa\/\" class=\"woocommerce-LoopProduct-link woocommerce-loop-product__link\"><div class=\"wc-block-grid__product-image\"><img loading=\"lazy\" decoding=\"async\" width=\"1024\" height=\"1024\" src=\"https:\/\/www.regionalis.shop\/app\/uploads\/sites\/96\/1022_2023_04_28_18_03_15_295683682.png\" class=\"attachment-large size-large\" alt=\"Vatertags-Geschenk | Ausf\u00fcllbild A4 | PDF | digital oder als Druck | auch Opa\" srcset=\"https:\/\/www.regionalis.shop\/app\/uploads\/sites\/96\/1022_2023_04_28_18_03_15_295683682.png 1024w, https:\/\/www.regionalis.shop\/app\/uploads\/sites\/96\/1022_2023_04_28_18_03_15_295683682-300x300.png 300w, https:\/\/www.regionalis.shop\/app\/uploads\/sites\/96\/1022_2023_04_28_18_03_15_295683682-150x150.png 150w, https:\/\/www.regionalis.shop\/app\/uploads\/sites\/96\/1022_2023_04_28_18_03_15_295683682-768x768.png 768w, https:\/\/www.regionalis.shop\/app\/uploads\/sites\/96\/1022_2023_04_28_18_03_15_295683682-600x600.png 600w, https:\/\/www.regionalis.shop\/app\/uploads\/sites\/96\/1022_2023_04_28_18_03_15_295683682-100x100.png 100w\" sizes=\"auto, (max-width: 1024px) 100vw, 1024px\" \/><\/div><h2 class=\"woocommerce-loop-product__title\">Vatertags-Geschenk | Ausf\u00fcllbild A4 | PDF | digital oder als Druck | auch Opa<\/h2>\n\t<span class=\"price\"><span class=\"woocommerce-Price-amount amount\"><bdi>2,90&nbsp;<span class=\"woocommerce-Price-currencySymbol\">&euro;<\/span><\/bdi><\/span><\/span>\n<\/a><\/li>\n<li class=\"product type-product post-1058 status-publish instock product_cat-geschenk-gruskarten product_cat-papeterie-schreibwaren has-post-thumbnail purchasable product-type-simple\">\n\t<a href=\"https:\/\/www.regionalis.shop\/christinas-einzelstuecke\/shop\/muttertags-geschenk-ausfuellbild-a4-pdf-digital-oder-als-druck-auch-oma\/\" class=\"woocommerce-LoopProduct-link woocommerce-loop-product__link\"><div class=\"wc-block-grid__product-image\"><img loading=\"lazy\" decoding=\"async\" width=\"1024\" height=\"1024\" src=\"https:\/\/www.regionalis.shop\/app\/uploads\/sites\/96\/1022_2023_04_27_18_08_38_569738542.png\" class=\"attachment-large size-large\" alt=\"Muttertags-Geschenk | Ausf\u00fcllbild A4 | PDF | digital oder als Druck | auch Oma\" srcset=\"https:\/\/www.regionalis.shop\/app\/uploads\/sites\/96\/1022_2023_04_27_18_08_38_569738542.png 1024w, https:\/\/www.regionalis.shop\/app\/uploads\/sites\/96\/1022_2023_04_27_18_08_38_569738542-300x300.png 300w, https:\/\/www.regionalis.shop\/app\/uploads\/sites\/96\/1022_2023_04_27_18_08_38_569738542-150x150.png 150w, https:\/\/www.regionalis.shop\/app\/uploads\/sites\/96\/1022_2023_04_27_18_08_38_569738542-768x768.png 768w, https:\/\/www.regionalis.shop\/app\/uploads\/sites\/96\/1022_2023_04_27_18_08_38_569738542-600x600.png 600w, https:\/\/www.regionalis.shop\/app\/uploads\/sites\/96\/1022_2023_04_27_18_08_38_569738542-100x100.png 100w\" sizes=\"auto, (max-width: 1024px) 100vw, 1024px\" \/><\/div><h2 class=\"woocommerce-loop-product__title\">Muttertags-Geschenk | Ausf\u00fcllbild A4 | PDF | digital oder als Druck | auch Oma<\/h2>\n\t<span class=\"price\"><span class=\"woocommerce-Price-amount amount\"><bdi>2,90&nbsp;<span class=\"woocommerce-Price-currencySymbol\">&euro;<\/span><\/bdi><\/span><\/span>\n<\/a><\/li>\n<li class=\"product type-product post-1063 status-publish last instock product_cat-baby-kinder product_cat-sonstiges-baby-kinder has-post-thumbnail purchasable product-type-simple\">\n\t<a href=\"https:\/\/www.regionalis.shop\/christinas-einzelstuecke\/shop\/baby-monatskarten-geburt-meilensteinkarten-a6-pdf-digital-oder-als-druck\/\" class=\"woocommerce-LoopProduct-link woocommerce-loop-product__link\"><div class=\"wc-block-grid__product-image\"><img loading=\"lazy\" decoding=\"async\" width=\"1024\" height=\"1024\" src=\"https:\/\/www.regionalis.shop\/app\/uploads\/sites\/96\/1022_2023_03_25_11_49_04_240264903.png\" class=\"attachment-large size-large\" alt=\"Baby-Monatskarten | Geburt Meilensteinkarten A6 | PDF | digital oder als Druck\" srcset=\"https:\/\/www.regionalis.shop\/app\/uploads\/sites\/96\/1022_2023_03_25_11_49_04_240264903.png 1024w, https:\/\/www.regionalis.shop\/app\/uploads\/sites\/96\/1022_2023_03_25_11_49_04_240264903-300x300.png 300w, https:\/\/www.regionalis.shop\/app\/uploads\/sites\/96\/1022_2023_03_25_11_49_04_240264903-150x150.png 150w, https:\/\/www.regionalis.shop\/app\/uploads\/sites\/96\/1022_2023_03_25_11_49_04_240264903-768x768.png 768w, https:\/\/www.regionalis.shop\/app\/uploads\/sites\/96\/1022_2023_03_25_11_49_04_240264903-600x600.png 600w, https:\/\/www.regionalis.shop\/app\/uploads\/sites\/96\/1022_2023_03_25_11_49_04_240264903-100x100.png 100w\" sizes=\"auto, (max-width: 1024px) 100vw, 1024px\" \/><\/div><h2 class=\"woocommerce-loop-product__title\">Baby-Monatskarten | Geburt Meilensteinkarten A6 | PDF | digital oder als Druck<\/h2>\n\t<span class=\"price\"><span class=\"woocommerce-Price-amount amount\"><bdi>2,90&nbsp;<span class=\"woocommerce-Price-currencySymbol\">&euro;<\/span><\/bdi><\/span><\/span>\n<\/a><\/li>\n<\/ul>\n<\/div>\n    <p>\n        <a href=\"https:\/\/www.regionalis.shop\/christinas-einzelstuecke\/shop\/\" class=\"btn btn-primary btn-icon-right\">\n            Alle Produkte <i class=\"bi bi-arrow-right-short\"><\/i>\n        <\/a>\n    <\/p>\n<\/section>\n\n<div data-block-name=\"woocommerce\/store-notices\" class=\"wc-block-store-notices woocommerce alignwide alignwide wp-block-woocommerce-store-notices\"><div class=\"woocommerce-notices-wrapper\"><\/div><\/div>","protected":false},"excerpt":{"rendered":"","protected":false},"author":1,"featured_media":0,"parent":0,"menu_order":0,"comment_status":"closed","ping_status":"closed","template":"template-home.blade.php","meta":{"_acf_changed":false,"footnotes":""},"class_list":["post-862","page","type-page","status-publish","hentry"],"acf":[],"_links":{"self":[{"href":"https:\/\/www.regionalis.shop\/christinas-einzelstuecke\/wp-json\/wp\/v2\/pages\/862","targetHints":{"allow":["GET"]}}],"collection":[{"href":"https:\/\/www.regionalis.shop\/christinas-einzelstuecke\/wp-json\/wp\/v2\/pages"}],"about":[{"href":"https:\/\/www.regionalis.shop\/christinas-einzelstuecke\/wp-json\/wp\/v2\/types\/page"}],"author":[{"embeddable":true,"href":"https:\/\/www.regionalis.shop\/christinas-einzelstuecke\/wp-json\/wp\/v2\/users\/1"}],"replies":[{"embeddable":true,"href":"https:\/\/www.regionalis.shop\/christinas-einzelstuecke\/wp-json\/wp\/v2\/comments?post=862"}],"version-history":[{"count":28,"href":"https:\/\/www.regionalis.shop\/christinas-einzelstuecke\/wp-json\/wp\/v2\/pages\/862\/revisions"}],"predecessor-version":[{"id":1041,"href":"https:\/\/www.regionalis.shop\/christinas-einzelstuecke\/wp-json\/wp\/v2\/pages\/862\/revisions\/1041"}],"wp:attachment":[{"href":"https:\/\/www.regionalis.shop\/christinas-einzelstuecke\/wp-json\/wp\/v2\/media?parent=862"}],"curies":[{"name":"wp","href":"https:\/\/api.w.org\/{rel}","templated":true}]}}