{"id":1063,"date":"2025-04-18T10:20:39","date_gmt":"2025-04-18T08:20:39","guid":{"rendered":"https:\/\/www.regionalis.shop\/christinas-einzelstuecke\/product\/baby-monatskarten-geburt-meilensteinkarten-a6-pdf-digital-oder-als-druck\/"},"modified":"2025-04-18T10:20:39","modified_gmt":"2025-04-18T08:20:39","slug":"baby-monatskarten-geburt-meilensteinkarten-a6-pdf-digital-oder-als-druck","status":"publish","type":"product","link":"https:\/\/www.regionalis.shop\/christinas-einzelstuecke\/shop\/baby-monatskarten-geburt-meilensteinkarten-a6-pdf-digital-oder-als-druck\/","title":{"rendered":"Baby-Monatskarten | Geburt Meilensteinkarten A6 | PDF | digital oder als Druck"},"content":{"rendered":"<p>Diese von mir entworfenen Baby-Monatskarten eignen sich ideal um jeden Monat Fotos vom eigenen Baby zu machen, als Geschenk zur Geburt, f\u00fcr eine frischgebackene Mami oder zur Babyparty. <\/p>\n<p>Die Baby Meilenstein Karten werden nach Zahlungseingang per E-Mail als PDF, zum selber Ausdrucken, verschickt. Die Datei kann mehrmals verwendet werden jedoch nur f\u00fcr den privaten Gebrauch. Das beste Ergebnis erh\u00e4lt man, wenn man in hoher Qualit\u00e4t auf dickes Papier druckt. (ab 160g\/m\u00b2) Nach dem Drucken brauchst du nur eine Schere um die Karten an den Markierungen auszuschneiden.<\/p>\n<p>Die Karten sind im Format DIN A6 (10,5&#215;14,8cm).<\/p>\n<p>Du bekommst:<br \/>\n1  PDF mit den Karten (7 Seiten)<br \/>\ninkl. Anleitung + Tipps zum Drucken<\/p>\n<p>Als Produktvariante kann man die Karten auch per Post bestellen. Diese werden dann von mir auf hochwertiges 250g\/m\u00b2 Papier (matt) gedruckt und bereits ausgeschnitten. Hier kommt ein Aufpreis von 9,00 dazu. (inkl. Versand) Der Versand betr\u00e4gt dann 3-5 Werktage.<\/p>\n<p>Aufgrund von verschiedenen Bildschirmdarstellungen kann es zu Abweichungen von den Fotos kommen. <\/p>\n<p>Digitale Artikel k\u00f6nnen nicht zur\u00fcckgegeben werden und werden daher auch nicht r\u00fcckerstattet.<\/p>\n<p>Gerne kannst du mich auf Instagram besuchen: @christinas_einzelstuecke<\/p>\n","protected":false},"excerpt":{"rendered":"<p>Diese von mir entworfenen Baby-Monatskarten eignen sich ideal um jeden Monat Fotos vom eigenen Baby zu machen, als Geschenk zur Geburt, f\u00fcr eine frischgebackene Mami oder zur Babyparty. Die Baby Meilenstein Karten werden nach Zahlungseingang per E-Mail als PDF, zum selber Ausdrucken, verschickt. Die Datei kann mehrmals verwendet werden jedoch nur f\u00fcr den privaten Gebrauch. &hellip; <a href=\"https:\/\/www.regionalis.shop\/christinas-einzelstuecke\/shop\/baby-monatskarten-geburt-meilensteinkarten-a6-pdf-digital-oder-als-druck\/\">Continued<\/a><\/p>\n","protected":false},"featured_media":1064,"template":"","meta":{"_acf_changed":false},"product_brand":[],"product_cat":[38,80],"product_tag":[],"class_list":{"0":"post-1063","1":"product","2":"type-product","3":"status-publish","4":"has-post-thumbnail","6":"product_cat-baby-kinder","7":"product_cat-sonstiges-baby-kinder","9":"first","10":"instock","11":"purchasable","12":"product-type-simple"},"acf":[],"_links":{"self":[{"href":"https:\/\/www.regionalis.shop\/christinas-einzelstuecke\/wp-json\/wp\/v2\/product\/1063","targetHints":{"allow":["GET"]}}],"collection":[{"href":"https:\/\/www.regionalis.shop\/christinas-einzelstuecke\/wp-json\/wp\/v2\/product"}],"about":[{"href":"https:\/\/www.regionalis.shop\/christinas-einzelstuecke\/wp-json\/wp\/v2\/types\/product"}],"wp:featuredmedia":[{"embeddable":true,"href":"https:\/\/www.regionalis.shop\/christinas-einzelstuecke\/wp-json\/wp\/v2\/media\/1064"}],"wp:attachment":[{"href":"https:\/\/www.regionalis.shop\/christinas-einzelstuecke\/wp-json\/wp\/v2\/media?parent=1063"}],"wp:term":[{"taxonomy":"product_brand","embeddable":true,"href":"https:\/\/www.regionalis.shop\/christinas-einzelstuecke\/wp-json\/wp\/v2\/product_brand?post=1063"},{"taxonomy":"product_cat","embeddable":true,"href":"https:\/\/www.regionalis.shop\/christinas-einzelstuecke\/wp-json\/wp\/v2\/product_cat?post=1063"},{"taxonomy":"product_tag","embeddable":true,"href":"https:\/\/www.regionalis.shop\/christinas-einzelstuecke\/wp-json\/wp\/v2\/product_tag?post=1063"}],"curies":[{"name":"wp","href":"https:\/\/api.w.org\/{rel}","templated":true}]}}