{"id":1068,"date":"2025-04-18T10:19:33","date_gmt":"2025-04-18T08:19:33","guid":{"rendered":"https:\/\/www.regionalis.shop\/christinas-einzelstuecke\/product\/osterkarte-lila-kranz-a6-pdf-zum-selber-ausdrucken-postkarte-klappkarte\/"},"modified":"2025-04-18T10:19:33","modified_gmt":"2025-04-18T08:19:33","slug":"osterkarte-lila-kranz-a6-pdf-zum-selber-ausdrucken-postkarte-klappkarte","status":"publish","type":"product","link":"https:\/\/www.regionalis.shop\/christinas-einzelstuecke\/shop\/osterkarte-lila-kranz-a6-pdf-zum-selber-ausdrucken-postkarte-klappkarte\/","title":{"rendered":"Osterkarte lila Kranz A6 | PDF zum selber Ausdrucken | Postkarte | Klappkarte"},"content":{"rendered":"<p>Du bekommst eine 3-seitige PDF von der Osterkarte mit dem h\u00fcbschen lila Kranz und eine detaillierte Anleitung, zum selber Ausdrucken.<br \/>\nDrucke ein Set f\u00fcr dich selber aus und weitere Sets zum Verschenken f\u00fcr Familie und Freunde. Dabei kannst du zwischen Klapp-und Postkarte w\u00e4hlen.<br \/>\nAlternativ kannst du die Karte auch bei einer Onlinedruckerei ausdrucken lassen oder zum Copyshop deiner Wahl gehen. <\/p>\n<p>Die Osterkarte kannst du jederzeit und so oft du willst direkt zu Hause ausdrucken und gleich verschenken. Die perfekte Last-Minute L\u00f6sung. \ud83d\ude09<br \/>\n(KEIN PHYSISCHES PRODUKT WIRD GELIEFERT)<\/p>\n<p>Die Karte ist im Format DIN A6 (10,5&#215;14,8cm) und passt daher in einen Standard-Briefumschlag.<\/p>\n<p>Da ihr die Karten direkt nach dem Kauf per E-Mail zugeschickt bekommt, gibt es leider nicht die M\u00f6glichkeit sie zur\u00fcck zu geben, umzutauschen oder zu stornieren. Solltet ihr Fragen haben, schreibt mir gerne jederzeit.<\/p>\n<p>Dies ist ein digitales Produkt. Du bekommst eine PDF-Datei die du so oft ausdrucken kannst wie du m\u00f6chtest. Jedoch nur f\u00fcr den privaten Gebrauch. Bitte weder digital oder gedruckt verkaufen und teilen.<\/p>\n<p>Achte auch darauf, dass aufgrund unterschiedlicher Bildschirmdarstellungen die Ausdrucke farblich ein wenig abweichen k\u00f6nnen.<br \/>\nAm sch\u00f6nsten wird der Druck, wenn du in hoher Qualit\u00e4t auf etwas dickeres Papier druckst. (ab 170g\/m\u00b2)<\/p>\n<p>Nach dem Zahlungseingang bekommst du die PDF von mir per E-Mail zugesendet. Bitte dazu beim Bestellvorgang eine E-Mail Adresse angeben.<\/p>\n<p>Copyright \u00a9 2023 Christinas-Einzelst\u00fccke<br \/>\nAlle Rechte vorbehalten<\/p>\n","protected":false},"excerpt":{"rendered":"<p>Du bekommst eine 3-seitige PDF von der Osterkarte mit dem h\u00fcbschen lila Kranz und eine detaillierte Anleitung, zum selber Ausdrucken. Drucke ein Set f\u00fcr dich selber aus und weitere Sets zum Verschenken f\u00fcr Familie und Freunde. Dabei kannst du zwischen Klapp-und Postkarte w\u00e4hlen. Alternativ kannst du die Karte auch bei einer Onlinedruckerei ausdrucken lassen oder &hellip; <a href=\"https:\/\/www.regionalis.shop\/christinas-einzelstuecke\/shop\/osterkarte-lila-kranz-a6-pdf-zum-selber-ausdrucken-postkarte-klappkarte\/\">Continued<\/a><\/p>\n","protected":false},"featured_media":1069,"template":"","meta":{"_acf_changed":false},"product_brand":[],"product_cat":[134,62],"product_tag":[],"class_list":{"0":"post-1068","1":"product","2":"type-product","3":"status-publish","4":"has-post-thumbnail","6":"product_cat-geschenk-gruskarten","7":"product_cat-papeterie-schreibwaren","9":"first","10":"instock","11":"purchasable","12":"product-type-simple"},"acf":[],"_links":{"self":[{"href":"https:\/\/www.regionalis.shop\/christinas-einzelstuecke\/wp-json\/wp\/v2\/product\/1068","targetHints":{"allow":["GET"]}}],"collection":[{"href":"https:\/\/www.regionalis.shop\/christinas-einzelstuecke\/wp-json\/wp\/v2\/product"}],"about":[{"href":"https:\/\/www.regionalis.shop\/christinas-einzelstuecke\/wp-json\/wp\/v2\/types\/product"}],"wp:featuredmedia":[{"embeddable":true,"href":"https:\/\/www.regionalis.shop\/christinas-einzelstuecke\/wp-json\/wp\/v2\/media\/1069"}],"wp:attachment":[{"href":"https:\/\/www.regionalis.shop\/christinas-einzelstuecke\/wp-json\/wp\/v2\/media?parent=1068"}],"wp:term":[{"taxonomy":"product_brand","embeddable":true,"href":"https:\/\/www.regionalis.shop\/christinas-einzelstuecke\/wp-json\/wp\/v2\/product_brand?post=1068"},{"taxonomy":"product_cat","embeddable":true,"href":"https:\/\/www.regionalis.shop\/christinas-einzelstuecke\/wp-json\/wp\/v2\/product_cat?post=1068"},{"taxonomy":"product_tag","embeddable":true,"href":"https:\/\/www.regionalis.shop\/christinas-einzelstuecke\/wp-json\/wp\/v2\/product_tag?post=1068"}],"curies":[{"name":"wp","href":"https:\/\/api.w.org\/{rel}","templated":true}]}}