{"id":1078,"date":"2025-04-18T08:09:47","date_gmt":"2025-04-18T06:09:47","guid":{"rendered":"https:\/\/www.regionalis.shop\/christinas-einzelstuecke\/product\/baby-fotoanhaenger-personalisiert-geschenk-zur-geburt-oder-taufe\/"},"modified":"2025-04-18T08:09:47","modified_gmt":"2025-04-18T06:09:47","slug":"baby-fotoanhaenger-personalisiert-geschenk-zur-geburt-oder-taufe","status":"publish","type":"product","link":"https:\/\/www.regionalis.shop\/christinas-einzelstuecke\/shop\/baby-fotoanhaenger-personalisiert-geschenk-zur-geburt-oder-taufe\/","title":{"rendered":"Baby Fotoanh\u00e4nger &#8211; personalisiert &#8211; Geschenk zur Geburt oder Taufe"},"content":{"rendered":"<p>Dieser handgemachte Fotoanh\u00e4nger ist ein ganz besonderes Geschenk zur Geburt. Einfach das erste Foto des Babys zu einem Anh\u00e4nger verarbeiten lassen und beim 1. Besuch oder als Taufgeschenk mitbringen. <\/p>\n<p>ab 2 Stk. je 12,90<br \/>\nab 5 Stk. je 11,50<br \/>\nGerne k\u00f6nnen bei den Sets auch verschiedene Fotos verarbeitet werden.<\/p>\n<p>Sende mir nach deiner Bestellung einfach dein Foto in guter Qualit\u00e4t zu, ich werde das Bild minimal nachbearbeiten und auf einen Holzanh\u00e4nger in SCHWARZ-WEISS (oder Farbe) anbringen. <\/p>\n<p>Der Holzanh\u00e4nger hat einen Durchmesser von 6-8cm, je nach Verf\u00fcgbarkeit der Holzscheiben. Die Holzscheiben sind von mir geschnitten, geschliffen, handbemalt und mit deinem Foto veredelt. Als Aufh\u00e4ngung dient eine Juteschnur. Auf der R\u00fcckseite steht standartm\u00e4\u00dfig mein Label-Name. Auf Wunsch kann ich aber auch den Namen des Babys und die Daten der Geburt darauf schreiben. (Name, Datum&#038;Uhrzeit, Gewicht, Gr\u00f6\u00dfe)<\/p>\n<p>Nach Zahlungseingang beginne ich mit der Herstellung deines Fotoanh\u00e4ngers. Innerhalb 7 Werktage bringe ich dein Paket zur Post.<\/p>\n<p>Da Holz ein Naturmaterial ist, ist jeder Anh\u00e4nger ein Unikat. Manchmal  entstehen nach einiger Zeit feine Risse oder kleine St\u00fcckchen der Rinde k\u00f6nnen abfallen. Das passiert jedoch nur sehr selten und ist kein Reklamationsgrund.<\/p>\n<p>Das Motiv wird von mir per Hand angebracht. Kleine Ausfransungen am Rand sind bei dieser Technik normal. Siehe Produktbilder. <\/p>\n<p>Folge mir gerne auch auf Instagram:<br \/>\nchristinas-einzelstuecke<\/p>\n","protected":false},"excerpt":{"rendered":"<p>Dieser handgemachte Fotoanh\u00e4nger ist ein ganz besonderes Geschenk zur Geburt. Einfach das erste Foto des Babys zu einem Anh\u00e4nger verarbeiten lassen und beim 1. Besuch oder als Taufgeschenk mitbringen. ab 2 Stk. je 12,90 ab 5 Stk. je 11,50 Gerne k\u00f6nnen bei den Sets auch verschiedene Fotos verarbeitet werden. Sende mir nach deiner Bestellung einfach &hellip; <a href=\"https:\/\/www.regionalis.shop\/christinas-einzelstuecke\/shop\/baby-fotoanhaenger-personalisiert-geschenk-zur-geburt-oder-taufe\/\">Continued<\/a><\/p>\n","protected":false},"featured_media":1079,"template":"","meta":{"_acf_changed":false},"product_brand":[],"product_cat":[38,80],"product_tag":[],"class_list":{"0":"post-1078","1":"product","2":"type-product","3":"status-publish","4":"has-post-thumbnail","6":"product_cat-baby-kinder","7":"product_cat-sonstiges-baby-kinder","9":"first","10":"instock","11":"purchasable","12":"product-type-simple"},"acf":[],"_links":{"self":[{"href":"https:\/\/www.regionalis.shop\/christinas-einzelstuecke\/wp-json\/wp\/v2\/product\/1078","targetHints":{"allow":["GET"]}}],"collection":[{"href":"https:\/\/www.regionalis.shop\/christinas-einzelstuecke\/wp-json\/wp\/v2\/product"}],"about":[{"href":"https:\/\/www.regionalis.shop\/christinas-einzelstuecke\/wp-json\/wp\/v2\/types\/product"}],"wp:featuredmedia":[{"embeddable":true,"href":"https:\/\/www.regionalis.shop\/christinas-einzelstuecke\/wp-json\/wp\/v2\/media\/1079"}],"wp:attachment":[{"href":"https:\/\/www.regionalis.shop\/christinas-einzelstuecke\/wp-json\/wp\/v2\/media?parent=1078"}],"wp:term":[{"taxonomy":"product_brand","embeddable":true,"href":"https:\/\/www.regionalis.shop\/christinas-einzelstuecke\/wp-json\/wp\/v2\/product_brand?post=1078"},{"taxonomy":"product_cat","embeddable":true,"href":"https:\/\/www.regionalis.shop\/christinas-einzelstuecke\/wp-json\/wp\/v2\/product_cat?post=1078"},{"taxonomy":"product_tag","embeddable":true,"href":"https:\/\/www.regionalis.shop\/christinas-einzelstuecke\/wp-json\/wp\/v2\/product_tag?post=1078"}],"curies":[{"name":"wp","href":"https:\/\/api.w.org\/{rel}","templated":true}]}}