{"id":1095,"date":"2025-04-18T07:01:06","date_gmt":"2025-04-18T05:01:06","guid":{"rendered":"https:\/\/www.regionalis.shop\/christinas-einzelstuecke\/product\/muttertagskarte-blumenstrauss\/"},"modified":"2025-04-18T07:01:06","modified_gmt":"2025-04-18T05:01:06","slug":"muttertagskarte-blumenstrauss","status":"publish","type":"product","link":"https:\/\/www.regionalis.shop\/christinas-einzelstuecke\/shop\/muttertagskarte-blumenstrauss\/","title":{"rendered":"Muttertagskarte &#8211; Blumenstrau\u00df"},"content":{"rendered":"<p>Diese blumige Muttertagskarte ist ein von mir mit viel Liebe erdachtes, und entworfenes Original. <\/p>\n<p>Der Blumenstrau\u00df ist von mir gemalt, digitalisiert und auf hochwertiges 300g\/m\u00b2 starkes Papier gedruckt. Eine Jutemasche ziert dir Karte. Die Klappkarte ist A6 und wird mit einem braunen Kraftpapier-Umschlag geliefert. Ein wei\u00dfes Einlageblatt ist in die Karte eingelegt. Standardm\u00e4\u00dfig steht &#8222;Alles Liebe zum Muttertag!&#8220; auf die Karte handgeschrieben. <\/p>\n<p>Da es sich um handgemachte Originale handelt, sind Abweichungen von den Bildern m\u00f6glich. Ebenfalls sind Abweichungen aufgrund verschiedener Bildschirmdarstellungen m\u00f6glich.<\/p>\n<p>Du findest mich auch auf Instagram:<br \/>\n@christinas_einzelstuecke<\/p>\n","protected":false},"excerpt":{"rendered":"<p>Diese blumige Muttertagskarte ist ein von mir mit viel Liebe erdachtes, und entworfenes Original. Der Blumenstrau\u00df ist von mir gemalt, digitalisiert und auf hochwertiges 300g\/m\u00b2 starkes Papier gedruckt. Eine Jutemasche ziert dir Karte. Die Klappkarte ist A6 und wird mit einem braunen Kraftpapier-Umschlag geliefert. Ein wei\u00dfes Einlageblatt ist in die Karte eingelegt. Standardm\u00e4\u00dfig steht &#8222;Alles &hellip; <a href=\"https:\/\/www.regionalis.shop\/christinas-einzelstuecke\/shop\/muttertagskarte-blumenstrauss\/\">Continued<\/a><\/p>\n","protected":false},"featured_media":1096,"template":"","meta":{"_acf_changed":false},"product_brand":[],"product_cat":[134,62],"product_tag":[],"class_list":{"0":"post-1095","1":"product","2":"type-product","3":"status-publish","4":"has-post-thumbnail","6":"product_cat-geschenk-gruskarten","7":"product_cat-papeterie-schreibwaren","9":"first","10":"instock","11":"purchasable","12":"product-type-simple"},"acf":[],"_links":{"self":[{"href":"https:\/\/www.regionalis.shop\/christinas-einzelstuecke\/wp-json\/wp\/v2\/product\/1095","targetHints":{"allow":["GET"]}}],"collection":[{"href":"https:\/\/www.regionalis.shop\/christinas-einzelstuecke\/wp-json\/wp\/v2\/product"}],"about":[{"href":"https:\/\/www.regionalis.shop\/christinas-einzelstuecke\/wp-json\/wp\/v2\/types\/product"}],"wp:featuredmedia":[{"embeddable":true,"href":"https:\/\/www.regionalis.shop\/christinas-einzelstuecke\/wp-json\/wp\/v2\/media\/1096"}],"wp:attachment":[{"href":"https:\/\/www.regionalis.shop\/christinas-einzelstuecke\/wp-json\/wp\/v2\/media?parent=1095"}],"wp:term":[{"taxonomy":"product_brand","embeddable":true,"href":"https:\/\/www.regionalis.shop\/christinas-einzelstuecke\/wp-json\/wp\/v2\/product_brand?post=1095"},{"taxonomy":"product_cat","embeddable":true,"href":"https:\/\/www.regionalis.shop\/christinas-einzelstuecke\/wp-json\/wp\/v2\/product_cat?post=1095"},{"taxonomy":"product_tag","embeddable":true,"href":"https:\/\/www.regionalis.shop\/christinas-einzelstuecke\/wp-json\/wp\/v2\/product_tag?post=1095"}],"curies":[{"name":"wp","href":"https:\/\/api.w.org\/{rel}","templated":true}]}}