{"id":1103,"date":"2025-04-18T06:47:58","date_gmt":"2025-04-18T04:47:58","guid":{"rendered":"https:\/\/www.regionalis.shop\/christinas-einzelstuecke\/product\/kerze-klein-papa-hammer-geschenk-vater\/"},"modified":"2025-04-18T06:47:58","modified_gmt":"2025-04-18T04:47:58","slug":"kerze-klein-papa-hammer-geschenk-vater","status":"publish","type":"product","link":"https:\/\/www.regionalis.shop\/christinas-einzelstuecke\/shop\/kerze-klein-papa-hammer-geschenk-vater\/","title":{"rendered":"Kerze klein &#8222;Papa-Hammer&#8220; &#8211; Geschenk Vater"},"content":{"rendered":"<p>Diese handverzierte Kerze ist das ideale Geschenk f\u00fcr den Papa um eine kleine Freude zu bereiten. <\/p>\n<p>Die wei\u00dfe Kerze ist ca 5,5cm hoch und hat einen Durchmesser von 4cm.<br \/>\nSie ist mit dem Schriftzug &#8222;Papa du bist der Hammer!&#8220; verziert.<br \/>\n&#8211; gerne kann die Kerze auch h\u00fcbsch verpackt werden (+\u20ac) <\/p>\n<p>Gerne k\u00f6nnen auf Anfrage auch individuell gestaltete Kerzen bestellt werden. (auch in gr\u00f6\u00dferen Mengen oder anderen Kerzengr\u00f6\u00dfen)<\/p>\n<p>Gerne kannst du mich auch auf Instagram besuchen:<br \/>\n@christinas_einzelstuecke<\/p>\n","protected":false},"excerpt":{"rendered":"<p>Diese handverzierte Kerze ist das ideale Geschenk f\u00fcr den Papa um eine kleine Freude zu bereiten. Die wei\u00dfe Kerze ist ca 5,5cm hoch und hat einen Durchmesser von 4cm. Sie ist mit dem Schriftzug &#8222;Papa du bist der Hammer!&#8220; verziert. &#8211; gerne kann die Kerze auch h\u00fcbsch verpackt werden (+\u20ac) Gerne k\u00f6nnen auf Anfrage auch &hellip; <a href=\"https:\/\/www.regionalis.shop\/christinas-einzelstuecke\/shop\/kerze-klein-papa-hammer-geschenk-vater\/\">Continued<\/a><\/p>\n","protected":false},"featured_media":1104,"template":"","meta":{"_acf_changed":false},"product_brand":[],"product_cat":[151,103],"product_tag":[],"class_list":{"0":"post-1103","1":"product","2":"type-product","3":"status-publish","4":"has-post-thumbnail","6":"product_cat-kerzen-kerzenstaender","7":"product_cat-wohnen-deko","9":"first","10":"instock","11":"purchasable","12":"product-type-simple"},"acf":[],"_links":{"self":[{"href":"https:\/\/www.regionalis.shop\/christinas-einzelstuecke\/wp-json\/wp\/v2\/product\/1103","targetHints":{"allow":["GET"]}}],"collection":[{"href":"https:\/\/www.regionalis.shop\/christinas-einzelstuecke\/wp-json\/wp\/v2\/product"}],"about":[{"href":"https:\/\/www.regionalis.shop\/christinas-einzelstuecke\/wp-json\/wp\/v2\/types\/product"}],"wp:featuredmedia":[{"embeddable":true,"href":"https:\/\/www.regionalis.shop\/christinas-einzelstuecke\/wp-json\/wp\/v2\/media\/1104"}],"wp:attachment":[{"href":"https:\/\/www.regionalis.shop\/christinas-einzelstuecke\/wp-json\/wp\/v2\/media?parent=1103"}],"wp:term":[{"taxonomy":"product_brand","embeddable":true,"href":"https:\/\/www.regionalis.shop\/christinas-einzelstuecke\/wp-json\/wp\/v2\/product_brand?post=1103"},{"taxonomy":"product_cat","embeddable":true,"href":"https:\/\/www.regionalis.shop\/christinas-einzelstuecke\/wp-json\/wp\/v2\/product_cat?post=1103"},{"taxonomy":"product_tag","embeddable":true,"href":"https:\/\/www.regionalis.shop\/christinas-einzelstuecke\/wp-json\/wp\/v2\/product_tag?post=1103"}],"curies":[{"name":"wp","href":"https:\/\/api.w.org\/{rel}","templated":true}]}}