{"id":1117,"date":"2025-04-18T04:18:21","date_gmt":"2025-04-18T02:18:21","guid":{"rendered":"https:\/\/www.regionalis.shop\/christinas-einzelstuecke\/product\/wunschtext-anhaenger-handgemacht-geschenk\/"},"modified":"2025-04-18T04:18:21","modified_gmt":"2025-04-18T02:18:21","slug":"wunschtext-anhaenger-handgemacht-geschenk","status":"publish","type":"product","link":"https:\/\/www.regionalis.shop\/christinas-einzelstuecke\/shop\/wunschtext-anhaenger-handgemacht-geschenk\/","title":{"rendered":"WUNSCHTEXT &#8211; Anh\u00e4nger (handgemacht) &#8211; Geschenk"},"content":{"rendered":"<p>Dieser handgemachte Weihnachtsanh\u00e4nger ist individualisierbar und somit ein ganz besonderes Weihnachtsgeschenk f\u00fcr deine Liebsten.Er schm\u00fcckt jedes Geschenk und jeden Weihnachtsbaum. <\/p>\n<p>Abweichungen vom Bild sind ganz normal, da jedes St\u00fcck ein Einzelst\u00fcck ist. Der Anh\u00e4nger ist ungef\u00e4hr 6 cm gro\u00df. Bitte schreib mir in die Anmerkungen deinen WUNSCHTEXT.<\/p>\n<p>Folge mir gerne auch auf Instagram:<br \/>\nchristinas-einzelstuecke<\/p>\n","protected":false},"excerpt":{"rendered":"<p>Dieser handgemachte Weihnachtsanh\u00e4nger ist individualisierbar und somit ein ganz besonderes Weihnachtsgeschenk f\u00fcr deine Liebsten.Er schm\u00fcckt jedes Geschenk und jeden Weihnachtsbaum. Abweichungen vom Bild sind ganz normal, da jedes St\u00fcck ein Einzelst\u00fcck ist. Der Anh\u00e4nger ist ungef\u00e4hr 6 cm gro\u00df. Bitte schreib mir in die Anmerkungen deinen WUNSCHTEXT. Folge mir gerne auch auf Instagram: christinas-einzelstuecke<\/p>\n","protected":false},"featured_media":1118,"template":"","meta":{"_acf_changed":false},"product_brand":[],"product_cat":[173,103],"product_tag":[],"class_list":{"0":"post-1117","1":"product","2":"type-product","3":"status-publish","4":"has-post-thumbnail","6":"product_cat-weihnachten","7":"product_cat-wohnen-deko","9":"first","10":"instock","11":"purchasable","12":"product-type-simple"},"acf":[],"_links":{"self":[{"href":"https:\/\/www.regionalis.shop\/christinas-einzelstuecke\/wp-json\/wp\/v2\/product\/1117","targetHints":{"allow":["GET"]}}],"collection":[{"href":"https:\/\/www.regionalis.shop\/christinas-einzelstuecke\/wp-json\/wp\/v2\/product"}],"about":[{"href":"https:\/\/www.regionalis.shop\/christinas-einzelstuecke\/wp-json\/wp\/v2\/types\/product"}],"wp:featuredmedia":[{"embeddable":true,"href":"https:\/\/www.regionalis.shop\/christinas-einzelstuecke\/wp-json\/wp\/v2\/media\/1118"}],"wp:attachment":[{"href":"https:\/\/www.regionalis.shop\/christinas-einzelstuecke\/wp-json\/wp\/v2\/media?parent=1117"}],"wp:term":[{"taxonomy":"product_brand","embeddable":true,"href":"https:\/\/www.regionalis.shop\/christinas-einzelstuecke\/wp-json\/wp\/v2\/product_brand?post=1117"},{"taxonomy":"product_cat","embeddable":true,"href":"https:\/\/www.regionalis.shop\/christinas-einzelstuecke\/wp-json\/wp\/v2\/product_cat?post=1117"},{"taxonomy":"product_tag","embeddable":true,"href":"https:\/\/www.regionalis.shop\/christinas-einzelstuecke\/wp-json\/wp\/v2\/product_tag?post=1117"}],"curies":[{"name":"wp","href":"https:\/\/api.w.org\/{rel}","templated":true}]}}