{"id":1134,"date":"2025-04-18T03:30:16","date_gmt":"2025-04-18T01:30:16","guid":{"rendered":"https:\/\/www.regionalis.shop\/christinas-einzelstuecke\/product\/kerze-klein-lavendel\/"},"modified":"2025-04-18T03:30:16","modified_gmt":"2025-04-18T01:30:16","slug":"kerze-klein-lavendel","status":"publish","type":"product","link":"https:\/\/www.regionalis.shop\/christinas-einzelstuecke\/shop\/kerze-klein-lavendel\/","title":{"rendered":"Kerze klein &#8222;Lavendel&#8220;"},"content":{"rendered":"<p>Diese handverzierte Kerze ist das ideale Mitbringsel oder Geschenk um eine kleine Freude zu bereiten. <\/p>\n<p>Die cremewei\u00dfe Kerze ist ca 5,5cm hoch und hat einen Durchmesser von 4cm.<br \/>\nHinten ist das Bild einer kleinen Lavendelpflanze angebracht und ein Satinband mit Masche ziert die Kerze.<\/p>\n<p>Gerne k\u00f6nnen auf Anfrage auch individuell gestaltete Kerzen bestellt werden. (auch in gr\u00f6\u00dferen Mengen oder anderen Kerzengr\u00f6\u00dfen)<\/p>\n<p>Gerne kannst du mich auch auf Instagram besuchen:<br \/>\n@christinas_einzelstuecke<\/p>\n","protected":false},"excerpt":{"rendered":"<p>Diese handverzierte Kerze ist das ideale Mitbringsel oder Geschenk um eine kleine Freude zu bereiten. Die cremewei\u00dfe Kerze ist ca 5,5cm hoch und hat einen Durchmesser von 4cm. Hinten ist das Bild einer kleinen Lavendelpflanze angebracht und ein Satinband mit Masche ziert die Kerze. Gerne k\u00f6nnen auf Anfrage auch individuell gestaltete Kerzen bestellt werden. (auch &hellip; <a href=\"https:\/\/www.regionalis.shop\/christinas-einzelstuecke\/shop\/kerze-klein-lavendel\/\">Continued<\/a><\/p>\n","protected":false},"featured_media":1135,"template":"","meta":{"_acf_changed":false},"product_brand":[],"product_cat":[151,103],"product_tag":[],"class_list":{"0":"post-1134","1":"product","2":"type-product","3":"status-publish","4":"has-post-thumbnail","6":"product_cat-kerzen-kerzenstaender","7":"product_cat-wohnen-deko","9":"first","10":"instock","11":"purchasable","12":"product-type-simple"},"acf":[],"_links":{"self":[{"href":"https:\/\/www.regionalis.shop\/christinas-einzelstuecke\/wp-json\/wp\/v2\/product\/1134","targetHints":{"allow":["GET"]}}],"collection":[{"href":"https:\/\/www.regionalis.shop\/christinas-einzelstuecke\/wp-json\/wp\/v2\/product"}],"about":[{"href":"https:\/\/www.regionalis.shop\/christinas-einzelstuecke\/wp-json\/wp\/v2\/types\/product"}],"wp:featuredmedia":[{"embeddable":true,"href":"https:\/\/www.regionalis.shop\/christinas-einzelstuecke\/wp-json\/wp\/v2\/media\/1135"}],"wp:attachment":[{"href":"https:\/\/www.regionalis.shop\/christinas-einzelstuecke\/wp-json\/wp\/v2\/media?parent=1134"}],"wp:term":[{"taxonomy":"product_brand","embeddable":true,"href":"https:\/\/www.regionalis.shop\/christinas-einzelstuecke\/wp-json\/wp\/v2\/product_brand?post=1134"},{"taxonomy":"product_cat","embeddable":true,"href":"https:\/\/www.regionalis.shop\/christinas-einzelstuecke\/wp-json\/wp\/v2\/product_cat?post=1134"},{"taxonomy":"product_tag","embeddable":true,"href":"https:\/\/www.regionalis.shop\/christinas-einzelstuecke\/wp-json\/wp\/v2\/product_tag?post=1134"}],"curies":[{"name":"wp","href":"https:\/\/api.w.org\/{rel}","templated":true}]}}