{"id":1154,"date":"2025-04-18T02:52:36","date_gmt":"2025-04-18T00:52:36","guid":{"rendered":"https:\/\/www.regionalis.shop\/christinas-einzelstuecke\/product\/hochzeits-schild-pfeil-handgemacht\/"},"modified":"2025-04-18T02:52:36","modified_gmt":"2025-04-18T00:52:36","slug":"hochzeits-schild-pfeil-handgemacht","status":"publish","type":"product","link":"https:\/\/www.regionalis.shop\/christinas-einzelstuecke\/shop\/hochzeits-schild-pfeil-handgemacht\/","title":{"rendered":"Hochzeits Schild Pfeil (handgemacht)"},"content":{"rendered":"<p>Dieses Holzschild aus gebeiztem Fichtenholz ist ein ganz besonderes einzelst\u00fcck. Das Schild ist die perfekte Deko f\u00fcr die Hochzeit. Ein kleiner Hingucker und Wegweiser f\u00fcr die G\u00e4ste. <\/p>\n<p>Das Schild ist ca 40&#215;11,5x1cm gro\u00df und hat eine Juteschnur zum Aufh\u00e4ngen. Die schwarze Schrift auf dem hellem Holz ist \/\/handgeschrieben\/\/. Dieses Schild gibt es auch mit der Aufschrift &#8222;Wedding&#8220; (siehe Shop).<\/p>\n<p>Da es sich um handgemachte Originale handelt, sind Abweichungen von den Bildern ganz normal. <\/p>\n<p>Du findest mich auch auf Instagram:<br \/>\n@christinas_einzelstuecke<\/p>\n","protected":false},"excerpt":{"rendered":"<p>Dieses Holzschild aus gebeiztem Fichtenholz ist ein ganz besonderes einzelst\u00fcck. Das Schild ist die perfekte Deko f\u00fcr die Hochzeit. Ein kleiner Hingucker und Wegweiser f\u00fcr die G\u00e4ste. Das Schild ist ca 40&#215;11,5x1cm gro\u00df und hat eine Juteschnur zum Aufh\u00e4ngen. Die schwarze Schrift auf dem hellem Holz ist \/\/handgeschrieben\/\/. Dieses Schild gibt es auch mit der &hellip; <a href=\"https:\/\/www.regionalis.shop\/christinas-einzelstuecke\/shop\/hochzeits-schild-pfeil-handgemacht\/\">Continued<\/a><\/p>\n","protected":false},"featured_media":1155,"template":"","meta":{"_acf_changed":false},"product_brand":[],"product_cat":[174,103],"product_tag":[],"class_list":{"0":"post-1154","1":"product","2":"type-product","3":"status-publish","4":"has-post-thumbnail","6":"product_cat-wohndekoration","7":"product_cat-wohnen-deko","9":"first","10":"instock","11":"purchasable","12":"product-type-simple"},"acf":[],"_links":{"self":[{"href":"https:\/\/www.regionalis.shop\/christinas-einzelstuecke\/wp-json\/wp\/v2\/product\/1154","targetHints":{"allow":["GET"]}}],"collection":[{"href":"https:\/\/www.regionalis.shop\/christinas-einzelstuecke\/wp-json\/wp\/v2\/product"}],"about":[{"href":"https:\/\/www.regionalis.shop\/christinas-einzelstuecke\/wp-json\/wp\/v2\/types\/product"}],"wp:featuredmedia":[{"embeddable":true,"href":"https:\/\/www.regionalis.shop\/christinas-einzelstuecke\/wp-json\/wp\/v2\/media\/1155"}],"wp:attachment":[{"href":"https:\/\/www.regionalis.shop\/christinas-einzelstuecke\/wp-json\/wp\/v2\/media?parent=1154"}],"wp:term":[{"taxonomy":"product_brand","embeddable":true,"href":"https:\/\/www.regionalis.shop\/christinas-einzelstuecke\/wp-json\/wp\/v2\/product_brand?post=1154"},{"taxonomy":"product_cat","embeddable":true,"href":"https:\/\/www.regionalis.shop\/christinas-einzelstuecke\/wp-json\/wp\/v2\/product_cat?post=1154"},{"taxonomy":"product_tag","embeddable":true,"href":"https:\/\/www.regionalis.shop\/christinas-einzelstuecke\/wp-json\/wp\/v2\/product_tag?post=1154"}],"curies":[{"name":"wp","href":"https:\/\/api.w.org\/{rel}","templated":true}]}}