{"id":1171,"date":"2025-04-18T01:50:06","date_gmt":"2025-04-17T23:50:06","guid":{"rendered":"https:\/\/www.regionalis.shop\/christinas-einzelstuecke\/product\/baby-monatskarten-zur-geburt-meilensteinkarten-rund-pdf-digitaler-download\/"},"modified":"2025-04-18T01:50:06","modified_gmt":"2025-04-17T23:50:06","slug":"baby-monatskarten-zur-geburt-meilensteinkarten-rund-pdf-digitaler-download","status":"publish","type":"product","link":"https:\/\/www.regionalis.shop\/christinas-einzelstuecke\/shop\/baby-monatskarten-zur-geburt-meilensteinkarten-rund-pdf-digitaler-download\/","title":{"rendered":"Baby-Monatskarten &#8211; zur Geburt Meilensteinkarten rund| PDF | digitaler Download"},"content":{"rendered":"<p>Diese von mir entworfenen Baby-Monatskarten eignen sich ideal um jeden Monat Fotos vom eigenen Baby zu machen, als Geschenk zur Geburt oder zur Babyparty. <\/p>\n<p>Die Karten sind hangeschrieben, digitalisiert und werden nach Zahlungseingang per E-Mail als PDF, zum selber Ausdrucken, verschickt. Die Datei kann mehrmals verwendet werden jedoch nur f\u00fcr den privaten Gebrauch. Das beste Ergebnis erh\u00e4lt man, wenn man in hoher Qualit\u00e4t auf dickes Papier druckt. (ab 160g\/m\u00b2) Nach dem Drucken brauchst du nur eine Schere um die Karten an der Markierung auszuschneiden.<\/p>\n<p>Durchmesser ca.10cm<br \/>\n15 St\u00fcck<br \/>\nEnth\u00e4lt: Hallo Welt!, 1 Woche alt, 2 Wochen alt, 1-12 Monate alt<\/p>\n<p>Du bekommst:<br \/>\n1  PDF mit den Karten (5 Seiten)<br \/>\n1 PDF mit Anleitung + Tipps zum Drucken<\/p>\n<p>Als Produktvariante kann man die Karten auch per Post bestellen. Diese werden dann von mir auf hochwertiges 300g\/m\u00b2 Papier (matt) gedruckt und  per Hand ausgeschnitten. Hier kommt ein Aufpreis dazu. (inkl. Versand) Der Versand betr\u00e4gt dann 3-5 Werktage.<\/p>\n<p>Aufgrund von verschiedenen Bildschirmdarstellungen kann es zu Abweichungen von den Fotos kommen. <\/p>\n<p>Digitale Artikel k\u00f6nnen nicht zur\u00fcckgegeben werden und werden daher auch nicht r\u00fcckerstattet.<\/p>\n<p>Gerne kannst du mich auf Instagram besuchen: @christinas_einzelstuecke<\/p>\n","protected":false},"excerpt":{"rendered":"<p>Diese von mir entworfenen Baby-Monatskarten eignen sich ideal um jeden Monat Fotos vom eigenen Baby zu machen, als Geschenk zur Geburt oder zur Babyparty. Die Karten sind hangeschrieben, digitalisiert und werden nach Zahlungseingang per E-Mail als PDF, zum selber Ausdrucken, verschickt. Die Datei kann mehrmals verwendet werden jedoch nur f\u00fcr den privaten Gebrauch. Das beste &hellip; <a href=\"https:\/\/www.regionalis.shop\/christinas-einzelstuecke\/shop\/baby-monatskarten-zur-geburt-meilensteinkarten-rund-pdf-digitaler-download\/\">Continued<\/a><\/p>\n","protected":false},"featured_media":1172,"template":"","meta":{"_acf_changed":false},"product_brand":[],"product_cat":[38,80],"product_tag":[],"class_list":{"0":"post-1171","1":"product","2":"type-product","3":"status-publish","4":"has-post-thumbnail","6":"product_cat-baby-kinder","7":"product_cat-sonstiges-baby-kinder","9":"first","10":"instock","11":"purchasable","12":"product-type-simple"},"acf":[],"_links":{"self":[{"href":"https:\/\/www.regionalis.shop\/christinas-einzelstuecke\/wp-json\/wp\/v2\/product\/1171","targetHints":{"allow":["GET"]}}],"collection":[{"href":"https:\/\/www.regionalis.shop\/christinas-einzelstuecke\/wp-json\/wp\/v2\/product"}],"about":[{"href":"https:\/\/www.regionalis.shop\/christinas-einzelstuecke\/wp-json\/wp\/v2\/types\/product"}],"wp:featuredmedia":[{"embeddable":true,"href":"https:\/\/www.regionalis.shop\/christinas-einzelstuecke\/wp-json\/wp\/v2\/media\/1172"}],"wp:attachment":[{"href":"https:\/\/www.regionalis.shop\/christinas-einzelstuecke\/wp-json\/wp\/v2\/media?parent=1171"}],"wp:term":[{"taxonomy":"product_brand","embeddable":true,"href":"https:\/\/www.regionalis.shop\/christinas-einzelstuecke\/wp-json\/wp\/v2\/product_brand?post=1171"},{"taxonomy":"product_cat","embeddable":true,"href":"https:\/\/www.regionalis.shop\/christinas-einzelstuecke\/wp-json\/wp\/v2\/product_cat?post=1171"},{"taxonomy":"product_tag","embeddable":true,"href":"https:\/\/www.regionalis.shop\/christinas-einzelstuecke\/wp-json\/wp\/v2\/product_tag?post=1171"}],"curies":[{"name":"wp","href":"https:\/\/api.w.org\/{rel}","templated":true}]}}