{"id":1176,"date":"2025-04-18T00:41:39","date_gmt":"2025-04-17T22:41:39","guid":{"rendered":"https:\/\/www.regionalis.shop\/christinas-einzelstuecke\/product\/gaestebuch-vogelhaeuschen-geschenk-zum-geburtstag-muttertag\/"},"modified":"2025-04-18T00:41:39","modified_gmt":"2025-04-17T22:41:39","slug":"gaestebuch-vogelhaeuschen-geschenk-zum-geburtstag-muttertag","status":"publish","type":"product","link":"https:\/\/www.regionalis.shop\/christinas-einzelstuecke\/shop\/gaestebuch-vogelhaeuschen-geschenk-zum-geburtstag-muttertag\/","title":{"rendered":"G\u00e4stebuch Vogelh\u00e4uschen | Geschenk zum Geburtstag | Muttertag"},"content":{"rendered":"<p>Dieses handgemachte G\u00e4stebuch ist von mir liebevoll entworfen und handbeschrieben. Perfekt f\u00fcr jedes G\u00e4stezimmer oder auch als G\u00e4stebuch auf einer Hochzeit. <\/p>\n<p>Es ist 30x30cm gro\u00df und hat wei\u00dfe Seiten. <\/p>\n<p>Abweichungen von Farben im Foto sind m\u00f6glich.<\/p>\n<p>Folge mir auf auf instagram:<br \/>\nchristinas_einzelstuecke<\/p>\n","protected":false},"excerpt":{"rendered":"<p>Dieses handgemachte G\u00e4stebuch ist von mir liebevoll entworfen und handbeschrieben. Perfekt f\u00fcr jedes G\u00e4stezimmer oder auch als G\u00e4stebuch auf einer Hochzeit. Es ist 30x30cm gro\u00df und hat wei\u00dfe Seiten. Abweichungen von Farben im Foto sind m\u00f6glich. Folge mir auf auf instagram: christinas_einzelstuecke<\/p>\n","protected":false},"featured_media":1177,"template":"","meta":{"_acf_changed":false},"product_brand":[],"product_cat":[54,81],"product_tag":[],"class_list":{"0":"post-1176","1":"product","2":"type-product","3":"status-publish","4":"has-post-thumbnail","6":"product_cat-kunst-fotografie","7":"product_cat-sonstiges-kunst-fotografie","9":"first","10":"instock","11":"purchasable","12":"product-type-simple"},"acf":[],"_links":{"self":[{"href":"https:\/\/www.regionalis.shop\/christinas-einzelstuecke\/wp-json\/wp\/v2\/product\/1176","targetHints":{"allow":["GET"]}}],"collection":[{"href":"https:\/\/www.regionalis.shop\/christinas-einzelstuecke\/wp-json\/wp\/v2\/product"}],"about":[{"href":"https:\/\/www.regionalis.shop\/christinas-einzelstuecke\/wp-json\/wp\/v2\/types\/product"}],"wp:featuredmedia":[{"embeddable":true,"href":"https:\/\/www.regionalis.shop\/christinas-einzelstuecke\/wp-json\/wp\/v2\/media\/1177"}],"wp:attachment":[{"href":"https:\/\/www.regionalis.shop\/christinas-einzelstuecke\/wp-json\/wp\/v2\/media?parent=1176"}],"wp:term":[{"taxonomy":"product_brand","embeddable":true,"href":"https:\/\/www.regionalis.shop\/christinas-einzelstuecke\/wp-json\/wp\/v2\/product_brand?post=1176"},{"taxonomy":"product_cat","embeddable":true,"href":"https:\/\/www.regionalis.shop\/christinas-einzelstuecke\/wp-json\/wp\/v2\/product_cat?post=1176"},{"taxonomy":"product_tag","embeddable":true,"href":"https:\/\/www.regionalis.shop\/christinas-einzelstuecke\/wp-json\/wp\/v2\/product_tag?post=1176"}],"curies":[{"name":"wp","href":"https:\/\/api.w.org\/{rel}","templated":true}]}}