{"id":1182,"date":"2025-04-18T00:41:39","date_gmt":"2025-04-17T22:41:39","guid":{"rendered":"https:\/\/www.regionalis.shop\/christinas-einzelstuecke\/product\/glueckwunschkarte-holz-handgemacht\/"},"modified":"2025-04-18T00:41:39","modified_gmt":"2025-04-17T22:41:39","slug":"glueckwunschkarte-holz-handgemacht","status":"publish","type":"product","link":"https:\/\/www.regionalis.shop\/christinas-einzelstuecke\/shop\/glueckwunschkarte-holz-handgemacht\/","title":{"rendered":"Gl\u00fcckwunschkarte Holz (handgemacht)"},"content":{"rendered":"<p>Diese besondere Gl\u00fcckwunschkarte wurde von mir entworfen und handgeschrieben. (Kein Druck, keine Plotter) Der Schriftzug &#8222;Gl\u00fcckwunsch&#8220; ist auf eine d\u00fcnne Holzplatte geschrieben, die auf eine A6 Kraftpapier-Karte angebracht ist. Die Karte hat ein wei\u00dfes Einlageblatt und wird mit einem passenden Kuvert geliefert.<\/p>\n<p>Abweichungen vom Bild sind ganz normal, da es sich um Handarbeit mit Holz handelt. <\/p>\n<p>Gerne kannst du mir auch auf Instagram folgen:<br \/>\nchristinas_einzelstuecke<\/p>\n","protected":false},"excerpt":{"rendered":"<p>Diese besondere Gl\u00fcckwunschkarte wurde von mir entworfen und handgeschrieben. (Kein Druck, keine Plotter) Der Schriftzug &#8222;Gl\u00fcckwunsch&#8220; ist auf eine d\u00fcnne Holzplatte geschrieben, die auf eine A6 Kraftpapier-Karte angebracht ist. Die Karte hat ein wei\u00dfes Einlageblatt und wird mit einem passenden Kuvert geliefert. Abweichungen vom Bild sind ganz normal, da es sich um Handarbeit mit Holz &hellip; <a href=\"https:\/\/www.regionalis.shop\/christinas-einzelstuecke\/shop\/glueckwunschkarte-holz-handgemacht\/\">Continued<\/a><\/p>\n","protected":false},"featured_media":1183,"template":"","meta":{"_acf_changed":false},"product_brand":[],"product_cat":[134,62],"product_tag":[],"class_list":{"0":"post-1182","1":"product","2":"type-product","3":"status-publish","4":"has-post-thumbnail","6":"product_cat-geschenk-gruskarten","7":"product_cat-papeterie-schreibwaren","9":"first","10":"instock","11":"purchasable","12":"product-type-simple"},"acf":[],"_links":{"self":[{"href":"https:\/\/www.regionalis.shop\/christinas-einzelstuecke\/wp-json\/wp\/v2\/product\/1182","targetHints":{"allow":["GET"]}}],"collection":[{"href":"https:\/\/www.regionalis.shop\/christinas-einzelstuecke\/wp-json\/wp\/v2\/product"}],"about":[{"href":"https:\/\/www.regionalis.shop\/christinas-einzelstuecke\/wp-json\/wp\/v2\/types\/product"}],"wp:featuredmedia":[{"embeddable":true,"href":"https:\/\/www.regionalis.shop\/christinas-einzelstuecke\/wp-json\/wp\/v2\/media\/1183"}],"wp:attachment":[{"href":"https:\/\/www.regionalis.shop\/christinas-einzelstuecke\/wp-json\/wp\/v2\/media?parent=1182"}],"wp:term":[{"taxonomy":"product_brand","embeddable":true,"href":"https:\/\/www.regionalis.shop\/christinas-einzelstuecke\/wp-json\/wp\/v2\/product_brand?post=1182"},{"taxonomy":"product_cat","embeddable":true,"href":"https:\/\/www.regionalis.shop\/christinas-einzelstuecke\/wp-json\/wp\/v2\/product_cat?post=1182"},{"taxonomy":"product_tag","embeddable":true,"href":"https:\/\/www.regionalis.shop\/christinas-einzelstuecke\/wp-json\/wp\/v2\/product_tag?post=1182"}],"curies":[{"name":"wp","href":"https:\/\/api.w.org\/{rel}","templated":true}]}}