{"id":1194,"date":"2025-04-17T23:11:46","date_gmt":"2025-04-17T21:11:46","guid":{"rendered":"https:\/\/www.regionalis.shop\/christinas-einzelstuecke\/product\/babykarte-rehlein-handgemacht-zur-geburt\/"},"modified":"2025-04-17T23:11:46","modified_gmt":"2025-04-17T21:11:46","slug":"babykarte-rehlein-handgemacht-zur-geburt","status":"publish","type":"product","link":"https:\/\/www.regionalis.shop\/christinas-einzelstuecke\/shop\/babykarte-rehlein-handgemacht-zur-geburt\/","title":{"rendered":"Babykarte &#8211; Rehlein (handgemacht) &#8211; zur Geburt"},"content":{"rendered":"<p>Diese Babykarte ist ein von mir, mit viel Liebe erdachtes, entworfenes und \/\/handgemachtes Original\/\/. Der Schriftzug, Herzlichen Gl\u00fcckwunsch zur Geburt, ist standardm\u00e4\u00dfig auf der Karte. Das Rehlein ist gezeichnet und mit rosa Details verziert. Gerade die Geburt eines Kindes ist ein besonderer Anlass. Hier eignet sich dieses einzelst\u00fcck ideal um den neuen Eltern eine Freude zu machen. <\/p>\n<p>Die Klappkarte ist A6 aus 300g\/m\u00b2 Aquarell-Papier und wird mit einem farblich passendem Kuvert C6 geliefert. <\/p>\n<p>Da es sich um handgemachte Originale handelt, sind Abweichungen von den Bildern ganz normal. <\/p>\n<p>Folge mir auf Instagram:<br \/>\nchristinas_einzelstuecke<\/p>\n","protected":false},"excerpt":{"rendered":"<p>Diese Babykarte ist ein von mir, mit viel Liebe erdachtes, entworfenes und \/\/handgemachtes Original\/\/. Der Schriftzug, Herzlichen Gl\u00fcckwunsch zur Geburt, ist standardm\u00e4\u00dfig auf der Karte. Das Rehlein ist gezeichnet und mit rosa Details verziert. Gerade die Geburt eines Kindes ist ein besonderer Anlass. Hier eignet sich dieses einzelst\u00fcck ideal um den neuen Eltern eine Freude &hellip; <a href=\"https:\/\/www.regionalis.shop\/christinas-einzelstuecke\/shop\/babykarte-rehlein-handgemacht-zur-geburt\/\">Continued<\/a><\/p>\n","protected":false},"featured_media":1195,"template":"","meta":{"_acf_changed":false},"product_brand":[],"product_cat":[134,62],"product_tag":[],"class_list":{"0":"post-1194","1":"product","2":"type-product","3":"status-publish","4":"has-post-thumbnail","6":"product_cat-geschenk-gruskarten","7":"product_cat-papeterie-schreibwaren","9":"first","10":"instock","11":"purchasable","12":"product-type-simple"},"acf":[],"_links":{"self":[{"href":"https:\/\/www.regionalis.shop\/christinas-einzelstuecke\/wp-json\/wp\/v2\/product\/1194","targetHints":{"allow":["GET"]}}],"collection":[{"href":"https:\/\/www.regionalis.shop\/christinas-einzelstuecke\/wp-json\/wp\/v2\/product"}],"about":[{"href":"https:\/\/www.regionalis.shop\/christinas-einzelstuecke\/wp-json\/wp\/v2\/types\/product"}],"wp:featuredmedia":[{"embeddable":true,"href":"https:\/\/www.regionalis.shop\/christinas-einzelstuecke\/wp-json\/wp\/v2\/media\/1195"}],"wp:attachment":[{"href":"https:\/\/www.regionalis.shop\/christinas-einzelstuecke\/wp-json\/wp\/v2\/media?parent=1194"}],"wp:term":[{"taxonomy":"product_brand","embeddable":true,"href":"https:\/\/www.regionalis.shop\/christinas-einzelstuecke\/wp-json\/wp\/v2\/product_brand?post=1194"},{"taxonomy":"product_cat","embeddable":true,"href":"https:\/\/www.regionalis.shop\/christinas-einzelstuecke\/wp-json\/wp\/v2\/product_cat?post=1194"},{"taxonomy":"product_tag","embeddable":true,"href":"https:\/\/www.regionalis.shop\/christinas-einzelstuecke\/wp-json\/wp\/v2\/product_tag?post=1194"}],"curies":[{"name":"wp","href":"https:\/\/api.w.org\/{rel}","templated":true}]}}